{"id":1805835,"date":"2025-03-28T16:06:04","date_gmt":"2025-03-28T14:06:04","guid":{"rendered":"https:\/\/liquidmaster.pl\/kovax-buflex-dry-k2500-130x170mm\/"},"modified":"2026-04-18T04:36:08","modified_gmt":"2026-04-18T02:36:08","slug":"kovax-buflex-dry-k2500-130x170mm","status":"publish","type":"product","link":"https:\/\/liquidmaster.pl\/en\/kovax-buflex-dry-k2500-130x170mm\/","title":{"rendered":"Kovax Buflex Dry K2500 130x170mm"},"content":{"rendered":"<p>Extremely flexible, innovative latex coating with a unique grain structure ensures extremely uniform grinding. Specially developed Velcro ensures process safety and prevents scratches caused by the hardness of Velcro. Buflex does not change the structure of the paint. Designed for dry grinding, it allows for better control, safety and cleanliness of work. Recommended for use with an orbital sander with a 5 mm stroke.<\/p>\n<p>Gradation K2500, 130\u00d7170 mm<\/p>\n<p>CHARACTERISTICS<\/p>\n<ul>\n<li>Reduces polishing time due to fast but uniform cutting<\/li>\n<li>Even finish thanks to the use of state-of-the-art &quot;Roller Coating&quot; technology, the abrasive grains are distributed as evenly as possible. The unique Buflex system features 95% grain described on the carrier, which prevents it from leaving an uneven, aggressive scratch<\/li>\n<li>Unique availability on the market both on a disc and on a flexible ribbon. In the form of a disc, it is intended for mechanical processing, and in the form of a ribbon, for manual processing<\/li>\n<li>Dry grinding without clogging<\/li>\n<li>Abrasive on a latex base<\/li>\n<li>The latex carrier does not have a sharp edge<\/li>\n<\/ul>\n<p>Quantity: 1 pc.<\/p>","protected":false},"excerpt":{"rendered":"<p>Niezwykle elastyczna, innowacyjna lateksowa pow\u0142oka o unikalnej strukturze ziaren zapewnia ekstremalnie jednolite szlifowanie. Specjalnie opracowany rzep zapewnia bezpiecze\u0144stwo procesu i zapobiega zarysowaniom spowodowanym twardo\u015bci\u0105 rzepu. Buflex nie zmienia struktury lakieru. Przeznaczony do szlifowania na sucho, pozwala na lepsz\u0105 kontrol\u0119, bezpiecze\u0144stwo i czysto\u015b\u0107 pracy. Rekomendowane do pracy ze szlifierk\u0105 oscylacyjn\u0105 ze skokiem 5 mm. Gradacja K2500,&hellip;&nbsp;<a href=\"https:\/\/liquidmaster.pl\/en\/kovax-buflex-dry-k2500-130x170mm\/\" rel=\"bookmark\">Read More \u00bb<span class=\"screen-reader-text\">Kovax Buflex Dry K2500 130x170mm<\/span><\/a><\/p>","protected":false},"featured_media":1848502,"comment_status":"open","ping_status":"open","template":"","meta":{"neve_meta_sidebar":"","neve_meta_container":"","neve_meta_enable_content_width":"","neve_meta_content_width":0,"neve_meta_title_alignment":"","neve_meta_author_avatar":"","neve_post_elements_order":"","neve_meta_disable_header":"","neve_meta_disable_footer":"","neve_meta_disable_title":"","_themeisle_gutenberg_block_has_review":false},"product_brand":[],"product_cat":[876,748,874],"product_tag":[314],"class_list":{"0":"post-1805835","1":"product","2":"type-product","3":"status-publish","4":"has-post-thumbnail","6":"product_cat-papiery","7":"product_cat-polerowanie","8":"product_cat-wet-sanding","9":"product_tag-kovax","11":"first","12":"instock","13":"taxable","14":"shipping-taxable","15":"purchasable","16":"product-type-simple"},"_links":{"self":[{"href":"https:\/\/liquidmaster.pl\/en\/wp-json\/wp\/v2\/product\/1805835","targetHints":{"allow":["GET"]}}],"collection":[{"href":"https:\/\/liquidmaster.pl\/en\/wp-json\/wp\/v2\/product"}],"about":[{"href":"https:\/\/liquidmaster.pl\/en\/wp-json\/wp\/v2\/types\/product"}],"replies":[{"embeddable":true,"href":"https:\/\/liquidmaster.pl\/en\/wp-json\/wp\/v2\/comments?post=1805835"}],"wp:featuredmedia":[{"embeddable":true,"href":"https:\/\/liquidmaster.pl\/en\/wp-json\/wp\/v2\/media\/1848502"}],"wp:attachment":[{"href":"https:\/\/liquidmaster.pl\/en\/wp-json\/wp\/v2\/media?parent=1805835"}],"wp:term":[{"taxonomy":"product_brand","embeddable":true,"href":"https:\/\/liquidmaster.pl\/en\/wp-json\/wp\/v2\/product_brand?post=1805835"},{"taxonomy":"product_cat","embeddable":true,"href":"https:\/\/liquidmaster.pl\/en\/wp-json\/wp\/v2\/product_cat?post=1805835"},{"taxonomy":"product_tag","embeddable":true,"href":"https:\/\/liquidmaster.pl\/en\/wp-json\/wp\/v2\/product_tag?post=1805835"}],"curies":[{"name":"wp","href":"https:\/\/api.w.org\/{rel}","templated":true}]}}