{"id":1805829,"date":"2025-03-28T16:06:04","date_gmt":"2025-03-28T14:06:04","guid":{"rendered":"https:\/\/liquidmaster.pl\/marolex-axel-alka-line-7-pianownica\/"},"modified":"2026-04-19T03:13:32","modified_gmt":"2026-04-19T01:13:32","slug":"marolex-axel-alka-line-7-pianownica","status":"publish","type":"product","link":"https:\/\/liquidmaster.pl\/en\/marolex-axel-alka-line-7-pianownica\/","title":{"rendered":"MAROLEX Axel Alka line 7 \u2013 foaming device"},"content":{"rendered":"<p>AXEL-Foamer is a device with a capacity of 7 liters intended for applying foaming agents. It is characterized by the highest quality of workmanship and is probably one of the best devices of this type in the world. The ability to change the foam density through replaceable foam inserts makes this product unrivaled in terms of its range of applications.<\/p>\n<p>Technical data:<\/p>\n<ul>\n<li>Total capacity: 7.83 l<\/li>\n<li>Working capacity: 7.00 l<\/li>\n<li>Pressure: 0.4MPa<\/li>\n<\/ul>","protected":false},"excerpt":{"rendered":"<p>AXEL-Foamer to urz\u0105dzenie o pojemno\u015bci 7l przeznaczone do nanoszenia \u015brodk\u00f3w pianotw\u00f3rczych. Charakteryzuj\u0105ce si\u0119 najwy\u017csz\u0105 jako\u015bci\u0105 wykonania i prawdopodobnie jest\u00a0 jednym z najlepszych tego typu urz\u0105dze\u0144 na \u015bwiecie. Mo\u017cliwo\u015b\u0107 zmiany g\u0119sto\u015bci piany poprzez wymienne wk\u0142adki pieni\u0105ce czyni ten produkt niezr\u00f3wnanym pod wzgl\u0119dem zakresu zastosowa\u0144. Dane techniczne: Pojemno\u015b\u0107 ca\u0142kowita: 7,83 l Pojemno\u015b\u0107 robocza: 7,00 l Ci\u015bnienie: 0,4&hellip;&nbsp;<a href=\"https:\/\/liquidmaster.pl\/en\/marolex-axel-alka-line-7-pianownica\/\" rel=\"bookmark\">Read More \u00bb<span class=\"screen-reader-text\">MAROLEX Axel Alka line 7 \u2013 foaming device<\/span><\/a><\/p>","protected":false},"featured_media":1847556,"comment_status":"open","ping_status":"open","template":"","meta":{"neve_meta_sidebar":"","neve_meta_container":"","neve_meta_enable_content_width":"","neve_meta_content_width":0,"neve_meta_title_alignment":"","neve_meta_author_avatar":"","neve_post_elements_order":"","neve_meta_disable_header":"","neve_meta_disable_footer":"","neve_meta_disable_title":"","_themeisle_gutenberg_block_has_review":false},"product_brand":[],"product_cat":[734,733,753],"product_tag":[319],"class_list":{"0":"post-1805829","1":"product","2":"type-product","3":"status-publish","4":"has-post-thumbnail","6":"product_cat-mycie-i-osuszanie","7":"product_cat-na-zewnatrz","8":"product_cat-piany-aktywne-i-pianownice","9":"product_tag-marolex","11":"first","12":"instock","13":"taxable","14":"shipping-taxable","15":"purchasable","16":"product-type-simple"},"_links":{"self":[{"href":"https:\/\/liquidmaster.pl\/en\/wp-json\/wp\/v2\/product\/1805829","targetHints":{"allow":["GET"]}}],"collection":[{"href":"https:\/\/liquidmaster.pl\/en\/wp-json\/wp\/v2\/product"}],"about":[{"href":"https:\/\/liquidmaster.pl\/en\/wp-json\/wp\/v2\/types\/product"}],"replies":[{"embeddable":true,"href":"https:\/\/liquidmaster.pl\/en\/wp-json\/wp\/v2\/comments?post=1805829"}],"wp:featuredmedia":[{"embeddable":true,"href":"https:\/\/liquidmaster.pl\/en\/wp-json\/wp\/v2\/media\/1847556"}],"wp:attachment":[{"href":"https:\/\/liquidmaster.pl\/en\/wp-json\/wp\/v2\/media?parent=1805829"}],"wp:term":[{"taxonomy":"product_brand","embeddable":true,"href":"https:\/\/liquidmaster.pl\/en\/wp-json\/wp\/v2\/product_brand?post=1805829"},{"taxonomy":"product_cat","embeddable":true,"href":"https:\/\/liquidmaster.pl\/en\/wp-json\/wp\/v2\/product_cat?post=1805829"},{"taxonomy":"product_tag","embeddable":true,"href":"https:\/\/liquidmaster.pl\/en\/wp-json\/wp\/v2\/product_tag?post=1805829"}],"curies":[{"name":"wp","href":"https:\/\/api.w.org\/{rel}","templated":true}]}}