{"id":1805817,"date":"2025-03-28T16:04:26","date_gmt":"2025-03-28T14:04:26","guid":{"rendered":"https:\/\/liquidmaster.pl\/ultracoat-heavy-cut-250ml\/"},"modified":"2026-04-18T04:36:05","modified_gmt":"2026-04-18T02:36:05","slug":"ultracoat-heavy-cut-250ml","status":"publish","type":"product","link":"https:\/\/liquidmaster.pl\/en\/ultracoat-heavy-cut-250ml\/","title":{"rendered":"Ultracoat Heavy Cut 250ml"},"content":{"rendered":"<p>Heavy Cut is an innovative polishing paste with high cutting power. Perfect for deep scratches, faded paints and removing paint dust. The water-based recipe and aluminum oxide abrasive provide fantastic cutting properties while maintaining high working comfort. This allows for complete removal of the abrasive, while generating no dust and shortening the working time. The water base ensures easy and quick washing of the paste from the surface. The product does not contain fillers, silicones or waxes. Removes matting P1200-1500.<\/p>\n<p>Ultracoat Heavy Cut works well with hard and medium polishing sponges, microfiber pads and polishing fur. It is suitable for all types of polishing machines. Work is pleasant with a subtle, cherry scent.<\/p>\n<p>Tips:<\/p>\n<ul>\n<li>Shake before use. Use on a clean and cool surface.<\/li>\n<li>Apply 4-5 drops onto the polishing pad.<\/li>\n<li>Polish with moderate pressure until a paste is achieved.<\/li>\n<li>Work on elements approximately 50 x 50 cm in size.<\/li>\n<li>After polishing, remove any remaining polish with Ultracoat Finest Wipe.<\/li>\n<\/ul>","protected":false},"excerpt":{"rendered":"<p>Heavy Cut to innowacyjna pasta polerska o du\u017cej mocy ci\u0119cia. Idealna do g\u0142\u0119bokich zarysowa\u0144, wyblak\u0142ych lakier\u00f3w i usuwania zapylenia lakierniczego. Receptura na bazie wody oraz \u015bcierniwo na tlenku aluminium zapewniaj\u0105 fantastyczne w\u0142a\u015bciwo\u015bci tn\u0105ce przy zachowaniu du\u017cego komfortu pracy. Pozwala to na ca\u0142kowite wypracowanie \u015bcierniwa, a jednocze\u015bnie nie generuje py\u0142u i skraca czas pracy. Wodna baza&hellip;&nbsp;<a href=\"https:\/\/liquidmaster.pl\/en\/ultracoat-heavy-cut-250ml\/\" rel=\"bookmark\">Read More \u00bb<span class=\"screen-reader-text\">Ultracoat Heavy Cut 250ml<\/span><\/a><\/p>","protected":false},"featured_media":1848480,"comment_status":"open","ping_status":"open","template":"","meta":{"neve_meta_sidebar":"","neve_meta_container":"","neve_meta_enable_content_width":"","neve_meta_content_width":0,"neve_meta_title_alignment":"","neve_meta_author_avatar":"","neve_post_elements_order":"","neve_meta_disable_header":"","neve_meta_disable_footer":"","neve_meta_disable_title":"","_themeisle_gutenberg_block_has_review":false},"product_brand":[],"product_cat":[790,789,748],"product_tag":[372],"class_list":{"0":"post-1805817","1":"product","2":"type-product","3":"status-publish","4":"has-post-thumbnail","6":"product_cat-pasty-cuttingowe","7":"product_cat-pasty-polerskie","8":"product_cat-polerowanie","9":"product_tag-ultracoat","11":"first","12":"instock","13":"taxable","14":"shipping-taxable","15":"purchasable","16":"product-type-simple"},"_links":{"self":[{"href":"https:\/\/liquidmaster.pl\/en\/wp-json\/wp\/v2\/product\/1805817","targetHints":{"allow":["GET"]}}],"collection":[{"href":"https:\/\/liquidmaster.pl\/en\/wp-json\/wp\/v2\/product"}],"about":[{"href":"https:\/\/liquidmaster.pl\/en\/wp-json\/wp\/v2\/types\/product"}],"replies":[{"embeddable":true,"href":"https:\/\/liquidmaster.pl\/en\/wp-json\/wp\/v2\/comments?post=1805817"}],"wp:featuredmedia":[{"embeddable":true,"href":"https:\/\/liquidmaster.pl\/en\/wp-json\/wp\/v2\/media\/1848480"}],"wp:attachment":[{"href":"https:\/\/liquidmaster.pl\/en\/wp-json\/wp\/v2\/media?parent=1805817"}],"wp:term":[{"taxonomy":"product_brand","embeddable":true,"href":"https:\/\/liquidmaster.pl\/en\/wp-json\/wp\/v2\/product_brand?post=1805817"},{"taxonomy":"product_cat","embeddable":true,"href":"https:\/\/liquidmaster.pl\/en\/wp-json\/wp\/v2\/product_cat?post=1805817"},{"taxonomy":"product_tag","embeddable":true,"href":"https:\/\/liquidmaster.pl\/en\/wp-json\/wp\/v2\/product_tag?post=1805817"}],"curies":[{"name":"wp","href":"https:\/\/api.w.org\/{rel}","templated":true}]}}