{"id":1805809,"date":"2025-03-28T16:04:04","date_gmt":"2025-03-28T14:04:04","guid":{"rendered":"https:\/\/liquidmaster.pl\/ultracoat-fine-cut-1l\/"},"modified":"2026-04-18T04:36:04","modified_gmt":"2026-04-18T02:36:04","slug":"ultracoat-fine-cut-1l","status":"publish","type":"product","link":"https:\/\/liquidmaster.pl\/en\/ultracoat-fine-cut-1l\/","title":{"rendered":"Ultracoat Fine Cut 1L"},"content":{"rendered":"<p>Fine Cut is a finishing polishing paste for removing small scratches and holograms from paint surfaces. Perfect as the final stage of paint correction and for preparing new car paints before applying a protective coating. The water-based formula means that the paste does not generate much dust, which shortens the working time. The product does not contain fillers, silicones or waxes. This ensures easy and quick removal of the paste after polishing. Removes matting P3000.<\/p>\n<p>Ultracoat Fine Cut combined with a finishing polishing pad ensures a perfect surface finish and a spectacular shine. It is suitable for all types of polishing machines, but you will achieve the best results when using it with a Dual Action machine. Work is pleasant with a subtle, fruity scent.<\/p>\n<p>Tips:<\/p>\n<ul>\n<li>Shake before use.<\/li>\n<li>Use on a clean and cool surface.<\/li>\n<li>Apply 4-5 drops onto the polishing pad.<\/li>\n<li>Polish with moderate pressure until a paste is achieved.<\/li>\n<li>Work on elements approximately 50 x 50 cm in size.<\/li>\n<li>After polishing, remove any remaining polish with Ultracoat Finest Wipe.<\/li>\n<\/ul>","protected":false},"excerpt":{"rendered":"<p>Fine Cut to wyko\u0144czeniowa pasta polerska do usuwania drobnych zarysowa\u0144 oraz hologram\u00f3w z powierzchni lakierniczej. Idealna jako ko\u0144cowy etap korekty lakieru oraz do przygotowania lakier\u00f3w nowych samochod\u00f3w przed na\u0142o\u017ceniem pow\u0142oki ochronnej. Formu\u0142a na bazie wody sprawia, \u017ce pasta nie generuje du\u017co py\u0142u co skraca czas pracy. Produkt nie zawiera wype\u0142niaczy, silikon\u00f3w ani wosk\u00f3w. Zapewnia to&hellip;&nbsp;<a href=\"https:\/\/liquidmaster.pl\/en\/ultracoat-fine-cut-1l\/\" rel=\"bookmark\">Read More \u00bb<span class=\"screen-reader-text\">Ultracoat Fine Cut 1L<\/span><\/a><\/p>","protected":false},"featured_media":1848467,"comment_status":"open","ping_status":"open","template":"","meta":{"neve_meta_sidebar":"","neve_meta_container":"","neve_meta_enable_content_width":"","neve_meta_content_width":0,"neve_meta_title_alignment":"","neve_meta_author_avatar":"","neve_post_elements_order":"","neve_meta_disable_header":"","neve_meta_disable_footer":"","neve_meta_disable_title":"","_themeisle_gutenberg_block_has_review":false},"product_brand":[],"product_cat":[789,791,748],"product_tag":[372],"class_list":{"0":"post-1805809","1":"product","2":"type-product","3":"status-publish","4":"has-post-thumbnail","6":"product_cat-pasty-polerskie","7":"product_cat-pasty-polishowe","8":"product_cat-polerowanie","9":"product_tag-ultracoat","11":"first","12":"instock","13":"taxable","14":"shipping-taxable","15":"purchasable","16":"product-type-simple"},"_links":{"self":[{"href":"https:\/\/liquidmaster.pl\/en\/wp-json\/wp\/v2\/product\/1805809","targetHints":{"allow":["GET"]}}],"collection":[{"href":"https:\/\/liquidmaster.pl\/en\/wp-json\/wp\/v2\/product"}],"about":[{"href":"https:\/\/liquidmaster.pl\/en\/wp-json\/wp\/v2\/types\/product"}],"replies":[{"embeddable":true,"href":"https:\/\/liquidmaster.pl\/en\/wp-json\/wp\/v2\/comments?post=1805809"}],"wp:featuredmedia":[{"embeddable":true,"href":"https:\/\/liquidmaster.pl\/en\/wp-json\/wp\/v2\/media\/1848467"}],"wp:attachment":[{"href":"https:\/\/liquidmaster.pl\/en\/wp-json\/wp\/v2\/media?parent=1805809"}],"wp:term":[{"taxonomy":"product_brand","embeddable":true,"href":"https:\/\/liquidmaster.pl\/en\/wp-json\/wp\/v2\/product_brand?post=1805809"},{"taxonomy":"product_cat","embeddable":true,"href":"https:\/\/liquidmaster.pl\/en\/wp-json\/wp\/v2\/product_cat?post=1805809"},{"taxonomy":"product_tag","embeddable":true,"href":"https:\/\/liquidmaster.pl\/en\/wp-json\/wp\/v2\/product_tag?post=1805809"}],"curies":[{"name":"wp","href":"https:\/\/api.w.org\/{rel}","templated":true}]}}