{"id":1805803,"date":"2025-03-28T16:04:04","date_gmt":"2025-03-28T14:04:04","guid":{"rendered":"https:\/\/liquidmaster.pl\/ultracoat-purple-blaze-microfibre-2-pack-uniwersalna-sciereczka-z-mikrofibry\/"},"modified":"2026-04-19T03:23:10","modified_gmt":"2026-04-19T01:23:10","slug":"ultracoat-purple-blaze-microfibre-2-pack-uniwersalna-sciereczka-z-mikrofibry","status":"publish","type":"product","link":"https:\/\/liquidmaster.pl\/en\/ultracoat-purple-blaze-microfibre-2-pack-uniwersalna-sciereczka-z-mikrofibry\/","title":{"rendered":"Ultracoat Purple Blaze Microfibre 2-pack \u2013 universal microfiber cloth"},"content":{"rendered":"<p>Ultracoat Purple Blaze \u2013 is an edgeless microfiber with closed bristles for use when degreasing surfaces, cleaning windows and removing wax and polishing paste residues. Made of the highest quality Korean microfiber with a high polyamide content, which ensures high comfort of work and full safety for the treated surface.<\/p>\n<p>Properties:<\/p>\n<ul>\n<li>Dimensions: 40 x 40 cm<\/li>\n<li>Weight: 320 gsm<\/li>\n<li>Composition: 70% polyester \/ 30% polyamide<\/li>\n<li>2-pack<\/li>\n<\/ul>\n<p>Do not bleach or use fabric softener. Washing at high temperatures above 60\u2103 may deform or damage the fabric.<\/p>","protected":false},"excerpt":{"rendered":"<p>Ultracoat Purple Blaze \u2013 to bezkraw\u0119dziowa mikrofibra o zamkni\u0119tym w\u0142osiu do zastosowania podczas odt\u0142uszczania powierzchni, mycia szyb oraz docierania pozosta\u0142o\u015bci wosk\u00f3w i past polerskich. Wykonana z najwy\u017cszej jako\u015bci korea\u0144skiej mikrofibry o wysokiej zawarto\u015bci poliamidu, co zapewnia wysoki komfort pracy oraz pe\u0142ne bezpiecze\u0144stwo dla piel\u0119gnowanej powierzchni. W\u0142a\u015bciwo\u015bci: Wymiary: 40 x 40 cm Gramatura: 320 gsm Sk\u0142ad:&hellip;&nbsp;<a href=\"https:\/\/liquidmaster.pl\/en\/ultracoat-purple-blaze-microfibre-2-pack-uniwersalna-sciereczka-z-mikrofibry\/\" rel=\"bookmark\">Read More \u00bb<span class=\"screen-reader-text\">Ultracoat Purple Blaze Microfibre 2-pack \u2013 universal microfiber cloth<\/span><\/a><\/p>","protected":false},"featured_media":1848458,"comment_status":"open","ping_status":"open","template":"","meta":{"neve_meta_sidebar":"","neve_meta_container":"","neve_meta_enable_content_width":"","neve_meta_content_width":0,"neve_meta_title_alignment":"","neve_meta_author_avatar":"","neve_post_elements_order":"","neve_meta_disable_header":"","neve_meta_disable_footer":"","neve_meta_disable_title":"","_themeisle_gutenberg_block_has_review":false},"product_brand":[],"product_cat":[757,758,798],"product_tag":[372],"class_list":{"0":"post-1805803","1":"product","2":"type-product","3":"status-publish","4":"has-post-thumbnail","6":"product_cat-akcesoria","7":"product_cat-mikrofibry-i-reczniki","8":"product_cat-uniwersalne","9":"product_tag-ultracoat","11":"first","12":"instock","13":"taxable","14":"shipping-taxable","15":"purchasable","16":"product-type-simple"},"_links":{"self":[{"href":"https:\/\/liquidmaster.pl\/en\/wp-json\/wp\/v2\/product\/1805803","targetHints":{"allow":["GET"]}}],"collection":[{"href":"https:\/\/liquidmaster.pl\/en\/wp-json\/wp\/v2\/product"}],"about":[{"href":"https:\/\/liquidmaster.pl\/en\/wp-json\/wp\/v2\/types\/product"}],"replies":[{"embeddable":true,"href":"https:\/\/liquidmaster.pl\/en\/wp-json\/wp\/v2\/comments?post=1805803"}],"wp:featuredmedia":[{"embeddable":true,"href":"https:\/\/liquidmaster.pl\/en\/wp-json\/wp\/v2\/media\/1848458"}],"wp:attachment":[{"href":"https:\/\/liquidmaster.pl\/en\/wp-json\/wp\/v2\/media?parent=1805803"}],"wp:term":[{"taxonomy":"product_brand","embeddable":true,"href":"https:\/\/liquidmaster.pl\/en\/wp-json\/wp\/v2\/product_brand?post=1805803"},{"taxonomy":"product_cat","embeddable":true,"href":"https:\/\/liquidmaster.pl\/en\/wp-json\/wp\/v2\/product_cat?post=1805803"},{"taxonomy":"product_tag","embeddable":true,"href":"https:\/\/liquidmaster.pl\/en\/wp-json\/wp\/v2\/product_tag?post=1805803"}],"curies":[{"name":"wp","href":"https:\/\/api.w.org\/{rel}","templated":true}]}}