{"id":1805799,"date":"2025-03-28T16:02:49","date_gmt":"2025-03-28T14:02:49","guid":{"rendered":"https:\/\/liquidmaster.pl\/ultracoat-bubble-shock-5l-szampon-do-powlok-ceramicznych\/"},"modified":"2026-04-20T08:15:34","modified_gmt":"2026-04-20T06:15:34","slug":"ultracoat-bubble-shock-5l-szampon-do-powlok-ceramicznych","status":"publish","type":"product","link":"https:\/\/liquidmaster.pl\/en\/ultracoat-bubble-shock-5l-szampon-do-powlok-ceramicznych\/","title":{"rendered":"Ultracoat Bubble Shock 5L \u2013 shampoo for ceramic coatings"},"content":{"rendered":"<p>Ultracoat Bubble Shock \u2013 a shampoo for the care of surfaces protected with ceramic coatings. It has an acidic pH, which is ideal for regular care and coating services. Effectively separates dirt from the surface, restoring the original properties of protective coatings.<\/p>\n<p>We have balanced the strength of the product to maintain safety for ceramic coatings and at the same time significantly improve the removal of mineral deposits from the surface. Bubble Shock in high concentration can also be used as a Water Spot Remover product.<\/p>\n<p>The product can be used both for traditional two-bucket washing, but also as a prewash by applying it with active foam.<\/p>\n<p>The shampoo is characterized by great efficiency. Even a small amount of it provides a large amount of thick foam, which provides high slip during washing, which has a positive effect on work safety. The shampoo works efficiently and rinsing out is quick and hassle-free. Work is made more pleasant by the sweet and sour scent of Sicilian orange.<\/p>\n<p>dilution:<\/p>\n<ul>\n<li>1:4 for removing limescale deposits<\/li>\n<li>1:9 for use with a foam gun as active foam<\/li>\n<li>1:200 for servicing ceramic coatings<\/li>\n<li>1:500 for regular cleaning<\/li>\n<\/ul>\n<p>Usage:<\/p>\n<li>\u00a0\u00a0\u00a0 Rinse the car with water under pressure.<\/li>\n<li>\u00a0\u00a0\u00a0 Prepare a working solution.<\/li>\n<li>\u00a0\u00a0\u00a0 Wash the car from top to bottom using a glove.<\/li>\n<li>\u00a0\u00a0\u00a0 Rinse thoroughly with water under pressure.<\/li>\n<p>Tips:<\/p>\n<p>Always use personal protective equipment. Do not work in direct sunlight. Do not allow the product to dry on the surface. When removing water spots, apply the product to the surface, work with the applicator and after a few minutes remove it with Ultracoat Finest Wipe.<\/p>\n<p>Capacity: 5L<\/p>","protected":false},"excerpt":{"rendered":"<p>Ultracoat Bubble Shock \u2013 to szampon do piel\u0119gnacji powierzchni zabezpieczonych pow\u0142okami ceramicznymi. Posiada pH o kwa\u015bnym odczynie, co idealnie sprawdza si\u0119 podczas regularnej piel\u0119gnacji oraz serwis\u00f3w pow\u0142ok. Skutecznie separuje zabrudzenia z powierzchni, przywracaj\u0105c pierwotne w\u0142a\u015bciwo\u015bci pow\u0142ok ochronnych. Moc produktu zbalansowali\u015bmy tak, aby zachowa\u0107 bezpiecze\u0144stwo dla pow\u0142ok ceramicznych, a jednocze\u015bnie znacz\u0105co usprawni\u0107 usuwanie osad\u00f3w mineralnych z&hellip;&nbsp;<a href=\"https:\/\/liquidmaster.pl\/en\/ultracoat-bubble-shock-5l-szampon-do-powlok-ceramicznych\/\" rel=\"bookmark\">Read More \u00bb<span class=\"screen-reader-text\">Ultracoat Bubble Shock 5L \u2013 shampoo for ceramic coatings<\/span><\/a><\/p>","protected":false},"featured_media":1848454,"comment_status":"open","ping_status":"open","template":"","meta":{"neve_meta_sidebar":"","neve_meta_container":"","neve_meta_enable_content_width":"","neve_meta_content_width":0,"neve_meta_title_alignment":"","neve_meta_author_avatar":"","neve_post_elements_order":"","neve_meta_disable_header":"","neve_meta_disable_footer":"","neve_meta_disable_title":"","_themeisle_gutenberg_block_has_review":false},"product_brand":[],"product_cat":[734,733,740],"product_tag":[372],"class_list":{"0":"post-1805799","1":"product","2":"type-product","3":"status-publish","4":"has-post-thumbnail","6":"product_cat-mycie-i-osuszanie","7":"product_cat-na-zewnatrz","8":"product_cat-szampony-mycie-i-osuszanie","9":"product_tag-ultracoat","11":"first","12":"instock","13":"taxable","14":"shipping-taxable","15":"purchasable","16":"product-type-simple"},"_links":{"self":[{"href":"https:\/\/liquidmaster.pl\/en\/wp-json\/wp\/v2\/product\/1805799","targetHints":{"allow":["GET"]}}],"collection":[{"href":"https:\/\/liquidmaster.pl\/en\/wp-json\/wp\/v2\/product"}],"about":[{"href":"https:\/\/liquidmaster.pl\/en\/wp-json\/wp\/v2\/types\/product"}],"replies":[{"embeddable":true,"href":"https:\/\/liquidmaster.pl\/en\/wp-json\/wp\/v2\/comments?post=1805799"}],"wp:featuredmedia":[{"embeddable":true,"href":"https:\/\/liquidmaster.pl\/en\/wp-json\/wp\/v2\/media\/1848454"}],"wp:attachment":[{"href":"https:\/\/liquidmaster.pl\/en\/wp-json\/wp\/v2\/media?parent=1805799"}],"wp:term":[{"taxonomy":"product_brand","embeddable":true,"href":"https:\/\/liquidmaster.pl\/en\/wp-json\/wp\/v2\/product_brand?post=1805799"},{"taxonomy":"product_cat","embeddable":true,"href":"https:\/\/liquidmaster.pl\/en\/wp-json\/wp\/v2\/product_cat?post=1805799"},{"taxonomy":"product_tag","embeddable":true,"href":"https:\/\/liquidmaster.pl\/en\/wp-json\/wp\/v2\/product_tag?post=1805799"}],"curies":[{"name":"wp","href":"https:\/\/api.w.org\/{rel}","templated":true}]}}