{"id":1805791,"date":"2025-03-28T16:02:27","date_gmt":"2025-03-28T14:02:27","guid":{"rendered":"https:\/\/liquidmaster.pl\/soft99-glaco-deicer-spray-450-ml-odmrazacz-do-szyb-i-niewidzialna-wycieraczka\/"},"modified":"2026-04-20T08:15:32","modified_gmt":"2026-04-20T06:15:32","slug":"soft99-glaco-deicer-spray-450-ml-odmrazacz-do-szyb-i-niewidzialna-wycieraczka","status":"publish","type":"product","link":"https:\/\/liquidmaster.pl\/en\/soft99-glaco-deicer-spray-450-ml-odmrazacz-do-szyb-i-niewidzialna-wycieraczka\/","title":{"rendered":"Soft99 Glaco Deicer Spray 450 ml \u2013 window defroster and invisible wiper"},"content":{"rendered":"<p>Soft99 Glaco Deicer Spray \u2013 quickly melts frost and ice, increases hydrophobicity and prevents re-freezing.<\/p>\n<p>Usage:<\/p>\n<li>Shake well and spray the frozen glass from a distance of about 20 cm.<\/li>\n<li>Once the ice has melted, wipe it off with a clean, dry towel or turn on the wipers.<\/li>\n<p>Capacity: 450 ml<\/p>","protected":false},"excerpt":{"rendered":"<p>Soft99 Glaco Deicer Spray \u2013 szybko roztapia szron i l\u00f3d, wzmacnia hydrofobowo\u015b\u0107 i zapobiega ponownemu zamarzaniu. Spos\u00f3b u\u017cycia: Dobrze wstrz\u0105\u015bnij i spryskaj zamarzni\u0119te szk\u0142o z odleg\u0142o\u015bci oko\u0142o 20 cm. Gdy l\u00f3d si\u0119 roztopi, wytrzyj go czystym, suchym r\u0119cznikiem lub w\u0142\u0105cz wycieraczki. Pojemno\u015b\u0107: 450 ml<\/p>","protected":false},"featured_media":1848443,"comment_status":"open","ping_status":"open","template":"","meta":{"neve_meta_sidebar":"","neve_meta_container":"","neve_meta_enable_content_width":"","neve_meta_content_width":0,"neve_meta_title_alignment":"","neve_meta_author_avatar":"","neve_post_elements_order":"","neve_meta_disable_header":"","neve_meta_disable_footer":"","neve_meta_disable_title":"","_themeisle_gutenberg_block_has_review":false},"product_brand":[],"product_cat":[733,794,773],"product_tag":[362],"class_list":{"0":"post-1805791","1":"product","2":"type-product","3":"status-publish","4":"has-post-thumbnail","6":"product_cat-na-zewnatrz","7":"product_cat-niewidzialna-wycieraczka","8":"product_cat-szyby","9":"product_tag-soft99","11":"first","12":"outofstock","13":"taxable","14":"shipping-taxable","15":"purchasable","16":"product-type-simple"},"_links":{"self":[{"href":"https:\/\/liquidmaster.pl\/en\/wp-json\/wp\/v2\/product\/1805791","targetHints":{"allow":["GET"]}}],"collection":[{"href":"https:\/\/liquidmaster.pl\/en\/wp-json\/wp\/v2\/product"}],"about":[{"href":"https:\/\/liquidmaster.pl\/en\/wp-json\/wp\/v2\/types\/product"}],"replies":[{"embeddable":true,"href":"https:\/\/liquidmaster.pl\/en\/wp-json\/wp\/v2\/comments?post=1805791"}],"wp:featuredmedia":[{"embeddable":true,"href":"https:\/\/liquidmaster.pl\/en\/wp-json\/wp\/v2\/media\/1848443"}],"wp:attachment":[{"href":"https:\/\/liquidmaster.pl\/en\/wp-json\/wp\/v2\/media?parent=1805791"}],"wp:term":[{"taxonomy":"product_brand","embeddable":true,"href":"https:\/\/liquidmaster.pl\/en\/wp-json\/wp\/v2\/product_brand?post=1805791"},{"taxonomy":"product_cat","embeddable":true,"href":"https:\/\/liquidmaster.pl\/en\/wp-json\/wp\/v2\/product_cat?post=1805791"},{"taxonomy":"product_tag","embeddable":true,"href":"https:\/\/liquidmaster.pl\/en\/wp-json\/wp\/v2\/product_tag?post=1805791"}],"curies":[{"name":"wp","href":"https:\/\/api.w.org\/{rel}","templated":true}]}}