{"id":1805789,"date":"2025-03-28T16:02:27","date_gmt":"2025-03-28T14:02:27","guid":{"rendered":"https:\/\/liquidmaster.pl\/scangrip-multimatch-8-lampa-robocza\/"},"modified":"2026-04-18T04:36:00","modified_gmt":"2026-04-18T02:36:00","slug":"scangrip-multimatch-8-lampa-robocza","status":"publish","type":"product","link":"https:\/\/liquidmaster.pl\/en\/scangrip-multimatch-8-lampa-robocza\/","title":{"rendered":"Scangrip Multimatch 8 \u2013 work lamp"},"content":{"rendered":"<p>Scangrip Multimatch 8 \u2013 is an extremely powerful, rechargeable work lamp with a light output of up to 8,000 lumens, designed for inspecting large surfaces while polishing, painting and cleaning, as well as for color matching.<\/p>\n<p>The work lamp has a unique All Daylight function that allows you to choose between 5 different color temperatures. The 5-step dimmer function allows you to adjust the light to five different levels depending on the work being performed.<\/p>\n<p>Scangrip Power Solution ensures unlimited light availability. You can easily insert a new, fully charged battery and continue working while charging another battery. You can also simply connect the charger directly to the lamp.<\/p>\n<p>With the Bluetooth lighting control app, you can control and adjust both light output and color temperature, as well as a number of other useful wireless features that improve the efficiency of your daily work.<\/p>\n<p>\u00a0<\/p>","protected":false},"excerpt":{"rendered":"<p>Scangrip Multimatch 8 \u2013 to wyj\u0105tkowo mocna lampa robocza z mo\u017cliwo\u015bci\u0105 \u0142adowania, zapewniaj\u0105ca strumie\u0144 \u015bwietlny do 8000 lumen\u00f3w, przeznaczona do inspekcji du\u017cych powierzchni podczas polerowania, malowania i czyszczenia, a tak\u017ce do dopasowywania kolor\u00f3w. Lampa robocza posiada unikaln\u0105 funkcj\u0119 All Daylight, kt\u00f3ra umo\u017cliwia wyb\u00f3r pomi\u0119dzy 5 r\u00f3\u017cnymi temperaturami barwowymi. Funkcja 5-stopniowego \u015bciemniacza umo\u017cliwia regulacj\u0119 \u015bwiat\u0142a na&hellip;&nbsp;<a href=\"https:\/\/liquidmaster.pl\/en\/scangrip-multimatch-8-lampa-robocza\/\" rel=\"bookmark\">Read More \u00bb<span class=\"screen-reader-text\">Scangrip Multimatch 8 \u2013 work lamp<\/span><\/a><\/p>","protected":false},"featured_media":1848436,"comment_status":"open","ping_status":"open","template":"","meta":{"neve_meta_sidebar":"","neve_meta_container":"","neve_meta_enable_content_width":"","neve_meta_content_width":0,"neve_meta_title_alignment":"","neve_meta_author_avatar":"","neve_post_elements_order":"","neve_meta_disable_header":"","neve_meta_disable_footer":"","neve_meta_disable_title":"","_themeisle_gutenberg_block_has_review":false},"product_brand":[],"product_cat":[749,827,748],"product_tag":[356],"class_list":{"0":"post-1805789","1":"product","2":"type-product","3":"status-publish","4":"has-post-thumbnail","6":"product_cat-akcesoria-polerskie","7":"product_cat-lampy-inspekcyjne","8":"product_cat-polerowanie","9":"product_tag-scangrip","11":"first","12":"outofstock","13":"taxable","14":"shipping-taxable","15":"purchasable","16":"product-type-simple"},"_links":{"self":[{"href":"https:\/\/liquidmaster.pl\/en\/wp-json\/wp\/v2\/product\/1805789","targetHints":{"allow":["GET"]}}],"collection":[{"href":"https:\/\/liquidmaster.pl\/en\/wp-json\/wp\/v2\/product"}],"about":[{"href":"https:\/\/liquidmaster.pl\/en\/wp-json\/wp\/v2\/types\/product"}],"replies":[{"embeddable":true,"href":"https:\/\/liquidmaster.pl\/en\/wp-json\/wp\/v2\/comments?post=1805789"}],"wp:featuredmedia":[{"embeddable":true,"href":"https:\/\/liquidmaster.pl\/en\/wp-json\/wp\/v2\/media\/1848436"}],"wp:attachment":[{"href":"https:\/\/liquidmaster.pl\/en\/wp-json\/wp\/v2\/media?parent=1805789"}],"wp:term":[{"taxonomy":"product_brand","embeddable":true,"href":"https:\/\/liquidmaster.pl\/en\/wp-json\/wp\/v2\/product_brand?post=1805789"},{"taxonomy":"product_cat","embeddable":true,"href":"https:\/\/liquidmaster.pl\/en\/wp-json\/wp\/v2\/product_cat?post=1805789"},{"taxonomy":"product_tag","embeddable":true,"href":"https:\/\/liquidmaster.pl\/en\/wp-json\/wp\/v2\/product_tag?post=1805789"}],"curies":[{"name":"wp","href":"https:\/\/api.w.org\/{rel}","templated":true}]}}