{"id":1805781,"date":"2025-03-28T16:02:04","date_gmt":"2025-03-28T14:02:04","guid":{"rendered":"https:\/\/liquidmaster.pl\/cleantle-hydro-glass-5l\/"},"modified":"2026-04-18T04:35:58","modified_gmt":"2026-04-18T02:35:58","slug":"cleantle-hydro-glass-5l","status":"publish","type":"product","link":"https:\/\/liquidmaster.pl\/en\/cleantle-hydro-glass-5l\/","title":{"rendered":"Cleantle Hydro Glass+ 5L"},"content":{"rendered":"<\/p>\n<p>Cleantle Hydro Glass+ \u2013 a product that combines the features of a glass cleaning liquid and the so-called invisible wiper.<\/p>\n<p>It is easy and quick to use, does not leave streaks, and the hydrophobic effect allows you to keep the windows clean for longer. It is ideal as a stand-alone window protection, as well as a means of maintaining window coatings.<\/p>\n<p>The product has a composition of 98% of natural origin and is easily biodegradable.<\/p>\n<ul>\n<li>easy and quick to use<\/li>\n<li>cleans and creates a hydrophobic coating<\/li>\n<li>invisible wiper effect<\/li>\n<li>without pictograms<\/li>\n<li>easily biodegradable<\/li>\n<li>pleasant smell of Cola<\/li>\n<\/ul>\n<p>Smell: Cola Tree scent<\/p>\n<p>Capacity: 5L<\/p>","protected":false},"excerpt":{"rendered":"<p>Cleantle Hydro Glass+ \u2013 to produkt, kt\u00f3ry \u0142\u0105czy cechy p\u0142ynu do czyszczenia szyb oraz tzw. niewidzialnej wycieraczki. Jest \u0142atwy i szybki w u\u017cyciu, nie pozostawia smug, a efekt hydrofobowy pozwala utrzyma\u0107 szyby w czysto\u015bci na d\u0142u\u017cej. Idealnie sprawdzi si\u0119 jako samodzielne zabezpieczenie szyb, a tak\u017ce jako \u015brodek do piel\u0119gnacji pow\u0142ok do szyb. Produkt ma sk\u0142ad&hellip;&nbsp;<a href=\"https:\/\/liquidmaster.pl\/en\/cleantle-hydro-glass-5l\/\" rel=\"bookmark\">Read More \u00bb<span class=\"screen-reader-text\">Cleantle Hydro Glass+ 5L<\/span><\/a><\/p>","protected":false},"featured_media":1848424,"comment_status":"open","ping_status":"open","template":"","meta":{"neve_meta_sidebar":"","neve_meta_container":"","neve_meta_enable_content_width":"","neve_meta_content_width":0,"neve_meta_title_alignment":"","neve_meta_author_avatar":"","neve_post_elements_order":"","neve_meta_disable_header":"","neve_meta_disable_footer":"","neve_meta_disable_title":"","_themeisle_gutenberg_block_has_review":false},"product_brand":[],"product_cat":[733,774,773],"product_tag":[280],"class_list":{"0":"post-1805781","1":"product","2":"type-product","3":"status-publish","4":"has-post-thumbnail","6":"product_cat-na-zewnatrz","7":"product_cat-plyny-do-szyb","8":"product_cat-szyby","9":"product_tag-cleantech-cleantle","11":"first","12":"instock","13":"taxable","14":"shipping-taxable","15":"purchasable","16":"product-type-simple"},"_links":{"self":[{"href":"https:\/\/liquidmaster.pl\/en\/wp-json\/wp\/v2\/product\/1805781","targetHints":{"allow":["GET"]}}],"collection":[{"href":"https:\/\/liquidmaster.pl\/en\/wp-json\/wp\/v2\/product"}],"about":[{"href":"https:\/\/liquidmaster.pl\/en\/wp-json\/wp\/v2\/types\/product"}],"replies":[{"embeddable":true,"href":"https:\/\/liquidmaster.pl\/en\/wp-json\/wp\/v2\/comments?post=1805781"}],"wp:featuredmedia":[{"embeddable":true,"href":"https:\/\/liquidmaster.pl\/en\/wp-json\/wp\/v2\/media\/1848424"}],"wp:attachment":[{"href":"https:\/\/liquidmaster.pl\/en\/wp-json\/wp\/v2\/media?parent=1805781"}],"wp:term":[{"taxonomy":"product_brand","embeddable":true,"href":"https:\/\/liquidmaster.pl\/en\/wp-json\/wp\/v2\/product_brand?post=1805781"},{"taxonomy":"product_cat","embeddable":true,"href":"https:\/\/liquidmaster.pl\/en\/wp-json\/wp\/v2\/product_cat?post=1805781"},{"taxonomy":"product_tag","embeddable":true,"href":"https:\/\/liquidmaster.pl\/en\/wp-json\/wp\/v2\/product_tag?post=1805781"}],"curies":[{"name":"wp","href":"https:\/\/api.w.org\/{rel}","templated":true}]}}