{"id":1805777,"date":"2025-03-28T16:02:04","date_gmt":"2025-03-28T14:02:04","guid":{"rendered":"https:\/\/liquidmaster.pl\/work-stuff-detailing-bucket-grey-wheels-separator-szare-wiadro-detailingowe-z-separatorem-brudu\/"},"modified":"2026-04-18T04:27:07","modified_gmt":"2026-04-18T02:27:07","slug":"work-stuff-detailing-bucket-grey-wheels-separator-szare-wiadro-detailingowe-z-separatorem-brudu","status":"publish","type":"product","link":"https:\/\/liquidmaster.pl\/en\/work-stuff-detailing-bucket-grey-wheels-separator-szare-wiadro-detailingowe-z-separatorem-brudu\/","title":{"rendered":"Work Stuff Detailing Bucket Gray Wheels + Separator - gray detailing bucket with dirt separator"},"content":{"rendered":"<p>Work Stuff Detailing Bucket Gray \u2013 a professional bucket for washing wheels. Made of strong HDPE material. There is a handy measuring cup on the side of the bucket to measure the amount of water poured into it. The maximum capacity of the bucket is 20 L. Additionally, it is equipped with a metal handle for easy carrying. The whole thing is marked with the word &quot;WHEELS&quot; suggesting the intended use of the product. Includes dirt separator in the set.<\/p>\n<p>Main features:<\/p>\n<ul>\n<li>Strong HDPE material<\/li>\n<li>Metal handle<\/li>\n<li>Print with a logo and inscription<\/li>\n<li>20 L capacity<\/li>\n<li>A useful measuring cup on the side of the bucket<\/li>\n<li>Dirt separator included<\/li>\n<\/ul>\n<p>Capacity: 20L<\/p>\n<p>\u00a0<\/p>","protected":false},"excerpt":{"rendered":"<p>Work Stuff Detailing Bucket Grey \u2013 profesjonalne wiadro do mycia k\u00f3\u0142. Wykonane z mocnego materia\u0142u HDPE. Na \u015bcianie wiadra znajduje si\u0119 przydatna miarka do odmierzania ilo\u015bci wlewanej wody. Maksymalna pojemno\u015b\u0107 wiadra wynosi 20 L. Dodatkowo wyposa\u017cone w metalow\u0105 r\u0105czk\u0119 u\u0142atwiaj\u0105c\u0105 przenoszenie. Ca\u0142o\u015b\u0107 oznakowana s\u0142owem &#8222;WHEELS&#8221; sugeruj\u0105cym przeznaczenie produktu. Zawiera separator brudu w zestawie. G\u0142\u00f3wne cechy:&hellip;&nbsp;<a href=\"https:\/\/liquidmaster.pl\/en\/work-stuff-detailing-bucket-grey-wheels-separator-szare-wiadro-detailingowe-z-separatorem-brudu\/\" rel=\"bookmark\">Read More \u00bb<span class=\"screen-reader-text\">Work Stuff Detailing Bucket Gray Wheels + Separator - gray detailing bucket with dirt separator<\/span><\/a><\/p>","protected":false},"featured_media":1847519,"comment_status":"open","ping_status":"open","template":"","meta":{"neve_meta_sidebar":"","neve_meta_container":"","neve_meta_enable_content_width":"","neve_meta_content_width":0,"neve_meta_title_alignment":"","neve_meta_author_avatar":"","neve_post_elements_order":"","neve_meta_disable_header":"","neve_meta_disable_footer":"","neve_meta_disable_title":"","_themeisle_gutenberg_block_has_review":false},"product_brand":[],"product_cat":[734,733,782],"product_tag":[381],"class_list":{"0":"post-1805777","1":"product","2":"type-product","3":"status-publish","4":"has-post-thumbnail","6":"product_cat-mycie-i-osuszanie","7":"product_cat-na-zewnatrz","8":"product_cat-wiadra-i-separatory","9":"product_tag-work-stuff","11":"first","12":"instock","13":"taxable","14":"shipping-taxable","15":"purchasable","16":"product-type-simple"},"_links":{"self":[{"href":"https:\/\/liquidmaster.pl\/en\/wp-json\/wp\/v2\/product\/1805777","targetHints":{"allow":["GET"]}}],"collection":[{"href":"https:\/\/liquidmaster.pl\/en\/wp-json\/wp\/v2\/product"}],"about":[{"href":"https:\/\/liquidmaster.pl\/en\/wp-json\/wp\/v2\/types\/product"}],"replies":[{"embeddable":true,"href":"https:\/\/liquidmaster.pl\/en\/wp-json\/wp\/v2\/comments?post=1805777"}],"wp:featuredmedia":[{"embeddable":true,"href":"https:\/\/liquidmaster.pl\/en\/wp-json\/wp\/v2\/media\/1847519"}],"wp:attachment":[{"href":"https:\/\/liquidmaster.pl\/en\/wp-json\/wp\/v2\/media?parent=1805777"}],"wp:term":[{"taxonomy":"product_brand","embeddable":true,"href":"https:\/\/liquidmaster.pl\/en\/wp-json\/wp\/v2\/product_brand?post=1805777"},{"taxonomy":"product_cat","embeddable":true,"href":"https:\/\/liquidmaster.pl\/en\/wp-json\/wp\/v2\/product_cat?post=1805777"},{"taxonomy":"product_tag","embeddable":true,"href":"https:\/\/liquidmaster.pl\/en\/wp-json\/wp\/v2\/product_tag?post=1805777"}],"curies":[{"name":"wp","href":"https:\/\/api.w.org\/{rel}","templated":true}]}}