{"id":1805769,"date":"2025-03-28T16:00:51","date_gmt":"2025-03-28T14:00:51","guid":{"rendered":"https:\/\/liquidmaster.pl\/cleantle-fabriclean-1l\/"},"modified":"2026-04-18T04:35:56","modified_gmt":"2026-04-18T02:35:56","slug":"cleantle-fabriclean-1l","status":"publish","type":"product","link":"https:\/\/liquidmaster.pl\/en\/cleantle-fabriclean-1l\/","title":{"rendered":"Cleantle Fabriclean+ 1L"},"content":{"rendered":"<\/p>\n<p>Cleantle Fabriclean+ \u2013 is a modern product intended for cleaning fabric upholstery, Alcantara and carpets.<\/p>\n<p>It is safe for many fabrics. Thanks to its modern and ecological formula, it can be washed at temperatures as low as 30\u00b0C, which reduces the risk of damaging more delicate materials.<\/p>\n<p>Fabriclean+ is highly concentrated, so it easily removes stubborn dirt without leaving any streaks or stains. The product can be used on heavily dirty plastic elements.<\/p>\n<ul>\n<li>can be used as a pre-spray \/ stain remover, as well as for hand and extraction washing<\/li>\n<li>highly concentrated<\/li>\n<li>without pictograms<\/li>\n<li>maximum effectiveness already at 30\u00b0C<\/li>\n<li>leaves no drips<\/li>\n<li>does not contain sodium hydroxide<\/li>\n<li>easily biodegradable<\/li>\n<li>pleasant smell of fresh laundry<\/li>\n<\/ul>\n<p>Scent: Fresh Laundry scent<\/p>\n<p>Capacity: 1L<\/p>","protected":false},"excerpt":{"rendered":"<p>Cleantle Fabriclean+ \u2013 to nowoczesny produkt przeznaczony do czyszczenia tapicerki materia\u0142owej, alcantary oraz wyk\u0142adzin. Jest bezpieczny dla wielu tkanin. Dzi\u0119ki nowoczesnej i ekologicznej formule mo\u017cna pra\u0107 w temperaturze ju\u017c od 30\u00b0C, co zmniejsza ryzyko uszkodzenia delikatniejszych materia\u0142\u00f3w. Fabriclean+ jest mocno skoncentrowany, dzi\u0119ki czemu z \u0142atwo\u015bci\u0105 usuwa uporczywe zabrudzenia nie pozostawiaj\u0105c po sobie zaciek\u00f3w i plam.&hellip;&nbsp;<a href=\"https:\/\/liquidmaster.pl\/en\/cleantle-fabriclean-1l\/\" rel=\"bookmark\">Read More \u00bb<span class=\"screen-reader-text\">Cleantle Fabriclean+ 1L<\/span><\/a><\/p>","protected":false},"featured_media":1848410,"comment_status":"open","ping_status":"open","template":"","meta":{"neve_meta_sidebar":"","neve_meta_container":"","neve_meta_enable_content_width":"","neve_meta_content_width":0,"neve_meta_title_alignment":"","neve_meta_author_avatar":"","neve_post_elements_order":"","neve_meta_disable_header":"","neve_meta_disable_footer":"","neve_meta_disable_title":"","_themeisle_gutenberg_block_has_review":false},"product_brand":[],"product_cat":[771,769,768],"product_tag":[280],"class_list":{"0":"post-1805769","1":"product","2":"type-product","3":"status-publish","4":"has-post-thumbnail","6":"product_cat-czyszczenie","7":"product_cat-tapicerka-i-dywaniki","8":"product_cat-wnetrze-auta","9":"product_tag-cleantech-cleantle","10":"pa_promocja-promocje","12":"first","13":"instock","14":"taxable","15":"shipping-taxable","16":"purchasable","17":"product-type-simple"},"_links":{"self":[{"href":"https:\/\/liquidmaster.pl\/en\/wp-json\/wp\/v2\/product\/1805769","targetHints":{"allow":["GET"]}}],"collection":[{"href":"https:\/\/liquidmaster.pl\/en\/wp-json\/wp\/v2\/product"}],"about":[{"href":"https:\/\/liquidmaster.pl\/en\/wp-json\/wp\/v2\/types\/product"}],"replies":[{"embeddable":true,"href":"https:\/\/liquidmaster.pl\/en\/wp-json\/wp\/v2\/comments?post=1805769"}],"wp:featuredmedia":[{"embeddable":true,"href":"https:\/\/liquidmaster.pl\/en\/wp-json\/wp\/v2\/media\/1848410"}],"wp:attachment":[{"href":"https:\/\/liquidmaster.pl\/en\/wp-json\/wp\/v2\/media?parent=1805769"}],"wp:term":[{"taxonomy":"product_brand","embeddable":true,"href":"https:\/\/liquidmaster.pl\/en\/wp-json\/wp\/v2\/product_brand?post=1805769"},{"taxonomy":"product_cat","embeddable":true,"href":"https:\/\/liquidmaster.pl\/en\/wp-json\/wp\/v2\/product_cat?post=1805769"},{"taxonomy":"product_tag","embeddable":true,"href":"https:\/\/liquidmaster.pl\/en\/wp-json\/wp\/v2\/product_tag?post=1805769"}],"curies":[{"name":"wp","href":"https:\/\/api.w.org\/{rel}","templated":true}]}}