{"id":1805765,"date":"2025-03-28T16:00:28","date_gmt":"2025-03-28T14:00:28","guid":{"rendered":"https:\/\/liquidmaster.pl\/cleantle-streakless-waflowa-sciereczka-z-mikrofibry-do-szyb\/"},"modified":"2026-04-20T08:15:27","modified_gmt":"2026-04-20T06:15:27","slug":"cleantle-streakless-waflowa-sciereczka-z-mikrofibry-do-szyb","status":"publish","type":"product","link":"https:\/\/liquidmaster.pl\/en\/cleantle-streakless-waflowa-sciereczka-z-mikrofibry-do-szyb\/","title":{"rendered":"Cleantle Streakless \u2013 waffle microfiber cloth for windows"},"content":{"rendered":"<\/p>\n<p>Cleantle Streakless \u2013 a microfiber with a waffle structure that allows you to clean windows effectively and quickly.<\/p>\n<p>Glass cleaners absorb dirt very well, and what is most important in the case of such a product - it does not leave streaks or stains. Now washing glass surfaces and car windows will be pure pleasure.<\/p>\n<ul>\n<li>does not leave streaks or stains<\/li>\n<li>perfect for cleaning windows<\/li>\n<li>durable<\/li>\n<\/ul>\n<p>Weight: 320 gsm<\/p>\n<p>Dimensions: 40 x 40 cm<\/p>","protected":false},"excerpt":{"rendered":"<p>Cleantle Streakless \u2013 to mikrofibra o strukturze wafla, kt\u00f3ra pozwala w spos\u00f3b skuteczny i szybki czy\u015bci\u0107 szyby. Przy pomocy p\u0142yn\u00f3w do mycia szyb \u015bwietnie poch\u0142ania brud, a co najistotniejsze w przypadku takiego produktu \u2013 nie pozostawia smug i zaciek\u00f3w. Teraz mycie szklanych powierzchni i szyb w aucie b\u0119dzie czyst\u0105 przyjemno\u015bci\u0105. nie pozostawia smug i zaciek\u00f3w&hellip;&nbsp;<a href=\"https:\/\/liquidmaster.pl\/en\/cleantle-streakless-waflowa-sciereczka-z-mikrofibry-do-szyb\/\" rel=\"bookmark\">Read More \u00bb<span class=\"screen-reader-text\">Cleantle Streakless \u2013 waffle microfiber cloth for windows<\/span><\/a><\/p>","protected":false},"featured_media":1848402,"comment_status":"open","ping_status":"open","template":"","meta":{"neve_meta_sidebar":"","neve_meta_container":"","neve_meta_enable_content_width":"","neve_meta_content_width":0,"neve_meta_title_alignment":"","neve_meta_author_avatar":"","neve_post_elements_order":"","neve_meta_disable_header":"","neve_meta_disable_footer":"","neve_meta_disable_title":"","_themeisle_gutenberg_block_has_review":false},"product_brand":[],"product_cat":[860,733,773],"product_tag":[280],"class_list":{"0":"post-1805765","1":"product","2":"type-product","3":"status-publish","4":"has-post-thumbnail","6":"product_cat-fibry","7":"product_cat-na-zewnatrz","8":"product_cat-szyby","9":"product_tag-cleantech-cleantle","11":"first","12":"instock","13":"taxable","14":"shipping-taxable","15":"purchasable","16":"product-type-simple"},"_links":{"self":[{"href":"https:\/\/liquidmaster.pl\/en\/wp-json\/wp\/v2\/product\/1805765","targetHints":{"allow":["GET"]}}],"collection":[{"href":"https:\/\/liquidmaster.pl\/en\/wp-json\/wp\/v2\/product"}],"about":[{"href":"https:\/\/liquidmaster.pl\/en\/wp-json\/wp\/v2\/types\/product"}],"replies":[{"embeddable":true,"href":"https:\/\/liquidmaster.pl\/en\/wp-json\/wp\/v2\/comments?post=1805765"}],"wp:featuredmedia":[{"embeddable":true,"href":"https:\/\/liquidmaster.pl\/en\/wp-json\/wp\/v2\/media\/1848402"}],"wp:attachment":[{"href":"https:\/\/liquidmaster.pl\/en\/wp-json\/wp\/v2\/media?parent=1805765"}],"wp:term":[{"taxonomy":"product_brand","embeddable":true,"href":"https:\/\/liquidmaster.pl\/en\/wp-json\/wp\/v2\/product_brand?post=1805765"},{"taxonomy":"product_cat","embeddable":true,"href":"https:\/\/liquidmaster.pl\/en\/wp-json\/wp\/v2\/product_cat?post=1805765"},{"taxonomy":"product_tag","embeddable":true,"href":"https:\/\/liquidmaster.pl\/en\/wp-json\/wp\/v2\/product_tag?post=1805765"}],"curies":[{"name":"wp","href":"https:\/\/api.w.org\/{rel}","templated":true}]}}