{"id":1805761,"date":"2025-03-28T16:00:28","date_gmt":"2025-03-28T14:00:28","guid":{"rendered":"https:\/\/liquidmaster.pl\/deturner-wheel-set-zestaw-do-czyszczenia-kol\/"},"modified":"2026-04-18T04:35:55","modified_gmt":"2026-04-18T02:35:55","slug":"deturner-wheel-set-zestaw-do-czyszczenia-kol","status":"publish","type":"product","link":"https:\/\/liquidmaster.pl\/en\/deturner-wheel-set-zestaw-do-czyszczenia-kol\/","title":{"rendered":"Deturner Wheel Set \u2013 wheel cleaning set"},"content":{"rendered":"<p>A dedicated set for the care of all types of car wheels: removes dirt, metallic contaminants and protects the surfaces of rims and tires.<\/p>\n<p>Set contains:<\/p>\n<ul>\n<li>Bloody Wheels 500 ml<\/li>\n<li>Creamy Tire Dressing 250 ml<\/li>\n<li>Wet Coat 250 ml<\/li>\n<li>Tire Applicator<\/li>\n<li>Brush White<\/li>\n<\/ul>","protected":false},"excerpt":{"rendered":"<p>Dedykowany zestaw s\u0142u\u017c\u0105cy do piel\u0119gnacji k\u00f3\u0142 samochodowych ka\u017cdego rodzaju: usuwa brud, zanieczyszczenia metaliczne oraz zabezpiecza powierzchnie felg i opon. Zestaw zawiera: Bloody Wheels 500 ml Creamy Tire Dressing 250 ml Wet Coat 250 ml Tyre Applicator Brush White<\/p>","protected":false},"featured_media":1848398,"comment_status":"open","ping_status":"open","template":"","meta":{"neve_meta_sidebar":"","neve_meta_container":"","neve_meta_enable_content_width":"","neve_meta_content_width":0,"neve_meta_title_alignment":"","neve_meta_author_avatar":"","neve_post_elements_order":"","neve_meta_disable_header":"","neve_meta_disable_footer":"","neve_meta_disable_title":"","_themeisle_gutenberg_block_has_review":false},"product_brand":[],"product_cat":[746,745,733],"product_tag":[287],"class_list":{"0":"post-1805761","1":"product","2":"type-product","3":"status-publish","4":"has-post-thumbnail","6":"product_cat-czyszczenie-felg","7":"product_cat-kola-i-opony","8":"product_cat-na-zewnatrz","9":"product_tag-deturner","11":"first","12":"instock","13":"taxable","14":"shipping-taxable","15":"purchasable","16":"product-type-simple"},"_links":{"self":[{"href":"https:\/\/liquidmaster.pl\/en\/wp-json\/wp\/v2\/product\/1805761","targetHints":{"allow":["GET"]}}],"collection":[{"href":"https:\/\/liquidmaster.pl\/en\/wp-json\/wp\/v2\/product"}],"about":[{"href":"https:\/\/liquidmaster.pl\/en\/wp-json\/wp\/v2\/types\/product"}],"replies":[{"embeddable":true,"href":"https:\/\/liquidmaster.pl\/en\/wp-json\/wp\/v2\/comments?post=1805761"}],"wp:featuredmedia":[{"embeddable":true,"href":"https:\/\/liquidmaster.pl\/en\/wp-json\/wp\/v2\/media\/1848398"}],"wp:attachment":[{"href":"https:\/\/liquidmaster.pl\/en\/wp-json\/wp\/v2\/media?parent=1805761"}],"wp:term":[{"taxonomy":"product_brand","embeddable":true,"href":"https:\/\/liquidmaster.pl\/en\/wp-json\/wp\/v2\/product_brand?post=1805761"},{"taxonomy":"product_cat","embeddable":true,"href":"https:\/\/liquidmaster.pl\/en\/wp-json\/wp\/v2\/product_cat?post=1805761"},{"taxonomy":"product_tag","embeddable":true,"href":"https:\/\/liquidmaster.pl\/en\/wp-json\/wp\/v2\/product_tag?post=1805761"}],"curies":[{"name":"wp","href":"https:\/\/api.w.org\/{rel}","templated":true}]}}