{"id":1805754,"date":"2025-03-28T16:00:05","date_gmt":"2025-03-28T14:00:05","guid":{"rendered":"https:\/\/liquidmaster.pl\/work-stuff-thunder-wheel-brush-profesjonalna-szczotka-do-mycia-felg\/"},"modified":"2026-04-18T04:35:54","modified_gmt":"2026-04-18T02:35:54","slug":"work-stuff-thunder-wheel-brush-profesjonalna-szczotka-do-mycia-felg","status":"publish","type":"product","link":"https:\/\/liquidmaster.pl\/en\/work-stuff-thunder-wheel-brush-profesjonalna-szczotka-do-mycia-felg\/","title":{"rendered":"Work Stuff Thunder Wheel Brush \u2013 a professional brush for washing rims"},"content":{"rendered":"<p>Work Stuff Thunder Wheel Brush \u2013 a professional brush for washing rims. The product is characterized by increased delicacy of the bristles compared to similar brushes. Thunder, thanks to its flexibility, can easily reach even the most difficult to reach places. Other advantages include chemical resistance and ease of cleaning after use.<\/p>\n<p>Main features:<\/p>\n<ul>\n<li>Size \u2013 45 cm<\/li>\n<li>Delicate bristles<\/li>\n<li>Large washing surface<\/li>\n<li>Easy to clean<\/li>\n<li>Elastic<\/li>\n<\/ul>\n<p>\u00a0<\/p>","protected":false},"excerpt":{"rendered":"<p>Work Stuff Thunder Wheel Brush \u2013 profesjonalna szczotka do mycia felg. Produkt cechuje si\u0119 zwi\u0119kszon\u0105 delikatno\u015bci\u0105 w\u0142osia w por\u00f3wnaniu z podobnymi szczotkami. Thunder dzi\u0119ki swojej elastyczno\u015bci z \u0142atwo\u015bci\u0105 dotrze do nawet najbardziej trudno dost\u0119pnych miejsc. Do innych zalet nale\u017cy doda\u0107 odporno\u015b\u0107 chemiczn\u0105 i \u0142atwo\u015b\u0107 czyszczenia po u\u017cytkowaniu. G\u0142\u00f3wne cechy: Rozmiar \u2013 45 cm Delikatne w\u0142osie&hellip;&nbsp;<a href=\"https:\/\/liquidmaster.pl\/en\/work-stuff-thunder-wheel-brush-profesjonalna-szczotka-do-mycia-felg\/\" rel=\"bookmark\">Read More \u00bb<span class=\"screen-reader-text\">Work Stuff Thunder Wheel Brush \u2013 a professional brush for washing rims<\/span><\/a><\/p>","protected":false},"featured_media":1848391,"comment_status":"open","ping_status":"open","template":"","meta":{"neve_meta_sidebar":"","neve_meta_container":"","neve_meta_enable_content_width":"","neve_meta_content_width":0,"neve_meta_title_alignment":"","neve_meta_author_avatar":"","neve_post_elements_order":"","neve_meta_disable_header":"","neve_meta_disable_footer":"","neve_meta_disable_title":"","_themeisle_gutenberg_block_has_review":false},"product_brand":[],"product_cat":[745,733,779],"product_tag":[381],"class_list":{"0":"post-1805754","1":"product","2":"type-product","3":"status-publish","4":"has-post-thumbnail","6":"product_cat-kola-i-opony","7":"product_cat-na-zewnatrz","8":"product_cat-szczotki-pedzelki-i-aplikatory-do-kol","9":"product_tag-work-stuff","11":"first","12":"instock","13":"taxable","14":"shipping-taxable","15":"purchasable","16":"product-type-simple"},"_links":{"self":[{"href":"https:\/\/liquidmaster.pl\/en\/wp-json\/wp\/v2\/product\/1805754","targetHints":{"allow":["GET"]}}],"collection":[{"href":"https:\/\/liquidmaster.pl\/en\/wp-json\/wp\/v2\/product"}],"about":[{"href":"https:\/\/liquidmaster.pl\/en\/wp-json\/wp\/v2\/types\/product"}],"replies":[{"embeddable":true,"href":"https:\/\/liquidmaster.pl\/en\/wp-json\/wp\/v2\/comments?post=1805754"}],"wp:featuredmedia":[{"embeddable":true,"href":"https:\/\/liquidmaster.pl\/en\/wp-json\/wp\/v2\/media\/1848391"}],"wp:attachment":[{"href":"https:\/\/liquidmaster.pl\/en\/wp-json\/wp\/v2\/media?parent=1805754"}],"wp:term":[{"taxonomy":"product_brand","embeddable":true,"href":"https:\/\/liquidmaster.pl\/en\/wp-json\/wp\/v2\/product_brand?post=1805754"},{"taxonomy":"product_cat","embeddable":true,"href":"https:\/\/liquidmaster.pl\/en\/wp-json\/wp\/v2\/product_cat?post=1805754"},{"taxonomy":"product_tag","embeddable":true,"href":"https:\/\/liquidmaster.pl\/en\/wp-json\/wp\/v2\/product_tag?post=1805754"}],"curies":[{"name":"wp","href":"https:\/\/api.w.org\/{rel}","templated":true}]}}