{"id":1805739,"date":"2025-03-28T15:58:27","date_gmt":"2025-03-28T13:58:27","guid":{"rendered":"https:\/\/liquidmaster.pl\/zvizzer-one-step-mc3000-set-zestaw-do-jednoetapowej-korekty-lakieru\/"},"modified":"2026-04-08T00:40:21","modified_gmt":"2026-04-07T22:40:21","slug":"zvizzer-one-step-mc3000-set-zestaw-do-jednoetapowej-korekty-lakieru","status":"publish","type":"product","link":"https:\/\/liquidmaster.pl\/en\/zvizzer-one-step-mc3000-set-zestaw-do-jednoetapowej-korekty-lakieru\/","title":{"rendered":"ZviZZer One Step \u2013 MC3000 Set \u2013 a set for one-step paint correction"},"content":{"rendered":"<p>A complete set for one-step polishing of any paint. Quick and lasting effect of refreshing the paint in one step. Three pads of different hardness (designed for a 125 mm platter) will allow you to choose the best possible combination to achieve the perfect effect.<\/p>\n<p>The kit includes:<\/p>\n<ul>\n<li>ZviZZer MC3000 paste 250 ml,<\/li>\n<li>3 ZviZZer THERMO sponge pads: WHITE, BLUE, RED 140 mm,<\/li>\n<li>shoulder bag with the ZviZZer logo.<\/li>\n<\/ul>\n<p>Polishing pads from the ZviZZer THERMO series are made of innovative open-cell foam with a thermostable structure. Thanks to this, they are more resistant to high temperatures, do not soften during operation and do not lose their cutting properties. They have completely different operating characteristics than standard polishing pads.<\/p>\n<p>We recommend starting polishing with the softest THERMO RED sponge and, if necessary, gradually increasing the hardness of the pad (BLUE and WHITE) until a satisfactory level of cutting and finishing is achieved.<\/p>\n<p>ZviZZer MC3000 paste is a polishing paste with medium cutting power. It allows you to remove medium scratches from the paint surface and leaves a perfect finish. Contains no fillers. You can apply any paint protection after degreasing the MC3000 paste.<\/p>\n<p>TIME IS ON YOUR SIDE. With the ZviZZer PROFESSIONAL polishing set, work is quick and efficient, saving you time.<\/p>\n<p>LESS CUT IS BETTER. By starting with the least aggressive combination, you only remove as much varnish as is needed to achieve a satisfactory result. This is especially important for modern, thin varnishes! Thanks to this, you can polish your car multiple times without having to worry about removing too much of the clear coat.<\/p>","protected":false},"excerpt":{"rendered":"<p>Kompletny zestaw do przeprowadzenia jednoetapowego polerowania na ka\u017cdym lakierze. Szybki i trwa\u0142y efekt od\u015bwie\u017cenia lakieru w jednym kroku. Trzy pady o r\u00f3\u017cnej twardo\u015bci (przeznaczone na talerz 125 mm) pozwol\u0105 dobra\u0107 najlepsz\u0105 mo\u017cliw\u0105 kombinacj\u0119, aby uzyska\u0107 doskona\u0142y efekt. W sk\u0142ad zestawu wchodzi: pasta ZviZZer MC3000 250 ml, 3 pady g\u0105bkowe ZviZZer THERMO: WHITE, BLUE, RED 140&hellip;&nbsp;<a href=\"https:\/\/liquidmaster.pl\/en\/zvizzer-one-step-mc3000-set-zestaw-do-jednoetapowej-korekty-lakieru\/\" rel=\"bookmark\">Read More \u00bb<span class=\"screen-reader-text\">ZviZZer One Step \u2013 MC3000 Set \u2013 a set for one-step paint correction<\/span><\/a><\/p>","protected":false},"featured_media":1848379,"comment_status":"open","ping_status":"open","template":"","meta":{"neve_meta_sidebar":"","neve_meta_container":"","neve_meta_enable_content_width":"","neve_meta_content_width":0,"neve_meta_title_alignment":"","neve_meta_author_avatar":"","neve_post_elements_order":"","neve_meta_disable_header":"","neve_meta_disable_footer":"","neve_meta_disable_title":"","_themeisle_gutenberg_block_has_review":false},"product_brand":[],"product_cat":[733,816,768,829],"product_tag":[386],"class_list":{"0":"post-1805739","1":"product","2":"type-product","3":"status-publish","4":"has-post-thumbnail","6":"product_cat-na-zewnatrz","7":"product_cat-tapicerka-skorzana","8":"product_cat-wnetrze-auta","9":"product_cat-zestawy","10":"product_tag-zvizzer","12":"first","13":"instock","14":"sale","15":"taxable","16":"shipping-taxable","17":"purchasable","18":"product-type-simple"},"_links":{"self":[{"href":"https:\/\/liquidmaster.pl\/en\/wp-json\/wp\/v2\/product\/1805739","targetHints":{"allow":["GET"]}}],"collection":[{"href":"https:\/\/liquidmaster.pl\/en\/wp-json\/wp\/v2\/product"}],"about":[{"href":"https:\/\/liquidmaster.pl\/en\/wp-json\/wp\/v2\/types\/product"}],"replies":[{"embeddable":true,"href":"https:\/\/liquidmaster.pl\/en\/wp-json\/wp\/v2\/comments?post=1805739"}],"wp:featuredmedia":[{"embeddable":true,"href":"https:\/\/liquidmaster.pl\/en\/wp-json\/wp\/v2\/media\/1848379"}],"wp:attachment":[{"href":"https:\/\/liquidmaster.pl\/en\/wp-json\/wp\/v2\/media?parent=1805739"}],"wp:term":[{"taxonomy":"product_brand","embeddable":true,"href":"https:\/\/liquidmaster.pl\/en\/wp-json\/wp\/v2\/product_brand?post=1805739"},{"taxonomy":"product_cat","embeddable":true,"href":"https:\/\/liquidmaster.pl\/en\/wp-json\/wp\/v2\/product_cat?post=1805739"},{"taxonomy":"product_tag","embeddable":true,"href":"https:\/\/liquidmaster.pl\/en\/wp-json\/wp\/v2\/product_tag?post=1805739"}],"curies":[{"name":"wp","href":"https:\/\/api.w.org\/{rel}","templated":true}]}}