{"id":1805733,"date":"2025-03-28T15:58:21","date_gmt":"2025-03-28T13:58:21","guid":{"rendered":"https:\/\/liquidmaster.pl\/ultracoat-tar-and-glue-remover-5l-produkt-do-usuwania-smoly-i-kleju-z-lakieru\/"},"modified":"2026-04-19T03:13:25","modified_gmt":"2026-04-19T01:13:25","slug":"ultracoat-tar-and-glue-remover-5l-produkt-do-usuwania-smoly-i-kleju-z-lakieru","status":"publish","type":"product","link":"https:\/\/liquidmaster.pl\/en\/ultracoat-tar-and-glue-remover-5l-produkt-do-usuwania-smoly-i-kleju-z-lakieru\/","title":{"rendered":"Ultracoat Tar and Glue Remover 5L \u2013 a product for removing tar and glue from paint"},"content":{"rendered":"<p>Tar &amp; Glue Remover is a product for special tasks, necessary during the car decontamination process. It evaporates slowly, ensuring a long-lasting process of dissolving dirt. Quickly and effectively removes road dirt, pieces of asphalt, glue and other impurities resulting from everyday use. With excellent cleaning properties, it is safe not only for paint and rims, but also for plastic elements. Tar &amp; Glue Remover will work well in professional detailing studios and in the garages of automotive enthusiasts.<\/p>","protected":false},"excerpt":{"rendered":"<p>Tar &#038; Glue Remover\u00a0to produkt do zada\u0144 specjalnych, niezb\u0119dny podczas procesu dekontaminacji auta. Wolno odparowuje zapewniaj\u0105c d\u0142ugotrwa\u0142y proces rozpuszczania brudu. Szybko i skutecznie usuwa zabrudzenia drogowe, kawa\u0142ki asfaltu, klej i inne nieczysto\u015bci powsta\u0142e w trakcie codziennego u\u017cytkowania. Przy \u015bwietnych w\u0142a\u015bciwo\u015bciach czyszcz\u0105cych jest bezpieczny nie tylko dla lakieru i felg, ale r\u00f3wnie\u017c dla element\u00f3w plastikowych. Tar&hellip;&nbsp;<a href=\"https:\/\/liquidmaster.pl\/en\/ultracoat-tar-and-glue-remover-5l-produkt-do-usuwania-smoly-i-kleju-z-lakieru\/\" rel=\"bookmark\">Read More \u00bb<span class=\"screen-reader-text\">Ultracoat Tar and Glue Remover 5L \u2013 a product for removing tar and glue from paint<\/span><\/a><\/p>","protected":false},"featured_media":1847488,"comment_status":"open","ping_status":"open","template":"","meta":{"neve_meta_sidebar":"","neve_meta_container":"","neve_meta_enable_content_width":"","neve_meta_content_width":0,"neve_meta_title_alignment":"","neve_meta_author_avatar":"","neve_post_elements_order":"","neve_meta_disable_header":"","neve_meta_disable_footer":"","neve_meta_disable_title":"","_themeisle_gutenberg_block_has_review":false},"product_brand":[],"product_cat":[743,733,793],"product_tag":[372],"class_list":{"0":"post-1805733","1":"product","2":"type-product","3":"status-publish","4":"has-post-thumbnail","6":"product_cat-dekontaminacja","7":"product_cat-na-zewnatrz","8":"product_cat-usuwanie-smoly-i-kleju","9":"product_tag-ultracoat","11":"first","12":"instock","13":"taxable","14":"shipping-taxable","15":"purchasable","16":"product-type-simple"},"_links":{"self":[{"href":"https:\/\/liquidmaster.pl\/en\/wp-json\/wp\/v2\/product\/1805733","targetHints":{"allow":["GET"]}}],"collection":[{"href":"https:\/\/liquidmaster.pl\/en\/wp-json\/wp\/v2\/product"}],"about":[{"href":"https:\/\/liquidmaster.pl\/en\/wp-json\/wp\/v2\/types\/product"}],"replies":[{"embeddable":true,"href":"https:\/\/liquidmaster.pl\/en\/wp-json\/wp\/v2\/comments?post=1805733"}],"wp:featuredmedia":[{"embeddable":true,"href":"https:\/\/liquidmaster.pl\/en\/wp-json\/wp\/v2\/media\/1847488"}],"wp:attachment":[{"href":"https:\/\/liquidmaster.pl\/en\/wp-json\/wp\/v2\/media?parent=1805733"}],"wp:term":[{"taxonomy":"product_brand","embeddable":true,"href":"https:\/\/liquidmaster.pl\/en\/wp-json\/wp\/v2\/product_brand?post=1805733"},{"taxonomy":"product_cat","embeddable":true,"href":"https:\/\/liquidmaster.pl\/en\/wp-json\/wp\/v2\/product_cat?post=1805733"},{"taxonomy":"product_tag","embeddable":true,"href":"https:\/\/liquidmaster.pl\/en\/wp-json\/wp\/v2\/product_tag?post=1805733"}],"curies":[{"name":"wp","href":"https:\/\/api.w.org\/{rel}","templated":true}]}}