{"id":1805729,"date":"2025-03-28T15:58:04","date_gmt":"2025-03-28T13:58:04","guid":{"rendered":"https:\/\/liquidmaster.pl\/hand-armor-diamond-l-rekawice-jednorazowe-nitrylowe-czarne\/"},"modified":"2026-04-20T08:15:21","modified_gmt":"2026-04-20T06:15:21","slug":"hand-armor-diamond-l-rekawice-jednorazowe-nitrylowe-czarne","status":"publish","type":"product","link":"https:\/\/liquidmaster.pl\/en\/hand-armor-diamond-l-rekawice-jednorazowe-nitrylowe-czarne\/","title":{"rendered":"Hand Armor Diamond L \u2013 disposable black nitrile gloves"},"content":{"rendered":"<p>Hand Armor Diamond \u2013 high-quality nitrile gloves designed for work in difficult environments, where a firm grip, high precision and unlimited freedom of movement are important. They constitute a barrier to bacteria, fungi and viruses. The diamond structure ensures a very good grip in all conditions.<\/p>\n<p>They are noticeably thicker and stronger than classic gloves, so they provide better protection and are more resistant to tears. They have a universal shape - they fit left and right hands.<\/p>\n<ul>\n<li>Black colour<\/li>\n<li>Size: L<\/li>\n<li>Quantity: 100 pcs.<\/li>\n<\/ul>","protected":false},"excerpt":{"rendered":"<p>Hand Armor Diamond \u2013 wysokiej jako\u015bci r\u0119kawice nitrylowe przeznaczone do pracy w trudnym \u015brodowisku, gdzie liczy si\u0119 pewny chwyt, wysoka precyzja i nieograniczona swoboda ruch\u00f3w. Stanowi\u0105 barier\u0119 dla bakterii, grzyb\u00f3w i wirus\u00f3w. Diamentowa struktura zapewnia bardzo dobry chwyt w ka\u017cdych warunkach. S\u0105 zauwa\u017calnie grubsze i mocniejsze od klasycznych r\u0119kawiczek dzi\u0119ki temu zapewniaj\u0105 lepsz\u0105 ochron\u0119 i&hellip;&nbsp;<a href=\"https:\/\/liquidmaster.pl\/en\/hand-armor-diamond-l-rekawice-jednorazowe-nitrylowe-czarne\/\" rel=\"bookmark\">Read More \u00bb<span class=\"screen-reader-text\">Hand Armor Diamond L \u2013 disposable black nitrile gloves<\/span><\/a><\/p>","protected":false},"featured_media":1848364,"comment_status":"open","ping_status":"open","template":"","meta":{"neve_meta_sidebar":"","neve_meta_container":"","neve_meta_enable_content_width":"","neve_meta_content_width":0,"neve_meta_title_alignment":"","neve_meta_author_avatar":"","neve_post_elements_order":"","neve_meta_disable_header":"","neve_meta_disable_footer":"","neve_meta_disable_title":"","_themeisle_gutenberg_block_has_review":false},"product_brand":[],"product_cat":[757,839,811],"product_tag":[345],"class_list":{"0":"post-1805729","1":"product","2":"type-product","3":"status-publish","4":"has-post-thumbnail","6":"product_cat-akcesoria","7":"product_cat-bezpieczenstwo-i-higiena-pracy","8":"product_cat-pozostale-akcesoria","9":"product_tag-pozostali","11":"first","12":"instock","13":"taxable","14":"shipping-taxable","15":"purchasable","16":"product-type-simple"},"_links":{"self":[{"href":"https:\/\/liquidmaster.pl\/en\/wp-json\/wp\/v2\/product\/1805729","targetHints":{"allow":["GET"]}}],"collection":[{"href":"https:\/\/liquidmaster.pl\/en\/wp-json\/wp\/v2\/product"}],"about":[{"href":"https:\/\/liquidmaster.pl\/en\/wp-json\/wp\/v2\/types\/product"}],"replies":[{"embeddable":true,"href":"https:\/\/liquidmaster.pl\/en\/wp-json\/wp\/v2\/comments?post=1805729"}],"wp:featuredmedia":[{"embeddable":true,"href":"https:\/\/liquidmaster.pl\/en\/wp-json\/wp\/v2\/media\/1848364"}],"wp:attachment":[{"href":"https:\/\/liquidmaster.pl\/en\/wp-json\/wp\/v2\/media?parent=1805729"}],"wp:term":[{"taxonomy":"product_brand","embeddable":true,"href":"https:\/\/liquidmaster.pl\/en\/wp-json\/wp\/v2\/product_brand?post=1805729"},{"taxonomy":"product_cat","embeddable":true,"href":"https:\/\/liquidmaster.pl\/en\/wp-json\/wp\/v2\/product_cat?post=1805729"},{"taxonomy":"product_tag","embeddable":true,"href":"https:\/\/liquidmaster.pl\/en\/wp-json\/wp\/v2\/product_tag?post=1805729"}],"curies":[{"name":"wp","href":"https:\/\/api.w.org\/{rel}","templated":true}]}}