{"id":1805717,"date":"2025-03-28T15:56:49","date_gmt":"2025-03-28T13:56:49","guid":{"rendered":"https:\/\/liquidmaster.pl\/super-shine-red-rag-stiffcut-150-170-agresywny-welniany-pad-polerski\/"},"modified":"2026-04-18T04:35:50","modified_gmt":"2026-04-18T02:35:50","slug":"super-shine-red-rag-stiffcut-150-170-agresywny-welniany-pad-polerski","status":"publish","type":"product","link":"https:\/\/liquidmaster.pl\/en\/super-shine-red-rag-stiffcut-150170-agresywny-welniany-pad-polerski\/","title":{"rendered":"Super Shine Red Rag StiffCut 150\/170 - aggressive wool polishing pad"},"content":{"rendered":"<p>Pad made of material made of 100% natural New Zealand wool. It perfectly removes scratches thanks to its aggressiveness and hard but flexible spacer. The material is very durable and tear-resistant, and its compact design prevents the pad from clogging and &quot;overheating&quot; due to large amounts of paste.\u00a0\u00a0\u00a0 \u00a0<\/p>\n<p>Due to its structure, the material is often confused with felt, but it is a fabric (it has warp threads interwoven with weft). Additionally, the material is subjected to lamination, i.e. a process of combining fibers into a compact mass, which uses their natural properties to create durable connections with each other. Red Rag StiffCut, despite its extraordinary cutting power, can leave a very well-finished paint surface and give it a mirror image, and the flexible foam spacer makes it easier to work on bodywork embossing.<\/p>\n<p>Pads designed specifically for Dual Action machines, but also work perfectly on rotary machines.<br \/>\nThe pad can also be used to remove the so-called painting mortar on a rotary machine.<\/p>\n<p>ATTENTION! Due to its very aggressive nature, we recommend that the pad be used by people who have basic knowledge of polishing paint. The best cutting properties can be achieved by selecting the appropriate polishing paste.<\/p>\n<ul>\n<li>Composition: 100% natural wool<\/li>\n<li>Max. OPM\/RPM: 4,500\/2,500<\/li>\n<li>Size: 150\/170 mm<\/li>\n<\/ul>","protected":false},"excerpt":{"rendered":"<p>Pad wykonany z materia\u0142u wykonanego ze 100% naturalnej we\u0142ny nowozelandzkiej. Doskonale usuwa rysy dzi\u0119ki swojej agresywno\u015bci i twardej, ale elastycznej przek\u0142adce. Materia\u0142 jest bardzo wytrzyma\u0142y i odporny na rozdarcia, a jego zwarta konstrukcja zapobiega zapychaniu i \u201eprzegrzaniu\u201d pada przez du\u017ce ilo\u015bci pasty.\u00a0\u00a0\u00a0 \u00a0 Materia\u0142 przez swoj\u0105 struktur\u0119 jest cz\u0119sto mylony z filcem, ale jest to&hellip;&nbsp;<a href=\"https:\/\/liquidmaster.pl\/en\/super-shine-red-rag-stiffcut-150170-agresywny-welniany-pad-polerski\/\" rel=\"bookmark\">Read More \u00bb<span class=\"screen-reader-text\">Super Shine Red Rag StiffCut 150\/170 - aggressive wool polishing pad<\/span><\/a><\/p>","protected":false},"featured_media":1848347,"comment_status":"open","ping_status":"open","template":"","meta":{"neve_meta_sidebar":"","neve_meta_container":"","neve_meta_enable_content_width":"","neve_meta_content_width":0,"neve_meta_title_alignment":"","neve_meta_author_avatar":"","neve_post_elements_order":"","neve_meta_disable_header":"","neve_meta_disable_footer":"","neve_meta_disable_title":"","_themeisle_gutenberg_block_has_review":false},"product_brand":[],"product_cat":[840,822,748],"product_tag":[929],"class_list":{"0":"post-1805717","1":"product","2":"type-product","3":"status-publish","4":"has-post-thumbnail","6":"product_cat-futra-polerskie","7":"product_cat-pady-polerskie","8":"product_cat-polerowanie","9":"product_tag-super-shine-pads","11":"first","12":"outofstock","13":"taxable","14":"shipping-taxable","15":"purchasable","16":"product-type-simple"},"_links":{"self":[{"href":"https:\/\/liquidmaster.pl\/en\/wp-json\/wp\/v2\/product\/1805717","targetHints":{"allow":["GET"]}}],"collection":[{"href":"https:\/\/liquidmaster.pl\/en\/wp-json\/wp\/v2\/product"}],"about":[{"href":"https:\/\/liquidmaster.pl\/en\/wp-json\/wp\/v2\/types\/product"}],"replies":[{"embeddable":true,"href":"https:\/\/liquidmaster.pl\/en\/wp-json\/wp\/v2\/comments?post=1805717"}],"wp:featuredmedia":[{"embeddable":true,"href":"https:\/\/liquidmaster.pl\/en\/wp-json\/wp\/v2\/media\/1848347"}],"wp:attachment":[{"href":"https:\/\/liquidmaster.pl\/en\/wp-json\/wp\/v2\/media?parent=1805717"}],"wp:term":[{"taxonomy":"product_brand","embeddable":true,"href":"https:\/\/liquidmaster.pl\/en\/wp-json\/wp\/v2\/product_brand?post=1805717"},{"taxonomy":"product_cat","embeddable":true,"href":"https:\/\/liquidmaster.pl\/en\/wp-json\/wp\/v2\/product_cat?post=1805717"},{"taxonomy":"product_tag","embeddable":true,"href":"https:\/\/liquidmaster.pl\/en\/wp-json\/wp\/v2\/product_tag?post=1805717"}],"curies":[{"name":"wp","href":"https:\/\/api.w.org\/{rel}","templated":true}]}}