{"id":1805695,"date":"2025-03-28T15:54:48","date_gmt":"2025-03-28T13:54:48","guid":{"rendered":"https:\/\/liquidmaster.pl\/super-shine-fiberpro-125mm-srednio-tnacy-pad-z-mikrofibry\/"},"modified":"2026-03-04T06:47:55","modified_gmt":"2026-03-04T04:47:55","slug":"super-shine-fiberpro-125mm-srednio-tnacy-pad-z-mikrofibry","status":"publish","type":"product","link":"https:\/\/liquidmaster.pl\/en\/super-shine-fiberpro-125mm-srednio-tnacy-pad-z-mikrofibry\/","title":{"rendered":"Super Shine FiberPro 125mm - medium cutting microfiber pad"},"content":{"rendered":"<p>Pad made of short-haired PES microfiber, recommended for One Step paint corrections. The soft spacer allows you to remove deep scratches and works perfectly with modern pastes, supporting the finish on soft UNI varnishes. The short pile prevents the accumulation of paste residue, which makes cleaning the fleece easier and faster.<\/p>\n<p>The pad diameter has been specially selected for long-stroke DA machines in order to maximize polishing efficiency by transferring the greatest cutting force. We also made sure that the pad is exactly the same size as the thrust plate, which allows it to transfer maximum torque, providing a few percent better cutting than other pads available on the market. It also prevents deformation when working on curves, significantly extending its service life.<\/p>\n<p>The hardness of the black spacer is a balance between stiffness for constant contact with larger flat panels and flexibility for working on body contours. The hole in the central part of the pad will facilitate precise positioning on the machine.<\/p>\n<p>Dedicated to Dual Action machines, but their versatility will also charm rotation fans.<\/p>\n<ul>\n<li>Composition: 100% PES microfiber<\/li>\n<li>Fleece height: 6 mm<\/li>\n<li>Shape: cylinder<\/li>\n<li>Max. OPM\/RPM: 4,500\/2,500<\/li>\n<li>Size: 125mm<\/li>\n<\/ul>","protected":false},"excerpt":{"rendered":"<p>Pad wykonany z mikrow\u0142\u00f3kna PES o kr\u00f3tkim w\u0142osie, zalecany do korekt lakieru typu One Step. Mi\u0119kka przek\u0142adka pozwala usun\u0105\u0107 g\u0142\u0119bokie rysy oraz doskonale wsp\u00f3\u0142gra z nowoczesnymi pastami wspomagaj\u0105c wyko\u0144czenie na mi\u0119kkich lakierach typu UNI. Kr\u00f3tki w\u0142os zapobiega gromadzeniu urobku z pasty, przez co\u00a0 pozwala na \u0142atwiejsze i szybsze czyszczenie runa. \u015arednica pada zosta\u0142a specjalnie dobrana&hellip;&nbsp;<a href=\"https:\/\/liquidmaster.pl\/en\/super-shine-fiberpro-125mm-srednio-tnacy-pad-z-mikrofibry\/\" rel=\"bookmark\">Read More \u00bb<span class=\"screen-reader-text\">Super Shine FiberPro 125mm - medium cutting microfiber pad<\/span><\/a><\/p>","protected":false},"featured_media":1848324,"comment_status":"open","ping_status":"open","template":"","meta":{"neve_meta_sidebar":"","neve_meta_container":"","neve_meta_enable_content_width":"","neve_meta_content_width":0,"neve_meta_title_alignment":"","neve_meta_author_avatar":"","neve_post_elements_order":"","neve_meta_disable_header":"","neve_meta_disable_footer":"","neve_meta_disable_title":"","_themeisle_gutenberg_block_has_review":false},"product_brand":[],"product_cat":[824,822,748],"product_tag":[929],"class_list":{"0":"post-1805695","1":"product","2":"type-product","3":"status-publish","4":"has-post-thumbnail","6":"product_cat-pady-mikrofibrowe","7":"product_cat-pady-polerskie","8":"product_cat-polerowanie","9":"product_tag-super-shine-pads","11":"first","12":"outofstock","13":"taxable","14":"shipping-taxable","15":"purchasable","16":"product-type-simple"},"_links":{"self":[{"href":"https:\/\/liquidmaster.pl\/en\/wp-json\/wp\/v2\/product\/1805695","targetHints":{"allow":["GET"]}}],"collection":[{"href":"https:\/\/liquidmaster.pl\/en\/wp-json\/wp\/v2\/product"}],"about":[{"href":"https:\/\/liquidmaster.pl\/en\/wp-json\/wp\/v2\/types\/product"}],"replies":[{"embeddable":true,"href":"https:\/\/liquidmaster.pl\/en\/wp-json\/wp\/v2\/comments?post=1805695"}],"wp:featuredmedia":[{"embeddable":true,"href":"https:\/\/liquidmaster.pl\/en\/wp-json\/wp\/v2\/media\/1848324"}],"wp:attachment":[{"href":"https:\/\/liquidmaster.pl\/en\/wp-json\/wp\/v2\/media?parent=1805695"}],"wp:term":[{"taxonomy":"product_brand","embeddable":true,"href":"https:\/\/liquidmaster.pl\/en\/wp-json\/wp\/v2\/product_brand?post=1805695"},{"taxonomy":"product_cat","embeddable":true,"href":"https:\/\/liquidmaster.pl\/en\/wp-json\/wp\/v2\/product_cat?post=1805695"},{"taxonomy":"product_tag","embeddable":true,"href":"https:\/\/liquidmaster.pl\/en\/wp-json\/wp\/v2\/product_tag?post=1805695"}],"curies":[{"name":"wp","href":"https:\/\/api.w.org\/{rel}","templated":true}]}}