{"id":1805671,"date":"2025-03-28T15:52:59","date_gmt":"2025-03-28T13:52:59","guid":{"rendered":"https:\/\/liquidmaster.pl\/poka-wieszak-na-male-maszyny\/"},"modified":"2026-03-09T04:31:57","modified_gmt":"2026-03-09T02:31:57","slug":"poka-wieszak-na-male-maszyny","status":"publish","type":"product","link":"https:\/\/liquidmaster.pl\/en\/poka-wieszak-na-male-maszyny\/","title":{"rendered":"POKA Hanger for small machines"},"content":{"rendered":"<p>Shelf for mini polishing machines. Thanks to specially designed handles, the cable can be safely rolled up. Our shelf can safely accommodate one mini machine and additional equipment, e.g. an extension cord or atomizer bottles.\u00a0<\/p>\n<p>\u00a0<\/p>\n<p>Made of high-quality, durable steel. Precisely cut and bent, finally covered with a powder finish to provide an additional layer of protection against oxidation.<\/p>\n<p>\u00a0<\/p>\n<p>Dimensions:<\/p>\n<p>\u00a0<\/p>\n<p>Length: 43 cm<\/p>\n<p>\u00a0<\/p>\n<p>Width: 15 cm<\/p>\n<p>\u00a0<\/p>\n<p>Height: 8 cm<\/p>\n<p>\u00a0<\/p>","protected":false},"excerpt":{"rendered":"<p>P\u00f3\u0142ka na maszyny polerskie typu mini. Dzi\u0119ki specjalnie zaprojektowanym uchwytom, kabel mo\u017cemy bezpiecznie zwin\u0105\u0107. Nasza p\u00f3\u0142ka\u00a0 bezpiecznie pomie\u015bci jedn\u0105 maszyn\u0119 typu mini oraz dodatkowe wyposa\u017cenie np. przed\u0142u\u017cacz lub butelki z atomizerem.\u00a0 \u00a0 Wykonany z wysokiej jako\u015bci, wytrzyma\u0142ej stali. Precyzyjnie wyci\u0119ty i wygi\u0119ty, finalnie pokryty proszkowym wyko\u0144czeniem aby zapewni\u0107 dodatkow\u0105 warstw\u0119 ochronn\u0105 przed utlenieniem. \u00a0 Wymiary:&hellip;&nbsp;<a href=\"https:\/\/liquidmaster.pl\/en\/poka-wieszak-na-male-maszyny\/\" rel=\"bookmark\">Read More \u00bb<span class=\"screen-reader-text\">POKA Hanger for small machines<\/span><\/a><\/p>","protected":false},"featured_media":1847442,"comment_status":"open","ping_status":"open","template":"","meta":{"neve_meta_sidebar":"","neve_meta_container":"","neve_meta_enable_content_width":"","neve_meta_content_width":0,"neve_meta_title_alignment":"","neve_meta_author_avatar":"","neve_post_elements_order":"","neve_meta_disable_header":"","neve_meta_disable_footer":"","neve_meta_disable_title":"","_themeisle_gutenberg_block_has_review":false},"product_brand":[],"product_cat":[757,811,856],"product_tag":[343],"class_list":{"0":"post-1805671","1":"product","2":"type-product","3":"status-publish","4":"has-post-thumbnail","6":"product_cat-akcesoria","7":"product_cat-pozostale-akcesoria","8":"product_cat-torby-i-organizery","9":"product_tag-poka-premium","11":"first","12":"outofstock","13":"taxable","14":"shipping-taxable","15":"purchasable","16":"product-type-simple"},"_links":{"self":[{"href":"https:\/\/liquidmaster.pl\/en\/wp-json\/wp\/v2\/product\/1805671","targetHints":{"allow":["GET"]}}],"collection":[{"href":"https:\/\/liquidmaster.pl\/en\/wp-json\/wp\/v2\/product"}],"about":[{"href":"https:\/\/liquidmaster.pl\/en\/wp-json\/wp\/v2\/types\/product"}],"replies":[{"embeddable":true,"href":"https:\/\/liquidmaster.pl\/en\/wp-json\/wp\/v2\/comments?post=1805671"}],"wp:featuredmedia":[{"embeddable":true,"href":"https:\/\/liquidmaster.pl\/en\/wp-json\/wp\/v2\/media\/1847442"}],"wp:attachment":[{"href":"https:\/\/liquidmaster.pl\/en\/wp-json\/wp\/v2\/media?parent=1805671"}],"wp:term":[{"taxonomy":"product_brand","embeddable":true,"href":"https:\/\/liquidmaster.pl\/en\/wp-json\/wp\/v2\/product_brand?post=1805671"},{"taxonomy":"product_cat","embeddable":true,"href":"https:\/\/liquidmaster.pl\/en\/wp-json\/wp\/v2\/product_cat?post=1805671"},{"taxonomy":"product_tag","embeddable":true,"href":"https:\/\/liquidmaster.pl\/en\/wp-json\/wp\/v2\/product_tag?post=1805671"}],"curies":[{"name":"wp","href":"https:\/\/api.w.org\/{rel}","templated":true}]}}