{"id":1805669,"date":"2025-03-28T15:52:50","date_gmt":"2025-03-28T13:52:50","guid":{"rendered":"https:\/\/liquidmaster.pl\/deturner-creamy-tire-dressing-5l-dressing-do-opon-z-dodatkiem-kwarcu-sio2\/"},"modified":"2026-04-19T03:22:50","modified_gmt":"2026-04-19T01:22:50","slug":"deturner-creamy-tire-dressing-5l-dressing-do-opon-z-dodatkiem-kwarcu-sio2","status":"publish","type":"product","link":"https:\/\/liquidmaster.pl\/en\/deturner-creamy-tire-dressing-5l-dressing-do-opon-z-dodatkiem-kwarcu-sio2\/","title":{"rendered":"Deturner Creamy Tire Dressing 5L - tire dressing with the addition of SiO2 quartz"},"content":{"rendered":"<p>Deturner Creamy Tire Dressing \u2013 intended for impregnation and protection of tires and external plastics. The formula is based on water and SiO2, making it free of solvents. Restores a fresh black look and gives a satin finish. The creamy consistency allows you to spread the dressing nicely and evenly in all hard-to-reach places of the tire without leaving a greasy residue. It has very good hydrophobic properties and slows down the deposition of dirt.<\/p>\n<p>Usage:<\/p>\n<li>Prepare the surface with tire cleaner or APC.<\/li>\n<li>Apply to the tire with a foam applicator.<\/li>\n<li>Leave to absorb.<\/li>\n<p>Capacity: 5L<\/p>","protected":false},"excerpt":{"rendered":"<p>Deturner Creamy Tire Dressing \u2013 przeznaczony do impregnacji i zabezpieczenia opon oraz plastik\u00f3w zewn\u0119trznych. Formu\u0142a stworzona jest na bazie wody oraz SiO2, dzi\u0119ki temu jest wolny od rozpuszczalnik\u00f3w. Przywraca \u015bwie\u017cy czarny wygl\u0105d i daje satynowe wyko\u0144czenie. Kremowa konsystencja pozwala przyjemnie i r\u00f3wnomiernie rozprowadzi\u0107 dressing we wszystkich trudno dost\u0119pnych miejscach opony przy tym nie pozostawiaj\u0105c t\u0142ustego&hellip;&nbsp;<a href=\"https:\/\/liquidmaster.pl\/en\/deturner-creamy-tire-dressing-5l-dressing-do-opon-z-dodatkiem-kwarcu-sio2\/\" rel=\"bookmark\">Read More \u00bb<span class=\"screen-reader-text\">Deturner Creamy Tire Dressing 5L - tire dressing with the addition of SiO2 quartz<\/span><\/a><\/p>","protected":false},"featured_media":1848295,"comment_status":"open","ping_status":"open","template":"","meta":{"neve_meta_sidebar":"","neve_meta_container":"","neve_meta_enable_content_width":"","neve_meta_content_width":0,"neve_meta_title_alignment":"","neve_meta_author_avatar":"","neve_post_elements_order":"","neve_meta_disable_header":"","neve_meta_disable_footer":"","neve_meta_disable_title":"","_themeisle_gutenberg_block_has_review":false},"product_brand":[],"product_cat":[765,745,733],"product_tag":[287],"class_list":{"0":"post-1805669","1":"product","2":"type-product","3":"status-publish","4":"has-post-thumbnail","6":"product_cat-dressingi","7":"product_cat-kola-i-opony","8":"product_cat-na-zewnatrz","9":"product_tag-deturner","11":"first","12":"instock","13":"taxable","14":"shipping-taxable","15":"purchasable","16":"product-type-simple"},"_links":{"self":[{"href":"https:\/\/liquidmaster.pl\/en\/wp-json\/wp\/v2\/product\/1805669","targetHints":{"allow":["GET"]}}],"collection":[{"href":"https:\/\/liquidmaster.pl\/en\/wp-json\/wp\/v2\/product"}],"about":[{"href":"https:\/\/liquidmaster.pl\/en\/wp-json\/wp\/v2\/types\/product"}],"replies":[{"embeddable":true,"href":"https:\/\/liquidmaster.pl\/en\/wp-json\/wp\/v2\/comments?post=1805669"}],"wp:featuredmedia":[{"embeddable":true,"href":"https:\/\/liquidmaster.pl\/en\/wp-json\/wp\/v2\/media\/1848295"}],"wp:attachment":[{"href":"https:\/\/liquidmaster.pl\/en\/wp-json\/wp\/v2\/media?parent=1805669"}],"wp:term":[{"taxonomy":"product_brand","embeddable":true,"href":"https:\/\/liquidmaster.pl\/en\/wp-json\/wp\/v2\/product_brand?post=1805669"},{"taxonomy":"product_cat","embeddable":true,"href":"https:\/\/liquidmaster.pl\/en\/wp-json\/wp\/v2\/product_cat?post=1805669"},{"taxonomy":"product_tag","embeddable":true,"href":"https:\/\/liquidmaster.pl\/en\/wp-json\/wp\/v2\/product_tag?post=1805669"}],"curies":[{"name":"wp","href":"https:\/\/api.w.org\/{rel}","templated":true}]}}