{"id":1805659,"date":"2025-03-28T15:52:28","date_gmt":"2025-03-28T13:52:28","guid":{"rendered":"https:\/\/liquidmaster.pl\/auto-graph-topaz-bug-remover-750ml-preparat-do-usuwania-owadow\/"},"modified":"2026-04-18T04:35:43","modified_gmt":"2026-04-18T02:35:43","slug":"auto-graph-topaz-bug-remover-750ml-preparat-do-usuwania-owadow","status":"publish","type":"product","link":"https:\/\/liquidmaster.pl\/en\/auto-graph-topaz-bug-remover-750ml-preparat-do-usuwania-owadow\/","title":{"rendered":"Auto Graph Topaz Bug Remover 750ml - preparation for removing insects"},"content":{"rendered":"<p>Auto Graph Topaz Bug Remover \u2013 are you looking for an effective insect remover? Try Topaz Bug Remover - a product that is safe for paint, glass, plastic and chrome elements. Insects on the car can damage the structure of the paint, so it is very important to wash them off on a regular basis.<\/p>\n<p>Usage:<\/p>\n<p>Spread the preparation on dirty, unheated body parts, wait about 60 seconds, and then rinse with water under pressure. Repeat the action if necessary. Do not apply the product directly in the sun and do not allow it to dry.<\/p>\n<p>Capacity: 750 ml<\/p>\n<p>\u00a0<\/p>","protected":false},"excerpt":{"rendered":"<p>Auto Graph Topaz Bug Remover \u2013 poszukujesz skutecznego preparatu do usuwania owad\u00f3w? Wypr\u00f3buj Topaz Bug Remover \u2013 produkt bezpieczny dla lakieru, szk\u0142a oraz element\u00f3w plastikowych i\u00a0chromowanych. Rozbite na aucie insekty mog\u0105 prowadzi\u0107 do uszkodzenia struktury lakieru, dlatego bardzo wa\u017cne jest ich zmywanie na bie\u017c\u0105co. Spos\u00f3b u\u017cycia: Rozprowad\u017a preparat na zabrudzonych, nierozgrzanych elementach karoserii, odczekaj oko\u0142o&hellip;&nbsp;<a href=\"https:\/\/liquidmaster.pl\/en\/auto-graph-topaz-bug-remover-750ml-preparat-do-usuwania-owadow\/\" rel=\"bookmark\">Read More \u00bb<span class=\"screen-reader-text\">Auto Graph Topaz Bug Remover 750ml - preparation for removing insects<\/span><\/a><\/p>","protected":false},"featured_media":1848284,"comment_status":"open","ping_status":"open","template":"","meta":{"neve_meta_sidebar":"","neve_meta_container":"","neve_meta_enable_content_width":"","neve_meta_content_width":0,"neve_meta_title_alignment":"","neve_meta_author_avatar":"","neve_post_elements_order":"","neve_meta_disable_header":"","neve_meta_disable_footer":"","neve_meta_disable_title":"","_themeisle_gutenberg_block_has_review":false},"product_brand":[],"product_cat":[743,733,754],"product_tag":[264],"class_list":{"0":"post-1805659","1":"product","2":"type-product","3":"status-publish","4":"has-post-thumbnail","6":"product_cat-dekontaminacja","7":"product_cat-na-zewnatrz","8":"product_cat-usuwanie-owadow","9":"product_tag-auto-graph","11":"first","12":"instock","13":"taxable","14":"shipping-taxable","15":"purchasable","16":"product-type-simple"},"_links":{"self":[{"href":"https:\/\/liquidmaster.pl\/en\/wp-json\/wp\/v2\/product\/1805659","targetHints":{"allow":["GET"]}}],"collection":[{"href":"https:\/\/liquidmaster.pl\/en\/wp-json\/wp\/v2\/product"}],"about":[{"href":"https:\/\/liquidmaster.pl\/en\/wp-json\/wp\/v2\/types\/product"}],"replies":[{"embeddable":true,"href":"https:\/\/liquidmaster.pl\/en\/wp-json\/wp\/v2\/comments?post=1805659"}],"wp:featuredmedia":[{"embeddable":true,"href":"https:\/\/liquidmaster.pl\/en\/wp-json\/wp\/v2\/media\/1848284"}],"wp:attachment":[{"href":"https:\/\/liquidmaster.pl\/en\/wp-json\/wp\/v2\/media?parent=1805659"}],"wp:term":[{"taxonomy":"product_brand","embeddable":true,"href":"https:\/\/liquidmaster.pl\/en\/wp-json\/wp\/v2\/product_brand?post=1805659"},{"taxonomy":"product_cat","embeddable":true,"href":"https:\/\/liquidmaster.pl\/en\/wp-json\/wp\/v2\/product_cat?post=1805659"},{"taxonomy":"product_tag","embeddable":true,"href":"https:\/\/liquidmaster.pl\/en\/wp-json\/wp\/v2\/product_tag?post=1805659"}],"curies":[{"name":"wp","href":"https:\/\/api.w.org\/{rel}","templated":true}]}}