{"id":1805649,"date":"2025-03-28T15:52:07","date_gmt":"2025-03-28T13:52:07","guid":{"rendered":"https:\/\/liquidmaster.pl\/waxpro-nolimit-smart-200-gsm-36x36cm-wszechstronna-cieta-laserowo-bezszwowa-mikrofibra\/"},"modified":"2026-04-20T08:15:10","modified_gmt":"2026-04-20T06:15:10","slug":"waxpro-nolimit-smart-200-gsm-36x36cm-wszechstronna-cieta-laserowo-bezszwowa-mikrofibra","status":"publish","type":"product","link":"https:\/\/liquidmaster.pl\/en\/waxpro-nolimit-smart-200-gsm-36x36cm-wszechstronna-cieta-laserowo-bezszwowa-mikrofibra\/","title":{"rendered":"waxPRO NoLimit Smart 200 gsm 36x36cm - Versatile Laser Cut Seamless Microfiber"},"content":{"rendered":"<p>waxPRO NoLimit Smart - a versatile, laser-cut seamless microfiber that will work well both in the interior and on the car&#039;s paint.<\/p>\n<p>Properties:<\/p>\n<ul>\n<li>grammage 200 g\/m\u00b2<\/li>\n<li>composition 70% polyester, 30% polyamide<\/li>\n<li>size 36 x 36 cm<\/li>\n<li>edgeless<\/li>\n<li>seamless<\/li>\n<li>does not produce dust<\/li>\n<\/ul>\n<p>Washing: Machine washable (up to 60\u00b0C). Wash with similar colors. Do not use softeners or bleaches.<\/p>","protected":false},"excerpt":{"rendered":"<p>waxPRO NoLimit Smart \u2013 wszechstronna, ci\u0119ta laserowo bezszwowa mikrofibra, kt\u00f3ra sprawdzi si\u0119 zar\u00f3wno przy pracach we wn\u0119trzu jak i na lakierze samochodu. W\u0142a\u015bciwo\u015bci: gramatura 200 g\/m\u00b2 sk\u0142ad 70% poliester, 30% poliamid rozmiar 36 x 36 cm bezkraw\u0119dziowa bezszwowa nie pyli Pranie: Nadaje si\u0119 do prania w pralce (do 60\u00b0C). Pra\u0107 z podobnymi kolorami. Nie u\u017cywa\u0107&hellip;&nbsp;<a href=\"https:\/\/liquidmaster.pl\/en\/waxpro-nolimit-smart-200-gsm-36x36cm-wszechstronna-cieta-laserowo-bezszwowa-mikrofibra\/\" rel=\"bookmark\">Read More \u00bb<span class=\"screen-reader-text\">waxPRO NoLimit Smart 200 gsm 36x36cm - Versatile Laser Cut Seamless Microfiber<\/span><\/a><\/p>","protected":false},"featured_media":1848277,"comment_status":"open","ping_status":"open","template":"","meta":{"neve_meta_sidebar":"","neve_meta_container":"","neve_meta_enable_content_width":"","neve_meta_content_width":0,"neve_meta_title_alignment":"","neve_meta_author_avatar":"","neve_post_elements_order":"","neve_meta_disable_header":"","neve_meta_disable_footer":"","neve_meta_disable_title":"","_themeisle_gutenberg_block_has_review":false},"product_brand":[],"product_cat":[757,758,798],"product_tag":[379],"class_list":{"0":"post-1805649","1":"product","2":"type-product","3":"status-publish","4":"has-post-thumbnail","6":"product_cat-akcesoria","7":"product_cat-mikrofibry-i-reczniki","8":"product_cat-uniwersalne","9":"product_tag-waxpro","11":"first","12":"outofstock","13":"taxable","14":"shipping-taxable","15":"purchasable","16":"product-type-simple"},"_links":{"self":[{"href":"https:\/\/liquidmaster.pl\/en\/wp-json\/wp\/v2\/product\/1805649","targetHints":{"allow":["GET"]}}],"collection":[{"href":"https:\/\/liquidmaster.pl\/en\/wp-json\/wp\/v2\/product"}],"about":[{"href":"https:\/\/liquidmaster.pl\/en\/wp-json\/wp\/v2\/types\/product"}],"replies":[{"embeddable":true,"href":"https:\/\/liquidmaster.pl\/en\/wp-json\/wp\/v2\/comments?post=1805649"}],"wp:featuredmedia":[{"embeddable":true,"href":"https:\/\/liquidmaster.pl\/en\/wp-json\/wp\/v2\/media\/1848277"}],"wp:attachment":[{"href":"https:\/\/liquidmaster.pl\/en\/wp-json\/wp\/v2\/media?parent=1805649"}],"wp:term":[{"taxonomy":"product_brand","embeddable":true,"href":"https:\/\/liquidmaster.pl\/en\/wp-json\/wp\/v2\/product_brand?post=1805649"},{"taxonomy":"product_cat","embeddable":true,"href":"https:\/\/liquidmaster.pl\/en\/wp-json\/wp\/v2\/product_cat?post=1805649"},{"taxonomy":"product_tag","embeddable":true,"href":"https:\/\/liquidmaster.pl\/en\/wp-json\/wp\/v2\/product_tag?post=1805649"}],"curies":[{"name":"wp","href":"https:\/\/api.w.org\/{rel}","templated":true}]}}