{"id":1805641,"date":"2025-03-28T15:50:50","date_gmt":"2025-03-28T13:50:50","guid":{"rendered":"https:\/\/liquidmaster.pl\/dodo-juice-supernatural-ultra-fine-metal-polish-100ml\/"},"modified":"2026-04-21T08:16:25","modified_gmt":"2026-04-21T06:16:25","slug":"dodo-juice-supernatural-ultra-fine-metal-polish-100ml","status":"publish","type":"product","link":"https:\/\/liquidmaster.pl\/en\/dodo-juice-supernatural-ultra-fine-metal-polish-100ml\/","title":{"rendered":"Dodo Juice Supernatural Ultra-fine Metal Polish 100ml"},"content":{"rendered":"<p>Dodo Juice Supernatural Ultra-fine Metal Polish \u2013 metal polishing paste restores tarnished metal of all types to a flawless, mirror shine.<\/p>\n<p>Please note that painted and anodized metals may be damaged by the use of metal polishes. This polish is intended for solid metal surfaces only and you should always test the polish in an inconspicuous area.<\/p>\n<p>Capacity: 100 ml<\/p>","protected":false},"excerpt":{"rendered":"<p>Dodo Juice Supernatural Ultra-fine Metal Polish \u2013 pasta do polerowania metali przywraca zmatowia\u0142y metal wszelkiego rodzaju do nieskazitelnego, lustrzanego po\u0142ysku. Nale\u017cy pami\u0119ta\u0107, \u017ce metale lakierowane i anodowane mog\u0105 zosta\u0107 uszkodzone przez u\u017cycie \u015brodk\u00f3w do polerowania metalu. Ten \u015brodek polerski jest przeznaczony wy\u0142\u0105cznie do powierzchni z litego metalu i zawsze nale\u017cy przetestowa\u0107 \u015brodek w niewidocznym miejscu.&hellip;&nbsp;<a href=\"https:\/\/liquidmaster.pl\/en\/dodo-juice-supernatural-ultra-fine-metal-polish-100ml\/\" rel=\"bookmark\">Read More \u00bb<span class=\"screen-reader-text\">Dodo Juice Supernatural Ultra-fine Metal Polish 100ml<\/span><\/a><\/p>","protected":false},"featured_media":1848272,"comment_status":"open","ping_status":"open","template":"","meta":{"neve_meta_sidebar":"","neve_meta_container":"","neve_meta_enable_content_width":"","neve_meta_content_width":0,"neve_meta_title_alignment":"","neve_meta_author_avatar":"","neve_post_elements_order":"","neve_meta_disable_header":"","neve_meta_disable_footer":"","neve_meta_disable_title":"","_themeisle_gutenberg_block_has_review":false},"product_brand":[],"product_cat":[836,733,837],"product_tag":[288],"class_list":{"0":"post-1805641","1":"product","2":"type-product","3":"status-publish","4":"has-post-thumbnail","6":"product_cat-elementy-metalowe","7":"product_cat-na-zewnatrz","8":"product_cat-polerowanie-metalu","9":"product_tag-dodo-juice","11":"first","12":"instock","13":"taxable","14":"shipping-taxable","15":"purchasable","16":"product-type-simple"},"_links":{"self":[{"href":"https:\/\/liquidmaster.pl\/en\/wp-json\/wp\/v2\/product\/1805641","targetHints":{"allow":["GET"]}}],"collection":[{"href":"https:\/\/liquidmaster.pl\/en\/wp-json\/wp\/v2\/product"}],"about":[{"href":"https:\/\/liquidmaster.pl\/en\/wp-json\/wp\/v2\/types\/product"}],"replies":[{"embeddable":true,"href":"https:\/\/liquidmaster.pl\/en\/wp-json\/wp\/v2\/comments?post=1805641"}],"wp:featuredmedia":[{"embeddable":true,"href":"https:\/\/liquidmaster.pl\/en\/wp-json\/wp\/v2\/media\/1848272"}],"wp:attachment":[{"href":"https:\/\/liquidmaster.pl\/en\/wp-json\/wp\/v2\/media?parent=1805641"}],"wp:term":[{"taxonomy":"product_brand","embeddable":true,"href":"https:\/\/liquidmaster.pl\/en\/wp-json\/wp\/v2\/product_brand?post=1805641"},{"taxonomy":"product_cat","embeddable":true,"href":"https:\/\/liquidmaster.pl\/en\/wp-json\/wp\/v2\/product_cat?post=1805641"},{"taxonomy":"product_tag","embeddable":true,"href":"https:\/\/liquidmaster.pl\/en\/wp-json\/wp\/v2\/product_tag?post=1805641"}],"curies":[{"name":"wp","href":"https:\/\/api.w.org\/{rel}","templated":true}]}}