{"id":1805633,"date":"2025-03-28T15:50:28","date_gmt":"2025-03-28T13:50:28","guid":{"rendered":"https:\/\/liquidmaster.pl\/dodo-juice-supernatural-deus-30ml-kolekcjonerski-wosk-hybrydowy\/"},"modified":"2026-03-04T06:05:56","modified_gmt":"2026-03-04T04:05:56","slug":"dodo-juice-supernatural-deus-30ml-kolekcjonerski-wosk-hybrydowy","status":"publish","type":"product","link":"https:\/\/liquidmaster.pl\/en\/dodo-juice-supernatural-deus-30ml-kolekcjonerski-wosk-hybrydowy\/","title":{"rendered":"Dodo Juice Supernatural Deus 30ml - collectible hybrid wax"},"content":{"rendered":"<p>Dodo Juice Supernatural Deus - award-winning hybrid wax, now enriched with graphene and SiO2. Half wax, half sealant, durable, easy to use and with a distinctive, shiny finish, it fills small swirls and other paint defects.<\/p>\n<p>Produced in strictly limited quantities, Supernatural Deus is supplied in specially designed packaging, befitting its status as the most luxurious car wax ever released by Supernatural. The anodized aluminum jar is placed in a special suitcase with a magnetic catch. More than 300 Supernatural Deus 30 ml jars will never be made.<\/p>\n<p>This majesty of engineering rises to an even higher level with the Supernatural Deus Rex \u2013 250 ml version. The larger variant has a solid aluminum container that has been CNC machined, electro-eroded and anodized.<\/p>\n<p>Capacity: 30 ml<\/p>","protected":false},"excerpt":{"rendered":"<p>Dodo Juice Supernatural Deus \u2013 wielokrotnie nagradzany wosk hybrydowy, teraz wzbogacony grafenem i SiO2. W po\u0142owie wosk, w po\u0142owie sealant, trwa\u0142y, \u0142atwy w u\u017cyciu i z wyrazistym, b\u0142yszcz\u0105cym wyko\u0144czeniem, wype\u0142nia drobne swirle i inne defekty lakieru. Produkowany w \u015bci\u015ble limitowanych ilo\u015bciach, Supernatural Deus jest dostarczany w specjalnie zaprojektowanych opakowaniach, co odpowiada jego statusowi najbardziej luksusowego&hellip;&nbsp;<a href=\"https:\/\/liquidmaster.pl\/en\/dodo-juice-supernatural-deus-30ml-kolekcjonerski-wosk-hybrydowy\/\" rel=\"bookmark\">Read More \u00bb<span class=\"screen-reader-text\">Dodo Juice Supernatural Deus 30ml - collectible hybrid wax<\/span><\/a><\/p>","protected":false},"featured_media":1848265,"comment_status":"open","ping_status":"open","template":"","meta":{"neve_meta_sidebar":"","neve_meta_container":"","neve_meta_enable_content_width":"","neve_meta_content_width":0,"neve_meta_title_alignment":"","neve_meta_author_avatar":"","neve_post_elements_order":"","neve_meta_disable_header":"","neve_meta_disable_footer":"","neve_meta_disable_title":"","_themeisle_gutenberg_block_has_review":false},"product_brand":[],"product_cat":[733,766,788],"product_tag":[288],"class_list":{"0":"post-1805633","1":"product","2":"type-product","3":"status-publish","4":"has-post-thumbnail","6":"product_cat-na-zewnatrz","7":"product_cat-ochrona-lakieru","8":"product_cat-woski","9":"product_tag-dodo-juice","11":"first","12":"outofstock","13":"taxable","14":"shipping-taxable","15":"purchasable","16":"product-type-simple"},"_links":{"self":[{"href":"https:\/\/liquidmaster.pl\/en\/wp-json\/wp\/v2\/product\/1805633","targetHints":{"allow":["GET"]}}],"collection":[{"href":"https:\/\/liquidmaster.pl\/en\/wp-json\/wp\/v2\/product"}],"about":[{"href":"https:\/\/liquidmaster.pl\/en\/wp-json\/wp\/v2\/types\/product"}],"replies":[{"embeddable":true,"href":"https:\/\/liquidmaster.pl\/en\/wp-json\/wp\/v2\/comments?post=1805633"}],"wp:featuredmedia":[{"embeddable":true,"href":"https:\/\/liquidmaster.pl\/en\/wp-json\/wp\/v2\/media\/1848265"}],"wp:attachment":[{"href":"https:\/\/liquidmaster.pl\/en\/wp-json\/wp\/v2\/media?parent=1805633"}],"wp:term":[{"taxonomy":"product_brand","embeddable":true,"href":"https:\/\/liquidmaster.pl\/en\/wp-json\/wp\/v2\/product_brand?post=1805633"},{"taxonomy":"product_cat","embeddable":true,"href":"https:\/\/liquidmaster.pl\/en\/wp-json\/wp\/v2\/product_cat?post=1805633"},{"taxonomy":"product_tag","embeddable":true,"href":"https:\/\/liquidmaster.pl\/en\/wp-json\/wp\/v2\/product_tag?post=1805633"}],"curies":[{"name":"wp","href":"https:\/\/api.w.org\/{rel}","templated":true}]}}