{"id":1805625,"date":"2025-03-28T15:50:05","date_gmt":"2025-03-28T13:50:05","guid":{"rendered":"https:\/\/liquidmaster.pl\/shiny-garage-wheel-and-tire-cleaner-1l-produkt-do-czyszczenia-felg-i-opon\/"},"modified":"2026-04-18T04:35:38","modified_gmt":"2026-04-18T02:35:38","slug":"shiny-garage-wheel-and-tire-cleaner-1l-produkt-do-czyszczenia-felg-i-opon","status":"publish","type":"product","link":"https:\/\/liquidmaster.pl\/en\/shiny-garage-wheel-and-tire-cleaner-1l-produkt-do-czyszczenia-felg-i-opon\/","title":{"rendered":"Shiny Garage Wheel And Tire Cleaner 1L - product for cleaning rims and tires"},"content":{"rendered":"<p>Shiny Garage Wheel And Tire Cleaner - a ready-to-use, completely safe product for cleaning rims and tires on any surface. Slightly alkaline reaction and carefully selected wetting and chelating compounds guarantee effective cleaning. After application, the rim surface obtains a glossy effect.<\/p>\n<ul>\n<li>alkaline pH<\/li>\n<li>high effectiveness<\/li>\n<li>versatility (rims and tires)<\/li>\n<li>application speed<\/li>\n<\/ul>\n<p>Smell: lemon sorbet<\/p>\n<p>Usage:<\/p>\n<ul>\n<li>Make sure the surface is cool<\/li>\n<li>Do not apply in direct sunlight<\/li>\n<\/ul>\n<li>Spray the surface with an atomizer.<\/li>\n<li>Wait 2-3 minutes, if necessary, use a toothbrush or brush.<\/li>\n<li>Rinse with water under pressure.<\/li>\n<li>Dry with a clean microfiber.<\/li>\n<p>Capacity: 1L<\/p>","protected":false},"excerpt":{"rendered":"<p>Shiny Garage Wheel And Tire Cleaner \u2013 gotowy do u\u017cycia, w pe\u0142ni bezpieczny dla ka\u017cdej powierzchni produkt do czyszczenia felg i opon. Lekko zasadowy odczyn, odpowiednio dobrane zwi\u0105zki zwil\u017caj\u0105ce i chelatuj\u0105ce gwarantuj\u0105 skuteczno\u015b\u0107 mycia. Po aplikacji powierzchnia felgi uzyskuje efekt po\u0142ysku. zasadowe pH wysoka skuteczno\u015b\u0107 wszechstronno\u015b\u0107 (felgi i opony) szybko\u015b\u0107 aplikacji Zapach: sorbetu cytrynowego Spos\u00f3b&hellip;&nbsp;<a href=\"https:\/\/liquidmaster.pl\/en\/shiny-garage-wheel-and-tire-cleaner-1l-produkt-do-czyszczenia-felg-i-opon\/\" rel=\"bookmark\">Read More \u00bb<span class=\"screen-reader-text\">Shiny Garage Wheel And Tire Cleaner 1L - product for cleaning rims and tires<\/span><\/a><\/p>","protected":false},"featured_media":1848258,"comment_status":"open","ping_status":"open","template":"","meta":{"neve_meta_sidebar":"","neve_meta_container":"","neve_meta_enable_content_width":"","neve_meta_content_width":0,"neve_meta_title_alignment":"","neve_meta_author_avatar":"","neve_post_elements_order":"","neve_meta_disable_header":"","neve_meta_disable_footer":"","neve_meta_disable_title":"","_themeisle_gutenberg_block_has_review":false},"product_brand":[],"product_cat":[746,745,733],"product_tag":[360],"class_list":{"0":"post-1805625","1":"product","2":"type-product","3":"status-publish","4":"has-post-thumbnail","6":"product_cat-czyszczenie-felg","7":"product_cat-kola-i-opony","8":"product_cat-na-zewnatrz","9":"product_tag-shiny-garage","11":"first","12":"instock","13":"taxable","14":"shipping-taxable","15":"purchasable","16":"product-type-simple"},"_links":{"self":[{"href":"https:\/\/liquidmaster.pl\/en\/wp-json\/wp\/v2\/product\/1805625","targetHints":{"allow":["GET"]}}],"collection":[{"href":"https:\/\/liquidmaster.pl\/en\/wp-json\/wp\/v2\/product"}],"about":[{"href":"https:\/\/liquidmaster.pl\/en\/wp-json\/wp\/v2\/types\/product"}],"replies":[{"embeddable":true,"href":"https:\/\/liquidmaster.pl\/en\/wp-json\/wp\/v2\/comments?post=1805625"}],"wp:featuredmedia":[{"embeddable":true,"href":"https:\/\/liquidmaster.pl\/en\/wp-json\/wp\/v2\/media\/1848258"}],"wp:attachment":[{"href":"https:\/\/liquidmaster.pl\/en\/wp-json\/wp\/v2\/media?parent=1805625"}],"wp:term":[{"taxonomy":"product_brand","embeddable":true,"href":"https:\/\/liquidmaster.pl\/en\/wp-json\/wp\/v2\/product_brand?post=1805625"},{"taxonomy":"product_cat","embeddable":true,"href":"https:\/\/liquidmaster.pl\/en\/wp-json\/wp\/v2\/product_cat?post=1805625"},{"taxonomy":"product_tag","embeddable":true,"href":"https:\/\/liquidmaster.pl\/en\/wp-json\/wp\/v2\/product_tag?post=1805625"}],"curies":[{"name":"wp","href":"https:\/\/api.w.org\/{rel}","templated":true}]}}