{"id":1805622,"date":"2025-03-28T15:50:05","date_gmt":"2025-03-28T13:50:05","guid":{"rendered":"https:\/\/liquidmaster.pl\/ledlenser-p4x-latarka-techniczna\/"},"modified":"2026-04-18T04:26:58","modified_gmt":"2026-04-18T02:26:58","slug":"ledlenser-p4x-latarka-techniczna","status":"publish","type":"product","link":"https:\/\/liquidmaster.pl\/en\/ledlenser-p4x-latarka-techniczna\/","title":{"rendered":"Ledlenser P4X - technical flashlight"},"content":{"rendered":"<p style=\"margin: 0pt; text-align: justify;\">\u00a0<\/p>\n<p>Ledlenser P4X is a model that works well as a tool for technicians and fitters, diagnosticians when inspecting the car chassis, replacing fuses or working in an industrial plant. The practical clip allows you to attach it to a shirt or apron, and it is so light that you practically do not notice it when wearing it.<\/p>\n<ul>\n<li>Main advantages of the Ledlenser P4X hand flashlight:\n<ul>\n<li>Dimensions \u2013 140 mm long and 55 grams in weight<\/li>\n<li>Operating time \u2013 operating time is up to 20 hours<\/li>\n<li>Efficiency \u2013 80 meters of range with a power of 120 lumens<\/li>\n<li>Turning System \u2013 focusing the flashlight by rotating the head<\/li>\n<li>Practicality - the pen shape and clip make for easy, discreet installation<\/li>\n<\/ul>\n<\/li>\n<\/ul>","protected":false},"excerpt":{"rendered":"<p>\u00a0 Ledlenser P4X to model sprawdzaj\u0105cy si\u0119 w roli narz\u0119dzia dla technik\u00f3w i monter\u00f3w, diagnost\u00f3w podczas przegl\u0105du podwozia samochodu, przy wymianie bezpiecznik\u00f3w czy pracy w zak\u0142adzie przemys\u0142owym. Praktyczny klips pozwala na przypi\u0119cie do koszuli lub fartucha, a przy tym jest tak lekka, \u017ce praktycznie nie zauwa\u017ca si\u0119 jej podczas noszenia. G\u0142\u00f3wne zalety latarki r\u0119cznej Ledlenser&hellip;&nbsp;<a href=\"https:\/\/liquidmaster.pl\/en\/ledlenser-p4x-latarka-techniczna\/\" rel=\"bookmark\">Read More \u00bb<span class=\"screen-reader-text\">Ledlenser P4X - technical flashlight<\/span><\/a><\/p>","protected":false},"featured_media":1847419,"comment_status":"open","ping_status":"open","template":"","meta":{"neve_meta_sidebar":"","neve_meta_container":"","neve_meta_enable_content_width":"","neve_meta_content_width":0,"neve_meta_title_alignment":"","neve_meta_author_avatar":"","neve_post_elements_order":"","neve_meta_disable_header":"","neve_meta_disable_footer":"","neve_meta_disable_title":"","_themeisle_gutenberg_block_has_review":false},"product_brand":[],"product_cat":[749,827,748],"product_tag":[317],"class_list":{"0":"post-1805622","1":"product","2":"type-product","3":"status-publish","4":"has-post-thumbnail","6":"product_cat-akcesoria-polerskie","7":"product_cat-lampy-inspekcyjne","8":"product_cat-polerowanie","9":"product_tag-ledlenser","11":"first","12":"outofstock","13":"taxable","14":"shipping-taxable","15":"purchasable","16":"product-type-simple"},"_links":{"self":[{"href":"https:\/\/liquidmaster.pl\/en\/wp-json\/wp\/v2\/product\/1805622","targetHints":{"allow":["GET"]}}],"collection":[{"href":"https:\/\/liquidmaster.pl\/en\/wp-json\/wp\/v2\/product"}],"about":[{"href":"https:\/\/liquidmaster.pl\/en\/wp-json\/wp\/v2\/types\/product"}],"replies":[{"embeddable":true,"href":"https:\/\/liquidmaster.pl\/en\/wp-json\/wp\/v2\/comments?post=1805622"}],"wp:featuredmedia":[{"embeddable":true,"href":"https:\/\/liquidmaster.pl\/en\/wp-json\/wp\/v2\/media\/1847419"}],"wp:attachment":[{"href":"https:\/\/liquidmaster.pl\/en\/wp-json\/wp\/v2\/media?parent=1805622"}],"wp:term":[{"taxonomy":"product_brand","embeddable":true,"href":"https:\/\/liquidmaster.pl\/en\/wp-json\/wp\/v2\/product_brand?post=1805622"},{"taxonomy":"product_cat","embeddable":true,"href":"https:\/\/liquidmaster.pl\/en\/wp-json\/wp\/v2\/product_cat?post=1805622"},{"taxonomy":"product_tag","embeddable":true,"href":"https:\/\/liquidmaster.pl\/en\/wp-json\/wp\/v2\/product_tag?post=1805622"}],"curies":[{"name":"wp","href":"https:\/\/api.w.org\/{rel}","templated":true}]}}