{"id":1805621,"date":"2025-03-28T15:50:05","date_gmt":"2025-03-28T13:50:05","guid":{"rendered":"https:\/\/liquidmaster.pl\/good-stuff-apc-5l-skoncentrowany-produkt-wielozadaniowy\/"},"modified":"2026-04-19T03:22:42","modified_gmt":"2026-04-19T01:22:42","slug":"good-stuff-apc-5l-skoncentrowany-produkt-wielozadaniowy","status":"publish","type":"product","link":"https:\/\/liquidmaster.pl\/en\/good-stuff-apc-5l-skoncentrowany-produkt-wielozadaniowy\/","title":{"rendered":"Good Stuff APC 5L - a concentrated multi-purpose product"},"content":{"rendered":"<p>Good Stuff APC \u2013 a concentrated multi-tasking product with increased cleaning power on various surfaces in the car. Thanks to its wide range of applications, it is perfect for cleaning tires and rims, details on the outside of the car, the engine, the interior of the car and car mats. It can be used during pre-washing. For better work comfort, it has a subtle scent of men&#039;s perfume.<\/p>\n<p>Usage:<\/p>\n<li>Prepare a solution, depending on the dirt, from 1:4 to 1:50<\/li>\n<li>Spray on a brush or surface to be cleaned and work it out<\/li>\n<li>Rinse the product with water or wipe with a dry microfiber<\/li>\n<p>Notes: Before use, test in an inconspicuous place. Do not use on heated elements.<\/p>\n<p>Capacity: 5L<\/p>\n<p>\u00a0<\/p>","protected":false},"excerpt":{"rendered":"<p>Good Stuff APC \u2013 skoncentrowany produkt wielozadaniowy o zwi\u0119kszonej sile czyszczenia r\u00f3\u017cnych powierzchni w samochodzie. Dzi\u0119ki szerokiemu zastosowaniu \u015bwietnie sprawdzi si\u0119 w trakcie czyszczenia opon i felg, detali na zewn\u0105trz samochodu, silnika, wn\u0119trza auta oraz dywanik\u00f3w samochodowych. Mo\u017ce by\u0107 u\u017cyty w trakcie wykonywania mycia wst\u0119pnego. Dla lepszego komfortu pracy posiada subtelny zapach m\u0119skich perfum. Spos\u00f3b&hellip;&nbsp;<a href=\"https:\/\/liquidmaster.pl\/en\/good-stuff-apc-5l-skoncentrowany-produkt-wielozadaniowy\/\" rel=\"bookmark\">Read More \u00bb<span class=\"screen-reader-text\">Good Stuff APC 5L - a concentrated multi-purpose product<\/span><\/a><\/p>","protected":false},"featured_media":1848255,"comment_status":"open","ping_status":"open","template":"","meta":{"neve_meta_sidebar":"","neve_meta_container":"","neve_meta_enable_content_width":"","neve_meta_content_width":0,"neve_meta_title_alignment":"","neve_meta_author_avatar":"","neve_post_elements_order":"","neve_meta_disable_header":"","neve_meta_disable_footer":"","neve_meta_disable_title":"","_themeisle_gutenberg_block_has_review":false},"product_brand":[],"product_cat":[742,734,733],"product_tag":[300],"class_list":{"0":"post-1805621","1":"product","2":"type-product","3":"status-publish","4":"has-post-thumbnail","6":"product_cat-apc-mycie-i-osuszanie","7":"product_cat-mycie-i-osuszanie","8":"product_cat-na-zewnatrz","9":"product_tag-good-stuff","11":"first","12":"instock","13":"taxable","14":"shipping-taxable","15":"purchasable","16":"product-type-simple"},"_links":{"self":[{"href":"https:\/\/liquidmaster.pl\/en\/wp-json\/wp\/v2\/product\/1805621","targetHints":{"allow":["GET"]}}],"collection":[{"href":"https:\/\/liquidmaster.pl\/en\/wp-json\/wp\/v2\/product"}],"about":[{"href":"https:\/\/liquidmaster.pl\/en\/wp-json\/wp\/v2\/types\/product"}],"replies":[{"embeddable":true,"href":"https:\/\/liquidmaster.pl\/en\/wp-json\/wp\/v2\/comments?post=1805621"}],"wp:featuredmedia":[{"embeddable":true,"href":"https:\/\/liquidmaster.pl\/en\/wp-json\/wp\/v2\/media\/1848255"}],"wp:attachment":[{"href":"https:\/\/liquidmaster.pl\/en\/wp-json\/wp\/v2\/media?parent=1805621"}],"wp:term":[{"taxonomy":"product_brand","embeddable":true,"href":"https:\/\/liquidmaster.pl\/en\/wp-json\/wp\/v2\/product_brand?post=1805621"},{"taxonomy":"product_cat","embeddable":true,"href":"https:\/\/liquidmaster.pl\/en\/wp-json\/wp\/v2\/product_cat?post=1805621"},{"taxonomy":"product_tag","embeddable":true,"href":"https:\/\/liquidmaster.pl\/en\/wp-json\/wp\/v2\/product_tag?post=1805621"}],"curies":[{"name":"wp","href":"https:\/\/api.w.org\/{rel}","templated":true}]}}