{"id":1805609,"date":"2025-03-28T15:48:30","date_gmt":"2025-03-28T13:48:30","guid":{"rendered":"https:\/\/liquidmaster.pl\/adbl-roller-da12075-01-bag-polerka-samochodowa-dual-action-o-skoku-12mm-z-torba\/"},"modified":"2026-04-20T08:15:03","modified_gmt":"2026-04-20T06:15:03","slug":"adbl-roller-da12075-01-bag-polerka-samochodowa-dual-action-o-skoku-12mm-z-torba","status":"publish","type":"product","link":"https:\/\/liquidmaster.pl\/en\/adbl-roller-da12075-01-bag-polerka-samochodowa-dual-action-o-skoku-12mm-z-torba\/","title":{"rendered":"ADBL Roller DA12075-01 + Bag \u2013 dual action car polisher with a stroke of 12mm with a bag"},"content":{"rendered":"<p>ADBL Roller DA12075-01 - the ergonomic design of the machine allows the user to reach places previously inaccessible to devices of this type. The short head and compact body enable work on demanding elements such as bumpers or aerodynamics packages. A stroke of 12 mm combined with appropriate polishing materials guarantees a perfect finish of the polished surface.<\/p>\n<p>A very powerful engine and stable speed during operation and gear shifting allow you to quickly achieve the desired level of paint correction. The Soft Start system, ergonomics of construction and a long, flexible power cord support the user during many hours of work, and the well-thought-out and proven design guarantees failure-free use.<\/p>\n<p>The machine is equipped with:<\/p>\n<ul>\n<li>Brush wear indicator for brush replacement<\/li>\n<li>Soft Start system and quick stopping of the plate after turning it off<\/li>\n<li>Compact size and low weight<\/li>\n<li>Anti-slip body<\/li>\n<li>6 gears with smooth transition between revolutions<\/li>\n<li>A contoured, short head that adapts to the shape of the hand<\/li>\n<li>Ergonomic shape enabling work on demanding elements<\/li>\n<li>Speed stabilization ensuring even operation thanks to noticeably lower vibrations<\/li>\n<li>A long 5 m cable ensures freedom when polishing<\/li>\n<\/ul>\n<p>The kit includes:<\/p>\n<ul>\n<li>ADBL Roller D12075-01 polishing machine<\/li>\n<li>Support plate 75 mm \u2013 1 pc.<\/li>\n<li>key - 1 pc.<\/li>\n<li>Carbon brushes - 1 set<\/li>\n<li>User manual<\/li>\n<li>Bag<\/li>\n<\/ul>\n<p>Technical Specifications:<\/p>\n<ul>\n<li>Maximum stroke: 12 mm<\/li>\n<li>Polishing pad diameter: 75 mm<\/li>\n<li>Turntable diameter: 75 mm<\/li>\n<li>Output power (Watt): 750W<\/li>\n<li>RPM (number of revolutions per minute): 2000 \u2013 5500<\/li>\n<li>Power cord length: 5 m<\/li>\n<li>Weight: 2 kg<\/li>\n<li>Electronic speed control: YES<\/li>\n<li>Soft start trigger: YES<\/li>\n<li>Insulation class: II<\/li>\n<li>Operating voltage: 230 V\/ 50 Hz<\/li>\n<\/ul>\n<p>\u00a0<\/p>","protected":false},"excerpt":{"rendered":"<p>ADBL Roller DA12075-01 \u2013 ergonomiczna budowa maszyny pozwala dotrze\u0107 u\u017cytkownikowi do miejsc dotychczas niedost\u0119pnych dla urz\u0105dze\u0144 tego typu. Kr\u00f3tka g\u0142owa i zwarty korpus umo\u017cliwiaj\u0105 prac\u0119 na wymagaj\u0105cych elementach takich jak zderzaki czy pakiety aerodynamiki. Skok 12 mm w po\u0142\u0105czeniu z odpowiednimi materia\u0142ami polerskimi to gwarancja idealnego wyko\u0144czenia polerowanej powierzchni. Bardzo mocny silnik i stabilizacja obrot\u00f3w&hellip;&nbsp;<a href=\"https:\/\/liquidmaster.pl\/en\/adbl-roller-da12075-01-bag-polerka-samochodowa-dual-action-o-skoku-12mm-z-torba\/\" rel=\"bookmark\">Read More \u00bb<span class=\"screen-reader-text\">ADBL Roller DA12075-01 + Bag \u2013 dual action car polisher with a stroke of 12mm with a bag<\/span><\/a><\/p>","protected":false},"featured_media":1848247,"comment_status":"open","ping_status":"open","template":"","meta":{"neve_meta_sidebar":"","neve_meta_container":"","neve_meta_enable_content_width":"","neve_meta_content_width":0,"neve_meta_title_alignment":"","neve_meta_author_avatar":"","neve_post_elements_order":"","neve_meta_disable_header":"","neve_meta_disable_footer":"","neve_meta_disable_title":"","_themeisle_gutenberg_block_has_review":false},"product_brand":[],"product_cat":[807,806,748],"product_tag":[258],"class_list":{"0":"post-1805609","1":"product","2":"type-product","3":"status-publish","4":"has-post-thumbnail","6":"product_cat-maszyny-dual-action","7":"product_cat-maszyny-polerskie","8":"product_cat-polerowanie","9":"product_tag-adbl","11":"first","12":"instock","13":"taxable","14":"shipping-taxable","15":"purchasable","16":"product-type-simple"},"_links":{"self":[{"href":"https:\/\/liquidmaster.pl\/en\/wp-json\/wp\/v2\/product\/1805609","targetHints":{"allow":["GET"]}}],"collection":[{"href":"https:\/\/liquidmaster.pl\/en\/wp-json\/wp\/v2\/product"}],"about":[{"href":"https:\/\/liquidmaster.pl\/en\/wp-json\/wp\/v2\/types\/product"}],"replies":[{"embeddable":true,"href":"https:\/\/liquidmaster.pl\/en\/wp-json\/wp\/v2\/comments?post=1805609"}],"wp:featuredmedia":[{"embeddable":true,"href":"https:\/\/liquidmaster.pl\/en\/wp-json\/wp\/v2\/media\/1848247"}],"wp:attachment":[{"href":"https:\/\/liquidmaster.pl\/en\/wp-json\/wp\/v2\/media?parent=1805609"}],"wp:term":[{"taxonomy":"product_brand","embeddable":true,"href":"https:\/\/liquidmaster.pl\/en\/wp-json\/wp\/v2\/product_brand?post=1805609"},{"taxonomy":"product_cat","embeddable":true,"href":"https:\/\/liquidmaster.pl\/en\/wp-json\/wp\/v2\/product_cat?post=1805609"},{"taxonomy":"product_tag","embeddable":true,"href":"https:\/\/liquidmaster.pl\/en\/wp-json\/wp\/v2\/product_tag?post=1805609"}],"curies":[{"name":"wp","href":"https:\/\/api.w.org\/{rel}","templated":true}]}}