{"id":1805607,"date":"2025-03-28T15:48:30","date_gmt":"2025-03-28T13:48:30","guid":{"rendered":"https:\/\/liquidmaster.pl\/adbl-roller-d09125-02-bag-polerka-samochodowa-z-torba\/"},"modified":"2026-04-20T08:15:02","modified_gmt":"2026-04-20T06:15:02","slug":"adbl-roller-d09125-02-bag-polerka-samochodowa-z-torba","status":"publish","type":"product","link":"https:\/\/liquidmaster.pl\/en\/adbl-roller-d09125-02-bag-polerka-samochodowa-z-torba\/","title":{"rendered":"ADBL Roller D09125-02 + Bag - car polisher with a bag"},"content":{"rendered":"<p>ADBL Roller D09125-02 \u2013 wysokiej jako\u015bci polerka samochodowa<\/p>\n<p>ADBL Roller D09125-02 to zaawansowana maszyna polerska, kt\u00f3ra dzi\u0119ki swojej niskiej masie i kompaktowej budowie pozwala dotrze\u0107 do miejsc niedost\u0119pnych dla wi\u0119kszych urz\u0105dze\u0144 tego typu. Jej kr\u00f3tka g\u0142owa i zwarty korpus umo\u017cliwiaj\u0105 skuteczn\u0105 prac\u0119 na trudno dost\u0119pnych elementach \u2013 zaokr\u0105gleniach i zagi\u0119ciach zderzak\u00f3w, w okolicach prog\u00f3w czy klapy baga\u017cnika. 9-milimetrowy skok w po\u0142\u0105czeniu z odpowiednim padem polerskim to gwarancja idealnego wyko\u0144czenia polerowanej powierzchni.<\/p>\n<p>D09125-02 od ADBL \u2013 specyfikacja techniczna<\/p>\n<p>Bardzo wydajny silnik i mo\u017cliwo\u015b\u0107 stabilizacji obrot\u00f3w podczas pracy, a tak\u017ce zmiany bieg\u00f3w pozwalaj\u0105 szybko osi\u0105gn\u0105\u0107 po\u017c\u0105dany stopie\u0144 korekcji lakieru. Wbudowany system Soft Start, ergonomiczna budowa maszyny oraz d\u0142ugi, elastyczny przew\u00f3d zasilaj\u0105cy wspieraj\u0105 u\u017cytkownika podczas wielogodzinnej pracy w niewygodnej pozycji. Do tego dochodzi przemy\u015blana i sprawdzona konstrukcja, kt\u00f3ra gwarantuje bezawaryjne u\u017cytkowanie.<\/p>\n<p>Additional information:<\/p>\n<ul>\n<li>skok maksymalny: 9 mm;<\/li>\n<li>\u015brednica pada polerskiego: 125 mm;<\/li>\n<li>\u015brednica talerza maszyny: 125 mm;<\/li>\n<li>moc wyj\u015bciowa: 750 W;<\/li>\n<li>RPM (ilo\u015b\u0107 obrot\u00f3w na minut\u0119): 2000-6400;<\/li>\n<li>d\u0142ugo\u015b\u0107 przewodu zasilaj\u0105cego: 5 m;<\/li>\n<li>waga: 2 kg;<\/li>\n<li>kontrola pr\u0119dko\u015bci: tak;<\/li>\n<li>spust mi\u0119kkiego startu: tak;<\/li>\n<li>klasa izolacji: II;<\/li>\n<li>napi\u0119cie operacyjne: 230 V \/ 50 Hz.<\/li>\n<\/ul>\n<p>Wyposa\u017cenie polerki ADBL Roller D09125-02<\/p>\n<p>ADBL Roller D09125-02 to wysoce zaawansowane urz\u0105dzenie odpowiadaj\u0105ce na potrzeby nawet najbardziej wymagaj\u0105cych auto detailer\u00f3w. Co stoi za jego wydajno\u015bci\u0105 i znakomitymi efektami pracy? Maszyna zosta\u0142a wyposa\u017cona w:<\/p>\n<ul>\n<li>wska\u017anik zu\u017cycia szczotek sygnalizuj\u0105cy ich wymian\u0119,<\/li>\n<li>system Soft Start i mo\u017cliwo\u015b\u0107 szybkiego zatrzymania talerza po wy\u0142\u0105czeniu,<\/li>\n<li>antypo\u015blizgowy korpus zwi\u0119kszaj\u0105cy bezpiecze\u0144stwo pracy,<\/li>\n<li>sze\u015b\u0107 bieg\u00f3w z p\u0142ynnym przej\u015bciem mi\u0119dzy obrotami,<\/li>\n<li>wyprofilowan\u0105, kr\u00f3tk\u0105 g\u0142ow\u0119, idealn\u0105 do precyzyjnych zada\u0144,<\/li>\n<li>ergonomiczny kszta\u0142t wygodny dla d\u0142oni,<\/li>\n<li>system stabilizacji obrot\u00f3w zapewniaj\u0105cy r\u00f3wn\u0105 prac\u0119,<\/li>\n<li>d\u0142ugi przew\u00f3d elektryczny o d\u0142ugo\u015bci 5 m.<\/li>\n<\/ul>\n<p>Wybieraj\u0105c D09125-02, otrzymujesz ca\u0142y zestaw. W nim znajdziesz:<\/p>\n<ul>\n<li>maszyn\u0119 polersk\u0105 ADBL Roller D09125-02,<\/li>\n<li>talerz oporowy 125 mm \u2013 1 szt.,<\/li>\n<li>talerz oporowy 75 mm \u2013 1 szt.,<\/li>\n<li>uchwyt typu \u201eD\u201d \u2013 1 szt.,<\/li>\n<li>klucz \u2013 2 szt.,<\/li>\n<li>szczotki w\u0119glowe \u2013 1 kpl.,<\/li>\n<li>instrukcj\u0119 obs\u0142ugi,<\/li>\n<li>os\u0142on\u0119,<\/li>\n<li>torb\u0119.<\/li>\n<\/ul>\n<p>\u00a0<\/p>\n<p>ADBL Roller D09125-02 - low weight and compact design of the machine allows the user to reach places previously inaccessible to devices of this type. The short head and compact body enable work on demanding elements such as bumpers or aerodynamics packages. A stroke of 9 mm combined with appropriate polishing materials guarantees a perfect finish of the polished surface.<\/p>\n<p>A very powerful engine and stable speed during operation and gear shifting allow you to quickly achieve the desired level of paint correction. The Soft Start system, ergonomics of construction and a long, flexible power cord support the user during many hours of work, and the well-thought-out and proven design guarantees failure-free use.<\/p>\n<p>The machine is equipped with:<\/p>\n<ul>\n<li>Brush wear indicator for brush replacement<\/li>\n<li>Soft Start system and quick stopping of the plate after turning it off<\/li>\n<li>Compact size and low weight<\/li>\n<li>Anti-slip body<\/li>\n<li>6 gears with smooth transition between revolutions<\/li>\n<li>A contoured, short head that adapts to the shape of the hand<\/li>\n<li>Ergonomic shape enabling work on demanding elements<\/li>\n<li>Speed stabilization ensuring even operation thanks to noticeably lower vibrations<\/li>\n<li>A long 5 m cable ensures freedom when polishing<\/li>\n<\/ul>\n<p>\u00a0<\/p>\n<p>The set includes:<\/p>\n<ul>\n<li>ADBL Roller D09125-02 polishing machine<\/li>\n<li>Backing plate 125 mm - 1 pc.<\/li>\n<li>Support plate 75 mm \u2013 1 pc.<\/li>\n<li>&quot;D&quot; type handle - 1 pc.<\/li>\n<li>Key \u2013 2 pcs.<\/li>\n<li>Carbon brushes - 1 set<\/li>\n<li>User manual<\/li>\n<li>Disk cover<\/li>\n<li>Bag<\/li>\n<\/ul>\n<p>\u00a0<\/p>\n<p>Technical Specifications:<\/p>\n<ul>\n<li>Maximum stroke: 9 mm<\/li>\n<li>Polishing pad diameter: 125 mm<\/li>\n<li>Turntable diameter: 125 mm<\/li>\n<li>Output power (Watt): 750W<\/li>\n<li>RPM (revolutions per minute): 2000 \u2013 6400<\/li>\n<li>Power cord length: 5 m<\/li>\n<li>Weight: 2 kg<\/li>\n<li>Electronic speed control: YES<\/li>\n<li>Soft start trigger: YES<\/li>\n<li>Insulation class: II<\/li>\n<li>Operating voltage: 230 V\/ 50 Hz<\/li>\n<\/ul>\n<p>\u00a0<\/p>","protected":false},"excerpt":{"rendered":"<p>ADBL Roller D09125-02 \u2013 wysokiej jako\u015bci polerka samochodowa ADBL Roller D09125-02 to zaawansowana maszyna polerska, kt\u00f3ra dzi\u0119ki swojej niskiej masie i kompaktowej budowie pozwala dotrze\u0107 do miejsc niedost\u0119pnych dla wi\u0119kszych urz\u0105dze\u0144 tego typu. Jej kr\u00f3tka g\u0142owa i zwarty korpus umo\u017cliwiaj\u0105 skuteczn\u0105 prac\u0119 na trudno dost\u0119pnych elementach \u2013 zaokr\u0105gleniach i zagi\u0119ciach zderzak\u00f3w, w okolicach prog\u00f3w czy&hellip;&nbsp;<a href=\"https:\/\/liquidmaster.pl\/en\/adbl-roller-d09125-02-bag-polerka-samochodowa-z-torba\/\" rel=\"bookmark\">Read More \u00bb<span class=\"screen-reader-text\">ADBL Roller D09125-02 + Bag - car polisher with a bag<\/span><\/a><\/p>","protected":false},"featured_media":1848246,"comment_status":"open","ping_status":"open","template":"","meta":{"neve_meta_sidebar":"","neve_meta_container":"","neve_meta_enable_content_width":"","neve_meta_content_width":0,"neve_meta_title_alignment":"","neve_meta_author_avatar":"","neve_post_elements_order":"","neve_meta_disable_header":"","neve_meta_disable_footer":"","neve_meta_disable_title":"","_themeisle_gutenberg_block_has_review":false},"product_brand":[],"product_cat":[807,806,748],"product_tag":[258],"class_list":{"0":"post-1805607","1":"product","2":"type-product","3":"status-publish","4":"has-post-thumbnail","6":"product_cat-maszyny-dual-action","7":"product_cat-maszyny-polerskie","8":"product_cat-polerowanie","9":"product_tag-adbl","11":"first","12":"instock","13":"taxable","14":"shipping-taxable","15":"purchasable","16":"product-type-simple"},"_links":{"self":[{"href":"https:\/\/liquidmaster.pl\/en\/wp-json\/wp\/v2\/product\/1805607","targetHints":{"allow":["GET"]}}],"collection":[{"href":"https:\/\/liquidmaster.pl\/en\/wp-json\/wp\/v2\/product"}],"about":[{"href":"https:\/\/liquidmaster.pl\/en\/wp-json\/wp\/v2\/types\/product"}],"replies":[{"embeddable":true,"href":"https:\/\/liquidmaster.pl\/en\/wp-json\/wp\/v2\/comments?post=1805607"}],"wp:featuredmedia":[{"embeddable":true,"href":"https:\/\/liquidmaster.pl\/en\/wp-json\/wp\/v2\/media\/1848246"}],"wp:attachment":[{"href":"https:\/\/liquidmaster.pl\/en\/wp-json\/wp\/v2\/media?parent=1805607"}],"wp:term":[{"taxonomy":"product_brand","embeddable":true,"href":"https:\/\/liquidmaster.pl\/en\/wp-json\/wp\/v2\/product_brand?post=1805607"},{"taxonomy":"product_cat","embeddable":true,"href":"https:\/\/liquidmaster.pl\/en\/wp-json\/wp\/v2\/product_cat?post=1805607"},{"taxonomy":"product_tag","embeddable":true,"href":"https:\/\/liquidmaster.pl\/en\/wp-json\/wp\/v2\/product_tag?post=1805607"}],"curies":[{"name":"wp","href":"https:\/\/api.w.org\/{rel}","templated":true}]}}