{"id":1805591,"date":"2025-03-28T15:46:50","date_gmt":"2025-03-28T13:46:50","guid":{"rendered":"https:\/\/liquidmaster.pl\/kiurlab-tire-x-500ml-tire-cleaner\/"},"modified":"2026-04-19T03:22:37","modified_gmt":"2026-04-19T01:22:37","slug":"kiurlab-tire-x-500ml-tire-cleaner","status":"publish","type":"product","link":"https:\/\/liquidmaster.pl\/en\/kiurlab-tire-x-500ml-tire-cleaner\/","title":{"rendered":"Kiurlab TIRE-X 500ml - Tire Cleaner"},"content":{"rendered":"<p>TIRE-X by KiurLab \u2013 an effective tire cleaner<\/p>\n<p>Tire cleaner TIRE-X is a high-quality agent for deep cleaning of car tires from dirt, dust, mud and other typical road deposits. TIRE-X even works on hard-to-reach places such as tread grooves and cuts, leaving tires clean and shiny. Regardless of the type of tire - summer, winter or off-road - tire cleaner TIRE-X from KiurLab quickly and effectively restores the tires&#039; natural appearance.<\/p>\n<p>Why is it worth using tire cleaner to clean tires?<\/p>\n<p>Car tires are one of the most visible parts of a vehicle. Clean, shiny tires significantly affect the attractive appearance of the car. Additionally, keeping your tires clean is important to improve driving safety. Clean tires provide better road grip and slower wear. Therefore, regularly removing dirt from the tire surface is extremely important. However, please remember that using inappropriate cleaning agents may negatively affect the driving properties of the tire, and in some cases they may even damage it. Tire cleaner TIRE-X, by KiurLab, has been specially developed to effectively and safely remove typical road dirt from tires.<\/p>\n<p>Advantages of the TIRE-X tire cleaner by KiurLab<\/p>\n<ul>\n<li>deeply penetrates tires - the specially developed TIRE-X recipe deeply penetrates the tire, effectively removing dirt even from hard-to-reach places<\/li>\n<li>has an alkaline reaction - tire cleaner TIRE-X ensures safe use for regular cleaning of tires. Additionally, it does not have a negative impact on elements susceptible to rusting, such as exposed metal elements of the braking system.<\/li>\n<li>effectively cleans tires - TIRE-X by KiurLab effectively removes stubborn dirt from tires, keeping them clean and fresh<\/li>\n<li>improves the adhesion of dressings - thanks to deep penetration into the tire structure, TIRE-X creates an ideal base for dressings, thanks to which the &quot;wet tire&quot; effect obtained during the treatment lasts longer<\/li>\n<\/ul>\n<p>How to use TIRE-X by KiurLab<\/p>\n<p>Before using the TIRE-X tire cleaner, we recommend that you read the product instructions on the packaging. It is important to follow the directions carefully to achieve optimal results and avoid potential unwanted effects.<\/p>\n<p>Recommendations before use<\/p>\n<li>Make sure the surface you want to clean is cold.<\/li>\n<li>Shake the bottle vigorously before use to mix the contents thoroughly.<\/li>\n<li>Before you start cleaning, test the product on an inconspicuous part of the surface you are cleaning to make sure it will not cause any unwanted effects.<\/li>\n<p>How to use TIRE-X by KiurLab<\/p>\n<li>Spray the product directly onto the tire.<\/li>\n<li>Spread the preparation over the tire using a brush or brush<\/li>\n<li>Rinse the cleaned surface abundantly with water under pressure.<\/li>\n<li>If necessary, repeat the steps to obtain the desired effect.<\/li>","protected":false},"excerpt":{"rendered":"<p>TIRE-X marki KiurLab \u2013 skuteczny \u015brodek do czyszczenia opon Tire cleaner TIRE-X to wysokiej jako\u015bci \u015brodek do g\u0142\u0119bokiego czyszczenia opon samochodowych z brudu, kurzu, b\u0142ota oraz innych typowych osad\u00f3w drogowych. TIRE-X dzia\u0142a nawet na trudno dost\u0119pne miejsca, takie jak rowki bie\u017cnika i naci\u0119cia, pozostawiaj\u0105c opony czyste i l\u015bni\u0105ce. Niezale\u017cnie od rodzaju opony \u2013 letniej, zimowej&hellip;&nbsp;<a href=\"https:\/\/liquidmaster.pl\/en\/kiurlab-tire-x-500ml-tire-cleaner\/\" rel=\"bookmark\">Read More \u00bb<span class=\"screen-reader-text\">Kiurlab TIRE-X 500ml - Tire Cleaner<\/span><\/a><\/p>","protected":false},"featured_media":1848235,"comment_status":"open","ping_status":"open","template":"","meta":{"neve_meta_sidebar":"","neve_meta_container":"","neve_meta_enable_content_width":"","neve_meta_content_width":0,"neve_meta_title_alignment":"","neve_meta_author_avatar":"","neve_post_elements_order":"","neve_meta_disable_header":"","neve_meta_disable_footer":"","neve_meta_disable_title":"","_themeisle_gutenberg_block_has_review":false},"product_brand":[],"product_cat":[819,745,733],"product_tag":[917],"class_list":{"0":"post-1805591","1":"product","2":"type-product","3":"status-publish","4":"has-post-thumbnail","6":"product_cat-czyszczenie-opon-i-gumy","7":"product_cat-kola-i-opony","8":"product_cat-na-zewnatrz","9":"product_tag-kiurlab","11":"first","12":"instock","13":"taxable","14":"shipping-taxable","15":"purchasable","16":"product-type-simple"},"_links":{"self":[{"href":"https:\/\/liquidmaster.pl\/en\/wp-json\/wp\/v2\/product\/1805591","targetHints":{"allow":["GET"]}}],"collection":[{"href":"https:\/\/liquidmaster.pl\/en\/wp-json\/wp\/v2\/product"}],"about":[{"href":"https:\/\/liquidmaster.pl\/en\/wp-json\/wp\/v2\/types\/product"}],"replies":[{"embeddable":true,"href":"https:\/\/liquidmaster.pl\/en\/wp-json\/wp\/v2\/comments?post=1805591"}],"wp:featuredmedia":[{"embeddable":true,"href":"https:\/\/liquidmaster.pl\/en\/wp-json\/wp\/v2\/media\/1848235"}],"wp:attachment":[{"href":"https:\/\/liquidmaster.pl\/en\/wp-json\/wp\/v2\/media?parent=1805591"}],"wp:term":[{"taxonomy":"product_brand","embeddable":true,"href":"https:\/\/liquidmaster.pl\/en\/wp-json\/wp\/v2\/product_brand?post=1805591"},{"taxonomy":"product_cat","embeddable":true,"href":"https:\/\/liquidmaster.pl\/en\/wp-json\/wp\/v2\/product_cat?post=1805591"},{"taxonomy":"product_tag","embeddable":true,"href":"https:\/\/liquidmaster.pl\/en\/wp-json\/wp\/v2\/product_tag?post=1805591"}],"curies":[{"name":"wp","href":"https:\/\/api.w.org\/{rel}","templated":true}]}}