{"id":1805579,"date":"2025-03-28T15:46:26","date_gmt":"2025-03-28T13:46:26","guid":{"rendered":"https:\/\/liquidmaster.pl\/kiurlab-rh-20l-deironizer-do-lakieru\/"},"modified":"2026-04-18T04:35:31","modified_gmt":"2026-04-18T02:35:31","slug":"kiurlab-rh-20l-deironizer-do-lakieru","status":"publish","type":"product","link":"https:\/\/liquidmaster.pl\/en\/kiurlab-rh-20l-deironizer-do-lakieru\/","title":{"rendered":"Kiurlab RH-20L \u2013 varnish deironizer"},"content":{"rendered":"<p>RH paint deironizer - by KiurLab - effective removal of metallic contaminants from car paint.<\/p>\n<p>Deironizer RH - is a specialized cleaning agent, developed specifically for removing metallic contaminants from car paint surfaces. Contaminants such as iron filings, rust or dust resulting from abrasion of brake discs may appear on the paint. These substances may permanently settle on the paint surface, causing unsightly permanent dirt on the paint (usually in the form of characteristic orange dots) and potentially damaging it. In the case of traditional cleaning products, their effectiveness in removing this type of contamination is usually limited. In such a situation, the best solution is to use an RH- deironizer, which chemically affects the contamination, dissolves it and removes it from the paint surface, restoring its purity and perfect appearance.<\/p>\n<p>Deironizer RH- \u2013 an advanced formula for cleaning car paint from metallic impurities<\/p>\n<p>Deironizer RH - by Kiurlab is an exceptionally effective product that removes metallic impurities through the so-called deironization. When applying the preparation to the surface of car paint, we observe a characteristic &quot;bleeding&quot; effect, which informs us about the presence of these contaminants. The red color of the preparation is a visible proof of the reaction taking place between the agent and metallic contaminants, which results in clear cleaning of the paint and effective removal of metallic contaminants from its surface.<\/p>\n<p>Advantages of the RH-KiurLab nail polish deironizer<\/p>\n<ul>\n<li>Quick reaction time - the &quot;bleeding&quot; effect of the varnish can be observed just a few seconds after applying the preparation<\/li>\n<li>Adapted density - RH density - has been adapted to apply it directly to car paint, thanks to which the product stays on the car surface for a long time.<\/li>\n<li>Safety for paint - the refined recipe of the KiurLab RH deironizer is gentle and safe for various types of traditional, metallic, pearl paints and those protected with protective coatings<\/li>\n<\/ul>\n<p>How to use KiurLab RH nail polish deironizer?<\/p>\n<p>RH varnish deironizer is a preparation for specialized use. Before use, it is recommended to read the instructions on the packaging carefully. When working, ensure adequate ventilation of the room and use gloves, a protective mask and goggles to ensure the safety and protection of the user.<\/p>\n<p>Recommendations before use:<\/p>\n<li>Make sure the paint surface is cold<\/li>\n<li>Shake the bottle before use to mix its contents<\/li>\n<li>Carry out a test on an invisible part of the surface to be cleaned to make sure that the preparation does not cause any unwanted effects<\/li>\n<li>Avoid applying deironizer to exposed metal parts of the vehicle (e.g. brake discs, towbar, etc.). If there is a risk of contact of the preparation with these elements, protect them with masking tape or another form of protection.<\/li>\n<p>How to use the RH-KiurLab Deironizer:<\/p>\n<li>Spray the agent onto the surface to be cleaned from a distance of about 10 cm<\/li>\n<li>In case of hard-to-reach places, use a brush to evenly distribute the preparation<\/li>\n<li>Wait about 5 minutes until the characteristic &quot;bleeding&quot; effect appears.<\/li>\n<li>Remove the preparation from the cleaned surface by rinsing the varnish thoroughly with cold water<\/li>\n<li>Repeat the steps if necessary<\/li>","protected":false},"excerpt":{"rendered":"<p>Deironizer do lakieru RH- marki KiurLab \u2013 skuteczne usuwanie zanieczyszcze\u0144 metalicznych z lakieru samochodowego. Deironizer RH- to wyspecjalizowany \u015brodek czyszcz\u0105cy, opracowany specjalnie do usuwania zanieczyszcze\u0144 metalicznych z powierzchni lakieru samochodowego. Na lakierze mog\u0105 pojawia\u0107 si\u0119 takie zanieczyszczenia jak opi\u0142ki \u017celaza, rdza czy py\u0142 powsta\u0142y w wyniku \u015bcierania tarcz hamulcowych. Te substancje mog\u0105 trwale osadza\u0107 si\u0119&hellip;&nbsp;<a href=\"https:\/\/liquidmaster.pl\/en\/kiurlab-rh-20l-deironizer-do-lakieru\/\" rel=\"bookmark\">Read More \u00bb<span class=\"screen-reader-text\">Kiurlab RH-20L \u2013 varnish deironizer<\/span><\/a><\/p>","protected":false},"featured_media":1848226,"comment_status":"open","ping_status":"open","template":"","meta":{"neve_meta_sidebar":"","neve_meta_container":"","neve_meta_enable_content_width":"","neve_meta_content_width":0,"neve_meta_title_alignment":"","neve_meta_author_avatar":"","neve_post_elements_order":"","neve_meta_disable_header":"","neve_meta_disable_footer":"","neve_meta_disable_title":"","_themeisle_gutenberg_block_has_review":false},"product_brand":[],"product_cat":[744,743,733],"product_tag":[917],"class_list":{"0":"post-1805579","1":"product","2":"type-product","3":"status-publish","4":"has-post-thumbnail","6":"product_cat-deironizacja","7":"product_cat-dekontaminacja","8":"product_cat-na-zewnatrz","9":"product_tag-kiurlab","11":"first","12":"instock","13":"taxable","14":"shipping-taxable","15":"purchasable","16":"product-type-simple"},"_links":{"self":[{"href":"https:\/\/liquidmaster.pl\/en\/wp-json\/wp\/v2\/product\/1805579","targetHints":{"allow":["GET"]}}],"collection":[{"href":"https:\/\/liquidmaster.pl\/en\/wp-json\/wp\/v2\/product"}],"about":[{"href":"https:\/\/liquidmaster.pl\/en\/wp-json\/wp\/v2\/types\/product"}],"replies":[{"embeddable":true,"href":"https:\/\/liquidmaster.pl\/en\/wp-json\/wp\/v2\/comments?post=1805579"}],"wp:featuredmedia":[{"embeddable":true,"href":"https:\/\/liquidmaster.pl\/en\/wp-json\/wp\/v2\/media\/1848226"}],"wp:attachment":[{"href":"https:\/\/liquidmaster.pl\/en\/wp-json\/wp\/v2\/media?parent=1805579"}],"wp:term":[{"taxonomy":"product_brand","embeddable":true,"href":"https:\/\/liquidmaster.pl\/en\/wp-json\/wp\/v2\/product_brand?post=1805579"},{"taxonomy":"product_cat","embeddable":true,"href":"https:\/\/liquidmaster.pl\/en\/wp-json\/wp\/v2\/product_cat?post=1805579"},{"taxonomy":"product_tag","embeddable":true,"href":"https:\/\/liquidmaster.pl\/en\/wp-json\/wp\/v2\/product_tag?post=1805579"}],"curies":[{"name":"wp","href":"https:\/\/api.w.org\/{rel}","templated":true}]}}