{"id":1805563,"date":"2025-03-28T15:44:45","date_gmt":"2025-03-28T13:44:45","guid":{"rendered":"https:\/\/liquidmaster.pl\/kiurlab-s-o-s-500ml\/"},"modified":"2026-04-19T03:22:31","modified_gmt":"2026-04-19T01:22:31","slug":"kiurlab-s-o-s-500ml","status":"publish","type":"product","link":"https:\/\/liquidmaster.pl\/en\/kiurlab-sos-500ml\/","title":{"rendered":"Kiurlab SOS 500ml"},"content":{"rendered":"<p>SOS by KiurLab - a strong preparation for local removal of bituminous contamination<\/p>\n<p>Are you having trouble removing bituminous dirt from your car&#039;s paint? Other products for dissolving asphalt or tar did not cope with this contamination? Fortunately, we have a preparation for you that will most likely help you solve your problem! SOS by KiurLab is a highly effective solvent preparation for local removal of difficult dirt from asphalt, tar, glue, grease and resin.<\/p>\n<p>What is SOS?<\/p>\n<p>If the dirt still does not want to be removed after using Tar and glue remover, you can use a stronger version of the tar and asphalt remover - SOS. This product is intended for spot use. Due to its strong effects and the solvents it contains, SOS should not be applied to plastics, rubber seals or directly to paint. After removing the contamination, the surface should be immediately cleaned with a dedicated agent to avoid damaging it.<\/p>\n<p>Advantages of SOS KiurLab<\/p>\n<ul>\n<li>highly effective \u2013 the preparation is very effective in removing asphalt, tar and other sticky oil-based dirt<\/li>\n<li>versatile and universal - thanks to its properties, SOS finds a number of applications in unique situations, e.g. quickly and effectively removes paint from car paint after the so-called parking lot scraper<\/li>\n<\/ul>\n<p>How to use SOS by KiurLab<\/p>\n<p>SOS is a strong preparation with specialized use. It should be used according to the instructions on the packaging. Remember to ensure good ventilation of the room when working, use gloves, a mask and protective glasses.<\/p>\n<p>Recommendations before use:<\/p>\n<ul>\n<li>The surface on which you will use SOS should be clean and dry<\/li>\n<li>Before use, shake the bottle to mix its contents<\/li>\n<li>Check the effectiveness of the agent on an invisible part of the cleaned surface to eliminate the risk of damaging it<\/li>\n<\/ul>\n<p>How to use SOS KiurLab<\/p>\n<li>Apply the preparation directly to the dirt using a clean microfiber cloth<\/li>\n<li>Wipe the dirt gently with a cloth until it is removed<\/li>\n<li>Avoid long-term contact of the agent with car paint, plastics and other vehicle elements<\/li>\n<li>After removing the contamination, wash the cleaned surface thoroughly to remove any SOS residue<\/li>\n<p>Composition:<\/p>\n<p>n-butyl acetate<\/p>","protected":false},"excerpt":{"rendered":"<p>S.O.S. marki KiurLab \u2013 silny preparat do miejscowego usuwania zanieczyszcze\u0144 bitumicznych Masz problem z pozbyciem si\u0119 z lakieru samochodu zabrudze\u0144 pochodzenia bitumicznego? Inne produkty do rozpuszczania asfaltu lub smo\u0142y nie poradzi\u0142y sobie z tym zanieczyszczeniem? Na szcz\u0119\u015bcie mamy dla Ciebie preparat, kt\u00f3ry najprawdopodobniej pomo\u017ce Ci rozwi\u0105za\u0107 Tw\u00f3j problem! S.O.S. marki KiurLab to wysoce skuteczny preparat&hellip;&nbsp;<a href=\"https:\/\/liquidmaster.pl\/en\/kiurlab-sos-500ml\/\" rel=\"bookmark\">Read More \u00bb<span class=\"screen-reader-text\">Kiurlab SOS 500ml<\/span><\/a><\/p>","protected":false},"featured_media":1848215,"comment_status":"open","ping_status":"open","template":"","meta":{"neve_meta_sidebar":"","neve_meta_container":"","neve_meta_enable_content_width":"","neve_meta_content_width":0,"neve_meta_title_alignment":"","neve_meta_author_avatar":"","neve_post_elements_order":"","neve_meta_disable_header":"","neve_meta_disable_footer":"","neve_meta_disable_title":"","_themeisle_gutenberg_block_has_review":false},"product_brand":[],"product_cat":[743,733,793],"product_tag":[917],"class_list":{"0":"post-1805563","1":"product","2":"type-product","3":"status-publish","4":"has-post-thumbnail","6":"product_cat-dekontaminacja","7":"product_cat-na-zewnatrz","8":"product_cat-usuwanie-smoly-i-kleju","9":"product_tag-kiurlab","11":"first","12":"instock","13":"taxable","14":"shipping-taxable","15":"purchasable","16":"product-type-simple"},"_links":{"self":[{"href":"https:\/\/liquidmaster.pl\/en\/wp-json\/wp\/v2\/product\/1805563","targetHints":{"allow":["GET"]}}],"collection":[{"href":"https:\/\/liquidmaster.pl\/en\/wp-json\/wp\/v2\/product"}],"about":[{"href":"https:\/\/liquidmaster.pl\/en\/wp-json\/wp\/v2\/types\/product"}],"replies":[{"embeddable":true,"href":"https:\/\/liquidmaster.pl\/en\/wp-json\/wp\/v2\/comments?post=1805563"}],"wp:featuredmedia":[{"embeddable":true,"href":"https:\/\/liquidmaster.pl\/en\/wp-json\/wp\/v2\/media\/1848215"}],"wp:attachment":[{"href":"https:\/\/liquidmaster.pl\/en\/wp-json\/wp\/v2\/media?parent=1805563"}],"wp:term":[{"taxonomy":"product_brand","embeddable":true,"href":"https:\/\/liquidmaster.pl\/en\/wp-json\/wp\/v2\/product_brand?post=1805563"},{"taxonomy":"product_cat","embeddable":true,"href":"https:\/\/liquidmaster.pl\/en\/wp-json\/wp\/v2\/product_cat?post=1805563"},{"taxonomy":"product_tag","embeddable":true,"href":"https:\/\/liquidmaster.pl\/en\/wp-json\/wp\/v2\/product_tag?post=1805563"}],"curies":[{"name":"wp","href":"https:\/\/api.w.org\/{rel}","templated":true}]}}