{"id":1805529,"date":"2025-03-28T15:42:27","date_gmt":"2025-03-28T13:42:27","guid":{"rendered":"https:\/\/liquidmaster.pl\/kiurlab-cleasy-500ml-plyn-do-mycia-szyb\/"},"modified":"2026-04-20T08:14:46","modified_gmt":"2026-04-20T06:14:46","slug":"kiurlab-cleasy-500ml-plyn-do-mycia-szyb","status":"publish","type":"product","link":"https:\/\/liquidmaster.pl\/en\/kiurlab-cleasy-500ml-plyn-do-mycia-szyb\/","title":{"rendered":"Kiurlab CLEASY 500ml - Glass Cleaner"},"content":{"rendered":"<p>CLEASY by KiurLab - an effective car glass cleaning fluid<\/p>\n<p>The exceptionally effective KiurLab glass cleaning fluid was developed to meet the growing needs and high requirements of professionals in the car detailing industry. The advanced formula of CLEASY window cleaner guarantees extremely effective cleaning and degreasing of windows, mirrors and other glass surfaces, ensuring their perfect transparency and spotless cleanliness. The liquid spreads perfectly over the surface, leaving no streaks, and evaporates quickly, ensuring instant cleaning results. This is an irreplaceable product for demanding detailers who strive to achieve the perfect appearance of their cars.<\/p>\n<p>Why is it worth using a good quality car glass cleaning fluid?<\/p>\n<p>Cleaning car windows using good quality products is important for several reasons. Firstly, clean windows guarantee better visibility while driving, which is crucial for a safe and comfortable journey. Dirty and greasy windows can cause glare and limit the driver&#039;s field of vision, increasing the risk of an accident. Secondly, clean windows improve the aesthetics of the vehicle, giving it a neat and well-kept appearance. Thirdly, regular cleaning of windows with high-quality products helps keep them in good condition, protecting them against permanent deposition of road pollutants. Thanks to regular use of KiurLab CLEASY window cleaner, all glass surfaces in the car will remain clean and clear.<\/p>\n<p>Advantages of CLEASY glass cleaner by KiurLab<\/p>\n<li>has an advanced recipe - CLEASY effectively penetrates and removes stubborn dirt from glass surfaces, while ensuring safety for the cleaned surface<\/li>\n<li>it is easy to use - our glass cleaning liquid is ready to use without the need for additional dilution. Although the method of application may be similar to other products of this type, the final results are significantly better and more satisfactory<\/li>\n<li>has a pleasant smell - we also made sure that our glass cleaning liquid had a pleasant smell. We are aware of how troublesome it can be to use products with unpleasant aromas, which is why the CLEASY fragrance was created to make working with it pleasant and comfortable.<\/li>\n<p>How to use CLEASY glass cleaner by KiurLab<\/p>\n<p>Before using CLEASY glass cleaner, we recommend that you carefully read the information on the packaging. There are important tips on how to use it and safety measures that are worth keeping in mind<\/p>\n<p>Recommendations before use:<\/p>\n<li>Make sure the surfaces being cleaned are cold<\/li>\n<li>When working with CLEASY liquid, avoid direct sunlight on the cleaned surfaces\u00a0<\/li>\n<li>Before washing, test the effect of the liquid on a small part of the glass to make sure there are no negative effects<\/li>\n<li>Do not allow the product to dry completely on the surface to be cleaned<\/li>\n<li>When using CLEASY, avoid applying the liquid to other surfaces, focusing only on the windows.<\/li>\n<p>How to use CLEASY window cleaner:<\/p>\n<li>Apply the window cleaner onto a microfiber cloth<\/li>\n<li>Spread the preparation evenly on the surface to be cleaned<\/li>\n<li>If necessary, remove any remaining liquid with a second dry microfiber cloth<\/li>\n<li>In case of exceptionally heavy dirt, repeat the steps until you obtain a satisfactory result<\/li>","protected":false},"excerpt":{"rendered":"<p>CLEASY marki KiurLab \u2013 skuteczny p\u0142yn do mycia szyb samochodowych Wyj\u0105tkowo skuteczny p\u0142yn do mycia szyb marki KiurLab, zosta\u0142 opracowany dla zaspokojenia rosn\u0105cych potrzeb i wysokich wymaga\u0144 profesjonalist\u00f3w z bran\u017cy auto detailingu. Zaawansowana formu\u0142a p\u0142ynu do szyb CLEASY gwarantuje niezwykle skuteczne czyszczenie i odt\u0142uszczanie szyb, lusterek oraz innych powierzchni szklanych, zapewniaj\u0105c im idealn\u0105 przejrzysto\u015b\u0107 i&hellip;&nbsp;<a href=\"https:\/\/liquidmaster.pl\/en\/kiurlab-cleasy-500ml-plyn-do-mycia-szyb\/\" rel=\"bookmark\">Read More \u00bb<span class=\"screen-reader-text\">Kiurlab CLEASY 500ml - Glass Cleaner<\/span><\/a><\/p>","protected":false},"featured_media":1848189,"comment_status":"open","ping_status":"open","template":"","meta":{"neve_meta_sidebar":"","neve_meta_container":"","neve_meta_enable_content_width":"","neve_meta_content_width":0,"neve_meta_title_alignment":"","neve_meta_author_avatar":"","neve_post_elements_order":"","neve_meta_disable_header":"","neve_meta_disable_footer":"","neve_meta_disable_title":"","_themeisle_gutenberg_block_has_review":false},"product_brand":[],"product_cat":[733,774,773],"product_tag":[917],"class_list":{"0":"post-1805529","1":"product","2":"type-product","3":"status-publish","4":"has-post-thumbnail","6":"product_cat-na-zewnatrz","7":"product_cat-plyny-do-szyb","8":"product_cat-szyby","9":"product_tag-kiurlab","11":"first","12":"instock","13":"taxable","14":"shipping-taxable","15":"purchasable","16":"product-type-simple"},"_links":{"self":[{"href":"https:\/\/liquidmaster.pl\/en\/wp-json\/wp\/v2\/product\/1805529","targetHints":{"allow":["GET"]}}],"collection":[{"href":"https:\/\/liquidmaster.pl\/en\/wp-json\/wp\/v2\/product"}],"about":[{"href":"https:\/\/liquidmaster.pl\/en\/wp-json\/wp\/v2\/types\/product"}],"replies":[{"embeddable":true,"href":"https:\/\/liquidmaster.pl\/en\/wp-json\/wp\/v2\/comments?post=1805529"}],"wp:featuredmedia":[{"embeddable":true,"href":"https:\/\/liquidmaster.pl\/en\/wp-json\/wp\/v2\/media\/1848189"}],"wp:attachment":[{"href":"https:\/\/liquidmaster.pl\/en\/wp-json\/wp\/v2\/media?parent=1805529"}],"wp:term":[{"taxonomy":"product_brand","embeddable":true,"href":"https:\/\/liquidmaster.pl\/en\/wp-json\/wp\/v2\/product_brand?post=1805529"},{"taxonomy":"product_cat","embeddable":true,"href":"https:\/\/liquidmaster.pl\/en\/wp-json\/wp\/v2\/product_cat?post=1805529"},{"taxonomy":"product_tag","embeddable":true,"href":"https:\/\/liquidmaster.pl\/en\/wp-json\/wp\/v2\/product_tag?post=1805529"}],"curies":[{"name":"wp","href":"https:\/\/api.w.org\/{rel}","templated":true}]}}