{"id":1805491,"date":"2025-03-28T15:40:08","date_gmt":"2025-03-28T13:40:08","guid":{"rendered":"https:\/\/liquidmaster.pl\/cleantle-interior-qd-5l\/"},"modified":"2026-04-18T04:35:16","modified_gmt":"2026-04-18T02:35:16","slug":"cleantle-interior-qd-5l","status":"publish","type":"product","link":"https:\/\/liquidmaster.pl\/en\/cleantle-interior-qd-5l\/","title":{"rendered":"Cleantle Interior QD 5L"},"content":{"rendered":"<\/p>\n<p>Interior QD is a product dedicated to quickly refreshing the interior of a car.<\/p>\n<p>With its help, you can effectively refresh fabric upholstery, leather upholstery, eco-leather, plastic, wooden, vinyl and rubber elements, as well as LCD screens, windows and more.<\/p>\n<p>The product is easily biodegradable.<\/p>\n<ul>\n<li>composition in 98% of natural origin!<\/li>\n<li>does not contain alcohol<\/li>\n<li>cleans and protects surfaces<\/li>\n<li>safe for every surface in the car<\/li>\n<li>antistatic coating<\/li>\n<li>matte finish<\/li>\n<\/ul>\n<p>Smell: Pink Grapefruit scent<\/p>","protected":false},"excerpt":{"rendered":"<p>Interior QD to produkt dedykowany do szybkiego od\u015bwie\u017cenia wn\u0119trza samochodu. Z jego pomoc\u0105 od\u015bwie\u017cysz skutecznie tapicerk\u0119 materia\u0142ow\u0105, tapicerk\u0119 sk\u00f3rzan\u0105, ekosk\u00f3r\u0119, elementy plastikowe, drewniane, winylowe i gumowe, a tak\u017ce ekrany lcd, szyby i inne. Produkt jest \u0142atwo biodegradowalny. sk\u0142ad w 98% pochodzenia naturalnego! nie zawiera alkoholu czy\u015bci i zabezpiecza powierzchnie bezpieczny dla ka\u017cdej powierzchni w samochodzie&hellip;&nbsp;<a href=\"https:\/\/liquidmaster.pl\/en\/cleantle-interior-qd-5l\/\" rel=\"bookmark\">Read More \u00bb<span class=\"screen-reader-text\">Cleantle Interior QD 5L<\/span><\/a><\/p>","protected":false},"featured_media":1848164,"comment_status":"open","ping_status":"open","template":"","meta":{"neve_meta_sidebar":"","neve_meta_container":"","neve_meta_enable_content_width":"","neve_meta_content_width":0,"neve_meta_title_alignment":"","neve_meta_author_avatar":"","neve_post_elements_order":"","neve_meta_disable_header":"","neve_meta_disable_footer":"","neve_meta_disable_title":"","_themeisle_gutenberg_block_has_review":false},"product_brand":[],"product_cat":[803,795,768],"product_tag":[280],"class_list":{"0":"post-1805491","1":"product","2":"type-product","3":"status-publish","4":"has-post-thumbnail","6":"product_cat-interior-qd","7":"product_cat-plastiki-wewnetrzne","8":"product_cat-wnetrze-auta","9":"product_tag-cleantech-cleantle","11":"first","12":"instock","13":"taxable","14":"shipping-taxable","15":"purchasable","16":"product-type-simple"},"_links":{"self":[{"href":"https:\/\/liquidmaster.pl\/en\/wp-json\/wp\/v2\/product\/1805491","targetHints":{"allow":["GET"]}}],"collection":[{"href":"https:\/\/liquidmaster.pl\/en\/wp-json\/wp\/v2\/product"}],"about":[{"href":"https:\/\/liquidmaster.pl\/en\/wp-json\/wp\/v2\/types\/product"}],"replies":[{"embeddable":true,"href":"https:\/\/liquidmaster.pl\/en\/wp-json\/wp\/v2\/comments?post=1805491"}],"wp:featuredmedia":[{"embeddable":true,"href":"https:\/\/liquidmaster.pl\/en\/wp-json\/wp\/v2\/media\/1848164"}],"wp:attachment":[{"href":"https:\/\/liquidmaster.pl\/en\/wp-json\/wp\/v2\/media?parent=1805491"}],"wp:term":[{"taxonomy":"product_brand","embeddable":true,"href":"https:\/\/liquidmaster.pl\/en\/wp-json\/wp\/v2\/product_brand?post=1805491"},{"taxonomy":"product_cat","embeddable":true,"href":"https:\/\/liquidmaster.pl\/en\/wp-json\/wp\/v2\/product_cat?post=1805491"},{"taxonomy":"product_tag","embeddable":true,"href":"https:\/\/liquidmaster.pl\/en\/wp-json\/wp\/v2\/product_tag?post=1805491"}],"curies":[{"name":"wp","href":"https:\/\/api.w.org\/{rel}","templated":true}]}}