{"id":1805479,"date":"2025-03-28T15:38:27","date_gmt":"2025-03-28T13:38:27","guid":{"rendered":"https:\/\/liquidmaster.pl\/colourlock-czarna-szczoteczka\/"},"modified":"2026-04-18T04:35:14","modified_gmt":"2026-04-18T02:35:14","slug":"colourlock-czarna-szczoteczka","status":"publish","type":"product","link":"https:\/\/liquidmaster.pl\/en\/colourlock-czarna-szczoteczka\/","title":{"rendered":"Colourlock Black Toothbrush"},"content":{"rendered":"<p>Colourlock \u2013 black leather cleaning brush<\/p>\n<p class=\"text-justify\">Black leather cleaning brush. Using it, we can gently remove dirt from the following surfaces, e.g. pigmented leather, suede, imitation leather, textiles. The brush has new dimensions (13.5 \u00d7 4.1 cm), which makes it much easier to work with complex applications and prevents your hands from getting tired too quickly. The black Colourlock leather brush allows you to brush suede. The brush can be used in conjunction with Elephant Leather Preserver to enhance the shine of your shoes. The brush was made of beech wood in a German factory in the Black Forest.<\/p>","protected":false},"excerpt":{"rendered":"<p>Colourlock &#8211; szczotka do czyszczenia sk\u00f3ry czarna Czarna szczotka do czyszczenia sk\u00f3ry. U\u017cywaj\u0105c jej delikatnie pozb\u0119dziemy si\u0119 brudu z nast\u0119puj\u0105cych powierzchni np. pigmentowana sk\u00f3ra, zamsz, imitacja sk\u00f3ry, tekstylia. Szczotka cechuje si\u0119 nowymi rozmiarami (13,5&#215;4,1cm) co zdecydowania u\u0142atwia prac\u0119 podczas skomplikowanych aplikacji a tak\u017ce zapobiega zbyt szybkiemu m\u0119czeniu si\u0119 d\u0142oni. Czarna szczotka do sk\u00f3r Colourlock umo\u017cliwia&hellip;&nbsp;<a href=\"https:\/\/liquidmaster.pl\/en\/colourlock-czarna-szczoteczka\/\" rel=\"bookmark\">Read More \u00bb<span class=\"screen-reader-text\">Colourlock Black Toothbrush<\/span><\/a><\/p>","protected":false},"featured_media":1848157,"comment_status":"open","ping_status":"open","template":"","meta":{"neve_meta_sidebar":"","neve_meta_container":"","neve_meta_enable_content_width":"","neve_meta_content_width":0,"neve_meta_title_alignment":"","neve_meta_author_avatar":"","neve_post_elements_order":"","neve_meta_disable_header":"","neve_meta_disable_footer":"","neve_meta_disable_title":"","_themeisle_gutenberg_block_has_review":false},"product_brand":[],"product_cat":[757,851,777],"product_tag":[283],"class_list":{"0":"post-1805479","1":"product","2":"type-product","3":"status-publish","4":"has-post-thumbnail","6":"product_cat-akcesoria","7":"product_cat-do-tapicerki","8":"product_cat-szczotki-i-pedzelki","9":"product_tag-colourlock","11":"first","12":"instock","13":"taxable","14":"shipping-taxable","15":"purchasable","16":"product-type-simple"},"_links":{"self":[{"href":"https:\/\/liquidmaster.pl\/en\/wp-json\/wp\/v2\/product\/1805479","targetHints":{"allow":["GET"]}}],"collection":[{"href":"https:\/\/liquidmaster.pl\/en\/wp-json\/wp\/v2\/product"}],"about":[{"href":"https:\/\/liquidmaster.pl\/en\/wp-json\/wp\/v2\/types\/product"}],"replies":[{"embeddable":true,"href":"https:\/\/liquidmaster.pl\/en\/wp-json\/wp\/v2\/comments?post=1805479"}],"wp:featuredmedia":[{"embeddable":true,"href":"https:\/\/liquidmaster.pl\/en\/wp-json\/wp\/v2\/media\/1848157"}],"wp:attachment":[{"href":"https:\/\/liquidmaster.pl\/en\/wp-json\/wp\/v2\/media?parent=1805479"}],"wp:term":[{"taxonomy":"product_brand","embeddable":true,"href":"https:\/\/liquidmaster.pl\/en\/wp-json\/wp\/v2\/product_brand?post=1805479"},{"taxonomy":"product_cat","embeddable":true,"href":"https:\/\/liquidmaster.pl\/en\/wp-json\/wp\/v2\/product_cat?post=1805479"},{"taxonomy":"product_tag","embeddable":true,"href":"https:\/\/liquidmaster.pl\/en\/wp-json\/wp\/v2\/product_tag?post=1805479"}],"curies":[{"name":"wp","href":"https:\/\/api.w.org\/{rel}","templated":true}]}}