{"id":1805477,"date":"2025-03-28T15:38:27","date_gmt":"2025-03-28T13:38:27","guid":{"rendered":"https:\/\/liquidmaster.pl\/autosol-metal-polish-liquid-250ml-mleczko-do-polerowania-metalu\/"},"modified":"2026-04-18T04:35:14","modified_gmt":"2026-04-18T02:35:14","slug":"autosol-metal-polish-liquid-250ml-mleczko-do-polerowania-metalu","status":"publish","type":"product","link":"https:\/\/liquidmaster.pl\/en\/autosol-metal-polish-liquid-250ml-mleczko-do-polerowania-metalu\/","title":{"rendered":"Autosol Metal Polish Liquid 250ml - Milk for polishing metal"},"content":{"rendered":"<p>Designed for excellent results on all metal surfaces.\u00a0<br style=\"box-sizing: inherit; caret-color: rgb(102, 102, 102); color: rgb(102, 102, 102); font-family: Arial, Helvetica, sans-serif; font-size: 14px;\" \/><br \/>\nHigh-quality polishing ingredients ensure intensive yet gentle cleaning.\u00a0<br style=\"box-sizing: inherit; caret-color: rgb(102, 102, 102); color: rgb(102, 102, 102); font-family: Arial, Helvetica, sans-serif; font-size: 14px;\" \/><br \/>\nQuick and easy to use, it removes oxidation, tarnishing and stains for a perfect finish.\u00a0<br style=\"box-sizing: inherit; caret-color: rgb(102, 102, 102); color: rgb(102, 102, 102); font-family: Arial, Helvetica, sans-serif; font-size: 14px;\" \/><br \/>\nIt also protects against future rust and tarnish.<br style=\"box-sizing: inherit; caret-color: rgb(102, 102, 102); color: rgb(102, 102, 102); font-family: Arial, Helvetica, sans-serif; font-size: 14px;\" \/><br \/>\n<br style=\"box-sizing: inherit; caret-color: rgb(102, 102, 102); color: rgb(102, 102, 102); font-family: Arial, Helvetica, sans-serif; font-size: 14px;\" \/><br \/>\nTips:<br style=\"box-sizing: inherit; caret-color: rgb(102, 102, 102); color: rgb(102, 102, 102); font-family: Arial, Helvetica, sans-serif; font-size: 14px;\" \/><br \/>\nShake well, apply to a soft, clean cloth.\u00a0<br style=\"box-sizing: inherit; caret-color: rgb(102, 102, 102); color: rgb(102, 102, 102); font-family: Arial, Helvetica, sans-serif; font-size: 14px;\" \/><br \/>\nDo not allow AUTOSOL Liquid Metal Polish to dry.\u00a0<br style=\"box-sizing: inherit; caret-color: rgb(102, 102, 102); color: rgb(102, 102, 102); font-family: Arial, Helvetica, sans-serif; font-size: 14px;\" \/><br \/>\nPolish to a mirror finish with a separate, clean, soft and dry cloth.<\/p>\n<p>\u00a0<\/p>\n<p>\u00a0<\/p>","protected":false},"excerpt":{"rendered":"<p>Stworzony z my\u015bl\u0105 o doskona\u0142ych rezultatach na wszystkich powierzchniach metalowych.\u00a0 Wysokiej jako\u015bci sk\u0142adniki poleruj\u0105ce zapewniaj\u0105 intensywne, a jednocze\u015bnie delikatne czyszczenie.\u00a0 Szybki i \u0142atwy w u\u017cyciu, usuwa utlenianie, matowienie i plamy, daj\u0105c doskona\u0142e wyko\u0144czenie.\u00a0 Chroni r\u00f3wnie\u017c przed przysz\u0142\u0105 rdz\u0105 i nalotem. Wskaz\u00f3wki: Dobrze wstrz\u0105\u015bnij, na\u0142\u00f3\u017c na mi\u0119kk\u0105, czyst\u0105 szmatk\u0119.\u00a0 Nie dopu\u015bci\u0107 do wyschni\u0119cia AUTOSOL Liquid Metal&hellip;&nbsp;<a href=\"https:\/\/liquidmaster.pl\/en\/autosol-metal-polish-liquid-250ml-mleczko-do-polerowania-metalu\/\" rel=\"bookmark\">Read More \u00bb<span class=\"screen-reader-text\">Autosol Metal Polish Liquid 250ml - Milk for polishing metal<\/span><\/a><\/p>","protected":false},"featured_media":1848156,"comment_status":"open","ping_status":"open","template":"","meta":{"neve_meta_sidebar":"","neve_meta_container":"","neve_meta_enable_content_width":"","neve_meta_content_width":0,"neve_meta_title_alignment":"","neve_meta_author_avatar":"","neve_post_elements_order":"","neve_meta_disable_header":"","neve_meta_disable_footer":"","neve_meta_disable_title":"","_themeisle_gutenberg_block_has_review":false},"product_brand":[],"product_cat":[836,733,837],"product_tag":[266],"class_list":{"0":"post-1805477","1":"product","2":"type-product","3":"status-publish","4":"has-post-thumbnail","6":"product_cat-elementy-metalowe","7":"product_cat-na-zewnatrz","8":"product_cat-polerowanie-metalu","9":"product_tag-autosol","11":"first","12":"outofstock","13":"taxable","14":"shipping-taxable","15":"purchasable","16":"product-type-simple"},"_links":{"self":[{"href":"https:\/\/liquidmaster.pl\/en\/wp-json\/wp\/v2\/product\/1805477","targetHints":{"allow":["GET"]}}],"collection":[{"href":"https:\/\/liquidmaster.pl\/en\/wp-json\/wp\/v2\/product"}],"about":[{"href":"https:\/\/liquidmaster.pl\/en\/wp-json\/wp\/v2\/types\/product"}],"replies":[{"embeddable":true,"href":"https:\/\/liquidmaster.pl\/en\/wp-json\/wp\/v2\/comments?post=1805477"}],"wp:featuredmedia":[{"embeddable":true,"href":"https:\/\/liquidmaster.pl\/en\/wp-json\/wp\/v2\/media\/1848156"}],"wp:attachment":[{"href":"https:\/\/liquidmaster.pl\/en\/wp-json\/wp\/v2\/media?parent=1805477"}],"wp:term":[{"taxonomy":"product_brand","embeddable":true,"href":"https:\/\/liquidmaster.pl\/en\/wp-json\/wp\/v2\/product_brand?post=1805477"},{"taxonomy":"product_cat","embeddable":true,"href":"https:\/\/liquidmaster.pl\/en\/wp-json\/wp\/v2\/product_cat?post=1805477"},{"taxonomy":"product_tag","embeddable":true,"href":"https:\/\/liquidmaster.pl\/en\/wp-json\/wp\/v2\/product_tag?post=1805477"}],"curies":[{"name":"wp","href":"https:\/\/api.w.org\/{rel}","templated":true}]}}