{"id":1805475,"date":"2025-03-28T15:38:27","date_gmt":"2025-03-28T13:38:27","guid":{"rendered":"https:\/\/liquidmaster.pl\/dodo-juice-royal-plushes-3pcs-bezszwowe-mikrofibry-30x30cm-475gsm\/"},"modified":"2026-04-19T03:22:15","modified_gmt":"2026-04-19T01:22:15","slug":"dodo-juice-royal-plushes-3pcs-bezszwowe-mikrofibry-30x30cm-475gsm","status":"publish","type":"product","link":"https:\/\/liquidmaster.pl\/en\/dodo-juice-royal-plushes-3pcs-bezszwowe-mikrofibry-30x30cm-475gsm\/","title":{"rendered":"Dodo Juice Royal Plushes 3pcs - Seamless Microfiber 30x30cm 475gsm"},"content":{"rendered":"<p>Plush microfiber polishing cloths rarely come better than this one - with soft microfiber bristles at the perfect depth for removing residue without stressing the paint, NO tag (watch out for scratches!) and no edges. That&#039;s right, no edge. Well, at least without seams. This little cloth is suitably edge-free to prevent any seams from damaging the paint.<\/p>\n<p>Our Royal Plush comes in a handy size of 30\u00d730 cm and is also available in an economical triple pack. This has truly become our go-to cloth. Soft enough for any paint finish, yet biting enough to remove stubborn residue. The best all-rounder since Beefy Botham, if you like cricket analogies. If not, you will still be delighted. Oops.<\/p>","protected":false},"excerpt":{"rendered":"<p>Pluszowe \u015bciereczki do polerowania z mikrofibry rzadko s\u0105 lepsze ni\u017c ta &#8211; z mi\u0119kkim w\u0142osiem z mikrofibry o idealnej g\u0142\u0119boko\u015bci do usuwania pozosta\u0142o\u015bci bez obci\u0105\u017cania lakieru, BEZ metki (uwaga na zarysowania!) i bez kraw\u0119dzi. Zgadza si\u0119, bez kraw\u0119dzi. C\u00f3\u017c, przynajmniej bez szw\u00f3w. Ta ma\u0142a \u015bciereczka jest odpowiednio pozbawiona kraw\u0119dzi, aby zapobiec wszelkim szwom niszcz\u0105cym lakier.&hellip;&nbsp;<a href=\"https:\/\/liquidmaster.pl\/en\/dodo-juice-royal-plushes-3pcs-bezszwowe-mikrofibry-30x30cm-475gsm\/\" rel=\"bookmark\">Read More \u00bb<span class=\"screen-reader-text\">Dodo Juice Royal Plushes 3pcs - Seamless Microfiber 30x30cm 475gsm<\/span><\/a><\/p>","protected":false},"featured_media":1848153,"comment_status":"open","ping_status":"open","template":"","meta":{"neve_meta_sidebar":"","neve_meta_container":"","neve_meta_enable_content_width":"","neve_meta_content_width":0,"neve_meta_title_alignment":"","neve_meta_author_avatar":"","neve_post_elements_order":"","neve_meta_disable_header":"","neve_meta_disable_footer":"","neve_meta_disable_title":"","_themeisle_gutenberg_block_has_review":false},"product_brand":[],"product_cat":[757,758,780],"product_tag":[288],"class_list":{"0":"post-1805475","1":"product","2":"type-product","3":"status-publish","4":"has-post-thumbnail","6":"product_cat-akcesoria","7":"product_cat-mikrofibry-i-reczniki","8":"product_cat-pluszowe","9":"product_tag-dodo-juice","11":"first","12":"instock","13":"taxable","14":"shipping-taxable","15":"purchasable","16":"product-type-simple"},"_links":{"self":[{"href":"https:\/\/liquidmaster.pl\/en\/wp-json\/wp\/v2\/product\/1805475","targetHints":{"allow":["GET"]}}],"collection":[{"href":"https:\/\/liquidmaster.pl\/en\/wp-json\/wp\/v2\/product"}],"about":[{"href":"https:\/\/liquidmaster.pl\/en\/wp-json\/wp\/v2\/types\/product"}],"replies":[{"embeddable":true,"href":"https:\/\/liquidmaster.pl\/en\/wp-json\/wp\/v2\/comments?post=1805475"}],"wp:featuredmedia":[{"embeddable":true,"href":"https:\/\/liquidmaster.pl\/en\/wp-json\/wp\/v2\/media\/1848153"}],"wp:attachment":[{"href":"https:\/\/liquidmaster.pl\/en\/wp-json\/wp\/v2\/media?parent=1805475"}],"wp:term":[{"taxonomy":"product_brand","embeddable":true,"href":"https:\/\/liquidmaster.pl\/en\/wp-json\/wp\/v2\/product_brand?post=1805475"},{"taxonomy":"product_cat","embeddable":true,"href":"https:\/\/liquidmaster.pl\/en\/wp-json\/wp\/v2\/product_cat?post=1805475"},{"taxonomy":"product_tag","embeddable":true,"href":"https:\/\/liquidmaster.pl\/en\/wp-json\/wp\/v2\/product_tag?post=1805475"}],"curies":[{"name":"wp","href":"https:\/\/api.w.org\/{rel}","templated":true}]}}