{"id":1805471,"date":"2025-03-28T15:38:05","date_gmt":"2025-03-28T13:38:05","guid":{"rendered":"https:\/\/liquidmaster.pl\/dodo-juice-rag-queens-3pcs-bezszwowe-mikrofibry-40x40cm-380gsm\/"},"modified":"2026-03-01T22:25:58","modified_gmt":"2026-03-01T20:25:58","slug":"dodo-juice-rag-queens-3pcs-bezszwowe-mikrofibry-40x40cm-380gsm","status":"publish","type":"product","link":"https:\/\/liquidmaster.pl\/en\/dodo-juice-rag-queens-3pcs-bezszwowe-mikrofibry-40x40cm-380gsm\/","title":{"rendered":"Dodo Juice Rag Queens 3pcs - Seamless Microfiber 40x40cm 380gsm"},"content":{"rendered":"<p>Is this a polishing cloth? Is this a cleaning cloth? Or maybe to remove paste residue? Rag Queen is what you want it to be, baby... a versatile and economical &quot;general purpose&quot; microfiber with soft, short pile, perfect for removing stubborn residue. Perfect for lapping, polishing or cleaning \u2013 inside or outside the car.<\/p>\n<p>This 40x40 cm cloth is made of 380 g\/m\u00b2 microfiber and is not only edgeless to reduce the risk of paint damage, but also tag-free.<\/p>\n<p>Of course, you can soften the microfibers even further, e.g. Royal Plush (plush) or Fantastic Fur (super-plush), but in most cases there is simply no need. In fact, for at least half of your detailing duties, you won&#039;t want to use a softer or more gentle cloth. Cleaning the interior, wheels, trim, fuel fillers, exhaust pipes\u2026 none of these tasks require delicate microfiber, and in fact, many of them require greater efficiency.<\/p>\n<p>Rag Queen is a good price for a premium 40x40cm edgeless cloth, and even better when purchased in a pack of three.<\/p>\n<p>Absolutely essential for every detailer.<\/p>","protected":false},"excerpt":{"rendered":"<p>Czy jest to \u015bciereczka do polerowania? Czy jest to szmatka do czyszczenia? A mo\u017ce do usuwania pozosta\u0142o\u015bci pasty? Rag Queen jest tym, czym chcesz, kochanie&#8230; wszechstronn\u0105 i ekonomiczn\u0105 mikrofibr\u0105 &#8222;og\u00f3lnego przeznaczenia&#8221;, z mi\u0119kkim, kr\u00f3tkim w\u0142osiem, idealn\u0105 do usuwania uporczywych pozosta\u0142o\u015bci. Idealna do docierania, polerowania lub czyszczenia &#8211; wewn\u0105trz lub na zewn\u0105trz samochodu. Ta \u015bciereczka o&hellip;&nbsp;<a href=\"https:\/\/liquidmaster.pl\/en\/dodo-juice-rag-queens-3pcs-bezszwowe-mikrofibry-40x40cm-380gsm\/\" rel=\"bookmark\">Read More \u00bb<span class=\"screen-reader-text\">Dodo Juice Rag Queens 3pcs - Seamless Microfiber 40x40cm 380gsm<\/span><\/a><\/p>","protected":false},"featured_media":1848152,"comment_status":"open","ping_status":"open","template":"","meta":{"neve_meta_sidebar":"","neve_meta_container":"","neve_meta_enable_content_width":"","neve_meta_content_width":0,"neve_meta_title_alignment":"","neve_meta_author_avatar":"","neve_post_elements_order":"","neve_meta_disable_header":"","neve_meta_disable_footer":"","neve_meta_disable_title":"","_themeisle_gutenberg_block_has_review":false},"product_brand":[],"product_cat":[757,758,798],"product_tag":[288],"class_list":{"0":"post-1805471","1":"product","2":"type-product","3":"status-publish","4":"has-post-thumbnail","6":"product_cat-akcesoria","7":"product_cat-mikrofibry-i-reczniki","8":"product_cat-uniwersalne","9":"product_tag-dodo-juice","11":"first","12":"outofstock","13":"taxable","14":"shipping-taxable","15":"purchasable","16":"product-type-simple"},"_links":{"self":[{"href":"https:\/\/liquidmaster.pl\/en\/wp-json\/wp\/v2\/product\/1805471","targetHints":{"allow":["GET"]}}],"collection":[{"href":"https:\/\/liquidmaster.pl\/en\/wp-json\/wp\/v2\/product"}],"about":[{"href":"https:\/\/liquidmaster.pl\/en\/wp-json\/wp\/v2\/types\/product"}],"replies":[{"embeddable":true,"href":"https:\/\/liquidmaster.pl\/en\/wp-json\/wp\/v2\/comments?post=1805471"}],"wp:featuredmedia":[{"embeddable":true,"href":"https:\/\/liquidmaster.pl\/en\/wp-json\/wp\/v2\/media\/1848152"}],"wp:attachment":[{"href":"https:\/\/liquidmaster.pl\/en\/wp-json\/wp\/v2\/media?parent=1805471"}],"wp:term":[{"taxonomy":"product_brand","embeddable":true,"href":"https:\/\/liquidmaster.pl\/en\/wp-json\/wp\/v2\/product_brand?post=1805471"},{"taxonomy":"product_cat","embeddable":true,"href":"https:\/\/liquidmaster.pl\/en\/wp-json\/wp\/v2\/product_cat?post=1805471"},{"taxonomy":"product_tag","embeddable":true,"href":"https:\/\/liquidmaster.pl\/en\/wp-json\/wp\/v2\/product_tag?post=1805471"}],"curies":[{"name":"wp","href":"https:\/\/api.w.org\/{rel}","templated":true}]}}