{"id":1805466,"date":"2025-03-28T15:38:05","date_gmt":"2025-03-28T13:38:05","guid":{"rendered":"https:\/\/liquidmaster.pl\/odk-sublime-500ml-szampon-samochodowy\/"},"modified":"2026-04-18T04:26:48","modified_gmt":"2026-04-18T02:26:48","slug":"odk-sublime-500ml-szampon-samochodowy","status":"publish","type":"product","link":"https:\/\/liquidmaster.pl\/en\/odk-sublime-500ml-szampon-samochodowy\/","title":{"rendered":"ODK Sublime 500ml - car shampoo"},"content":{"rendered":"<p>ODK Sublime \u2013 a shampoo that gives a high shine and also helps maintain existing wax layers thanks to the unique protective layer it leaves. Sublime is a great conditioning shampoo that cleanses and adds long-lasting protection, it is highly concentrated and has good cleaning power and finish.<\/p>\n<p>Usage:<\/p>\n<li>Use 1 to 4 caps in a 10 liter bucket.<\/li>\n<li>Make sure all shampoo is rinsed from the vehicle and DO NOT allow it to dry on the surface.<\/li>\n<p>Capacity: 500 ml<\/p>","protected":false},"excerpt":{"rendered":"<p>ODK Sublime \u2013 szampon, kt\u00f3ry nadaje wysoki po\u0142ysk, a tak\u017ce pomaga zachowa\u0107 istniej\u0105ce warstwy wosku dzi\u0119ki unikalnej warstwie ochronnej, kt\u00f3r\u0105 pozostawia. Sublime to \u015bwietny szampon piel\u0119gnacyjny, czyszcz\u0105cy i dodaj\u0105cy trwa\u0142ej ochrony, jest wysoce skoncentrowany i ma dobr\u0105 moc czyszczenia, a tak\u017ce wyko\u0144czenie. Spos\u00f3b u\u017cycia: U\u017cyj od 1 do 4 nakr\u0119tek w 10 litrowym wiadrze. Upewnij&hellip;&nbsp;<a href=\"https:\/\/liquidmaster.pl\/en\/odk-sublime-500ml-szampon-samochodowy\/\" rel=\"bookmark\">Read More \u00bb<span class=\"screen-reader-text\">ODK Sublime 500ml - car shampoo<\/span><\/a><\/p>","protected":false},"featured_media":1847311,"comment_status":"open","ping_status":"open","template":"","meta":{"neve_meta_sidebar":"","neve_meta_container":"","neve_meta_enable_content_width":"","neve_meta_content_width":0,"neve_meta_title_alignment":"","neve_meta_author_avatar":"","neve_post_elements_order":"","neve_meta_disable_header":"","neve_meta_disable_footer":"","neve_meta_disable_title":"","_themeisle_gutenberg_block_has_review":false},"product_brand":[],"product_cat":[734,733,740],"product_tag":[337],"class_list":{"0":"post-1805466","1":"product","2":"type-product","3":"status-publish","4":"has-post-thumbnail","6":"product_cat-mycie-i-osuszanie","7":"product_cat-na-zewnatrz","8":"product_cat-szampony-mycie-i-osuszanie","9":"product_tag-odk","11":"first","12":"instock","13":"taxable","14":"shipping-taxable","15":"purchasable","16":"product-type-simple"},"_links":{"self":[{"href":"https:\/\/liquidmaster.pl\/en\/wp-json\/wp\/v2\/product\/1805466","targetHints":{"allow":["GET"]}}],"collection":[{"href":"https:\/\/liquidmaster.pl\/en\/wp-json\/wp\/v2\/product"}],"about":[{"href":"https:\/\/liquidmaster.pl\/en\/wp-json\/wp\/v2\/types\/product"}],"replies":[{"embeddable":true,"href":"https:\/\/liquidmaster.pl\/en\/wp-json\/wp\/v2\/comments?post=1805466"}],"wp:featuredmedia":[{"embeddable":true,"href":"https:\/\/liquidmaster.pl\/en\/wp-json\/wp\/v2\/media\/1847311"}],"wp:attachment":[{"href":"https:\/\/liquidmaster.pl\/en\/wp-json\/wp\/v2\/media?parent=1805466"}],"wp:term":[{"taxonomy":"product_brand","embeddable":true,"href":"https:\/\/liquidmaster.pl\/en\/wp-json\/wp\/v2\/product_brand?post=1805466"},{"taxonomy":"product_cat","embeddable":true,"href":"https:\/\/liquidmaster.pl\/en\/wp-json\/wp\/v2\/product_cat?post=1805466"},{"taxonomy":"product_tag","embeddable":true,"href":"https:\/\/liquidmaster.pl\/en\/wp-json\/wp\/v2\/product_tag?post=1805466"}],"curies":[{"name":"wp","href":"https:\/\/api.w.org\/{rel}","templated":true}]}}