{"id":1805461,"date":"2025-03-28T15:36:49","date_gmt":"2025-03-28T13:36:49","guid":{"rendered":"https:\/\/liquidmaster.pl\/dodo-juice-dish-soap-1l-produkt-do-czyszczenia-felg\/"},"modified":"2026-04-20T08:14:35","modified_gmt":"2026-04-20T06:14:35","slug":"dodo-juice-dish-soap-1l-produkt-do-czyszczenia-felg","status":"publish","type":"product","link":"https:\/\/liquidmaster.pl\/en\/dodo-juice-dish-soap-1l-produkt-do-czyszczenia-felg\/","title":{"rendered":"Dodo Juice Dish Soap 1L - product for cleaning rims"},"content":{"rendered":"<p>Everyone tries to avoid acidic rim cleaners these days, but it&#039;s easy to wrongly assume that &quot;acid-free&quot; or &quot;non-acidic&quot; rim cleaners are completely safe, when in fact they can be extremely corrosive. They can be even stronger than acidic rim cleaners and cause even more damage and destruction to your valuable rims.<\/p>\n<p>Even these color-changing rim cleaners can be a cause for concern, as their purple residue can stain sensitive components if not rinsed off completely.<\/p>\n<p>That&#039;s why we developed a pH-neutral rim cleaner using neutralized salts and strong detergents to create a rim cleaner that is as safe as possible (while still keeping your rims clean). No color change. No weird chemical reactions. Just good, honest (and SAFE!) cleaning.<\/p>\n<p>OK, our Dish Soap won&#039;t renovate rims covered in brake dust or clean them as well as the strongest products on the market, but for regularly cleaned and protected rims or rims with very sensitive finishes (anodized, chrome, etc.) it is the perfect choice.<\/p>\n<p>If the rims cost half the car&#039;s value (as is the case with some show cars) or you have a supercar with high-tech magnesium (or other specialized) rims, why risk cleaning them with the cheapest and worst products available?<\/p>\n<p>It&#039;s better to clean more carefully and gently with Dish Soap than to pay for renovation - or replacement.<\/p>\n<p>Available in a liter, ideal bottle size. Simply rinse the wheels with a pressure washer to remove loose dirt, spray Dish Soap onto the wheel face, spokes, drum and rim, spreading it with a wheel brush if necessary, and then rinse with water. Stubborn tar stains should be removed using a special tar remover such as Tarmageddon. If greater cleaning performance is required, consider using Ferrous Dueller or Deep Purple.<\/p>","protected":false},"excerpt":{"rendered":"<p>W dzisiejszych czasach wszyscy staraj\u0105 si\u0119 unika\u0107 kwasowych \u015brodk\u00f3w do czyszczenia felg, ale \u0142atwo jest b\u0142\u0119dnie za\u0142o\u017cy\u0107, \u017ce &#8222;bezkwasowe&#8221; lub &#8222;niekwa\u015bne&#8221; \u015brodki do czyszczenia felg s\u0105 ca\u0142kowicie bezpieczne, podczas gdy w rzeczywisto\u015bci mog\u0105 one by\u0107 wyj\u0105tkowo \u017cr\u0105ce. Mog\u0105 by\u0107 nawet silniejsze ni\u017c kwasowe \u015brodki do czyszczenia felg i powodowa\u0107 jeszcze wi\u0119ksze uszkodzenia i zniszczenia cennych&hellip;&nbsp;<a href=\"https:\/\/liquidmaster.pl\/en\/dodo-juice-dish-soap-1l-produkt-do-czyszczenia-felg\/\" rel=\"bookmark\">Read More \u00bb<span class=\"screen-reader-text\">Dodo Juice Dish Soap 1L - product for cleaning rims<\/span><\/a><\/p>","protected":false},"featured_media":1848145,"comment_status":"open","ping_status":"open","template":"","meta":{"neve_meta_sidebar":"","neve_meta_container":"","neve_meta_enable_content_width":"","neve_meta_content_width":0,"neve_meta_title_alignment":"","neve_meta_author_avatar":"","neve_post_elements_order":"","neve_meta_disable_header":"","neve_meta_disable_footer":"","neve_meta_disable_title":"","_themeisle_gutenberg_block_has_review":false},"product_brand":[],"product_cat":[746,745,733],"product_tag":[288],"class_list":{"0":"post-1805461","1":"product","2":"type-product","3":"status-publish","4":"has-post-thumbnail","6":"product_cat-czyszczenie-felg","7":"product_cat-kola-i-opony","8":"product_cat-na-zewnatrz","9":"product_tag-dodo-juice","11":"first","12":"outofstock","13":"taxable","14":"shipping-taxable","15":"purchasable","16":"product-type-simple"},"_links":{"self":[{"href":"https:\/\/liquidmaster.pl\/en\/wp-json\/wp\/v2\/product\/1805461","targetHints":{"allow":["GET"]}}],"collection":[{"href":"https:\/\/liquidmaster.pl\/en\/wp-json\/wp\/v2\/product"}],"about":[{"href":"https:\/\/liquidmaster.pl\/en\/wp-json\/wp\/v2\/types\/product"}],"replies":[{"embeddable":true,"href":"https:\/\/liquidmaster.pl\/en\/wp-json\/wp\/v2\/comments?post=1805461"}],"wp:featuredmedia":[{"embeddable":true,"href":"https:\/\/liquidmaster.pl\/en\/wp-json\/wp\/v2\/media\/1848145"}],"wp:attachment":[{"href":"https:\/\/liquidmaster.pl\/en\/wp-json\/wp\/v2\/media?parent=1805461"}],"wp:term":[{"taxonomy":"product_brand","embeddable":true,"href":"https:\/\/liquidmaster.pl\/en\/wp-json\/wp\/v2\/product_brand?post=1805461"},{"taxonomy":"product_cat","embeddable":true,"href":"https:\/\/liquidmaster.pl\/en\/wp-json\/wp\/v2\/product_cat?post=1805461"},{"taxonomy":"product_tag","embeddable":true,"href":"https:\/\/liquidmaster.pl\/en\/wp-json\/wp\/v2\/product_tag?post=1805461"}],"curies":[{"name":"wp","href":"https:\/\/api.w.org\/{rel}","templated":true}]}}