{"id":1805459,"date":"2025-03-28T15:36:49","date_gmt":"2025-03-28T13:36:49","guid":{"rendered":"https:\/\/liquidmaster.pl\/dodo-juice-deep-purple-1l-produkt-do-czyszczenia-felg\/"},"modified":"2026-03-01T22:19:57","modified_gmt":"2026-03-01T20:19:57","slug":"dodo-juice-deep-purple-1l-produkt-do-czyszczenia-felg","status":"publish","type":"product","link":"https:\/\/liquidmaster.pl\/en\/dodo-juice-deep-purple-1l-produkt-do-czyszczenia-felg\/","title":{"rendered":"Dodo Juice Deep Purple 1L - product for cleaning rims"},"content":{"rendered":"<p>Color-changing rim cleaners have been popular for many years because they are pH neutral, effective and produce visible results. There is no longer a need to use &quot;acid-free&quot; corrosive cleaning agents.<\/p>\n<p>However, not all rim cleaners are created equal\u2026<\/p>\n<p>First, the cheaper ones are diluted. So you get less active ingredient, which causes a slower color change and worse final results. It may look attractive at this size and price, but try comparing it to our Deep Purple or Ferrous Dueller iron removers and you&#039;ll soon see the difference.<\/p>\n<p>Secondly, we created a full-spectrum rim cleaner based on our best-selling Ferrous Dueller rim remover. It has been slightly thickened to extend the working time and contains surfactants to remove dirt and road debris. Additionally, we added a bit of solvent to soften the tar stains that plague the wheels, especially in summer. It won&#039;t remove them completely, especially if they&#039;re baked on, but it helps. This means the color change may not be as intense or as quick as Ferrous Dueller as it is a broader formula, but this makes it MUCH more effective for dedicated wheel cleaning tasks.<\/p>\n<p>Available in a liter, ideal bottle size. Simply rinse the wheels with a pressure washer to remove loose dirt, spray Deep Purple onto the wheel face, spokes, drum and rim, redistributing it with a wheel brush if necessary, and then leave for a few minutes for the color to change. Once everything has turned a deep purple, rinse with water - the wheels should now be sparkling clean. If stubborn tar stains remain, remove them with a special tar remover such as Tarmageddon.<\/p>","protected":false},"excerpt":{"rendered":"<p>\u015arodki do czyszczenia felg zmieniaj\u0105ce kolor s\u0105 popularne od wielu lat, poniewa\u017c maj\u0105 neutralne pH, s\u0105 skuteczne i daj\u0105 widoczne rezultaty. Nie ma ju\u017c potrzeby stosowania &#8222;bezkwasowych&#8221; \u017cr\u0105cych \u015brodk\u00f3w czyszcz\u0105cych. Jednak nie wszystkie \u015brodki do czyszczenia felg s\u0105 sobie r\u00f3wne&#8230; Po pierwsze, te ta\u0144sze s\u0105 rozcie\u0144czone. Otrzymujesz wi\u0119c mniej aktywnego sk\u0142adnika, co powoduje wolniejsz\u0105 zmian\u0119&hellip;&nbsp;<a href=\"https:\/\/liquidmaster.pl\/en\/dodo-juice-deep-purple-1l-produkt-do-czyszczenia-felg\/\" rel=\"bookmark\">Read More \u00bb<span class=\"screen-reader-text\">Dodo Juice Deep Purple 1L - product for cleaning rims<\/span><\/a><\/p>","protected":false},"featured_media":1848142,"comment_status":"open","ping_status":"open","template":"","meta":{"neve_meta_sidebar":"","neve_meta_container":"","neve_meta_enable_content_width":"","neve_meta_content_width":0,"neve_meta_title_alignment":"","neve_meta_author_avatar":"","neve_post_elements_order":"","neve_meta_disable_header":"","neve_meta_disable_footer":"","neve_meta_disable_title":"","_themeisle_gutenberg_block_has_review":false},"product_brand":[],"product_cat":[746,745,733],"product_tag":[288],"class_list":{"0":"post-1805459","1":"product","2":"type-product","3":"status-publish","4":"has-post-thumbnail","6":"product_cat-czyszczenie-felg","7":"product_cat-kola-i-opony","8":"product_cat-na-zewnatrz","9":"product_tag-dodo-juice","11":"first","12":"outofstock","13":"taxable","14":"shipping-taxable","15":"purchasable","16":"product-type-simple"},"_links":{"self":[{"href":"https:\/\/liquidmaster.pl\/en\/wp-json\/wp\/v2\/product\/1805459","targetHints":{"allow":["GET"]}}],"collection":[{"href":"https:\/\/liquidmaster.pl\/en\/wp-json\/wp\/v2\/product"}],"about":[{"href":"https:\/\/liquidmaster.pl\/en\/wp-json\/wp\/v2\/types\/product"}],"replies":[{"embeddable":true,"href":"https:\/\/liquidmaster.pl\/en\/wp-json\/wp\/v2\/comments?post=1805459"}],"wp:featuredmedia":[{"embeddable":true,"href":"https:\/\/liquidmaster.pl\/en\/wp-json\/wp\/v2\/media\/1848142"}],"wp:attachment":[{"href":"https:\/\/liquidmaster.pl\/en\/wp-json\/wp\/v2\/media?parent=1805459"}],"wp:term":[{"taxonomy":"product_brand","embeddable":true,"href":"https:\/\/liquidmaster.pl\/en\/wp-json\/wp\/v2\/product_brand?post=1805459"},{"taxonomy":"product_cat","embeddable":true,"href":"https:\/\/liquidmaster.pl\/en\/wp-json\/wp\/v2\/product_cat?post=1805459"},{"taxonomy":"product_tag","embeddable":true,"href":"https:\/\/liquidmaster.pl\/en\/wp-json\/wp\/v2\/product_tag?post=1805459"}],"curies":[{"name":"wp","href":"https:\/\/api.w.org\/{rel}","templated":true}]}}