{"id":1805455,"date":"2025-03-28T15:36:40","date_gmt":"2025-03-28T13:36:40","guid":{"rendered":"https:\/\/liquidmaster.pl\/odk-cabin-500ml-dressing-do-plastikow-satynowe-wykonczenie\/"},"modified":"2026-04-18T04:26:47","modified_gmt":"2026-04-18T02:26:47","slug":"odk-cabin-500ml-dressing-do-plastikow-satynowe-wykonczenie","status":"publish","type":"product","link":"https:\/\/liquidmaster.pl\/en\/odk-cabin-500ml-dressing-do-plastikow-satynowe-wykonczenie\/","title":{"rendered":"ODK Cabin 500ml - plastic dressing satin finish"},"content":{"rendered":"<p>ODK Cabin \u2013 dedicated dressing for interiors, leaving a fresh, satin finish on all interior plastics. Antistatic additives reduce dust accumulation. The fresh scent of cranberries and lime makes using ODK Cabin even more pleasant.<\/p>\n<p>Usage:<\/p>\n<li>Apply ODK Cabin directly to interior plastics or onto a microfiber cloth.<\/li>\n<li>Wipe the surface to remove dust and dirt.<\/li>\n<li>Fold the microfiber cloth onto the clean side and buff any residue to a clean, satin finish.<\/li>\n<p>\u00a0Capacity: 500 ml<\/p>","protected":false},"excerpt":{"rendered":"<p>ODK Cabin \u2013 dedykowany dressing do wn\u0119trz, pozostawiaj\u0105cy \u015bwie\u017ce, satynowe wyko\u0144czenie na wszystkich tworzywach sztucznych wn\u0119trza. Dodatki antystatyczne ograniczaj\u0105 gromadzenie si\u0119 kurzu. \u015awie\u017cy zapach \u017curawiny i limonki sprawia, \u017ce stosowanie ODK Cabin jest jeszcze przyjemniejsze. Spos\u00f3b u\u017cycia: Nanie\u015b\u0107 ODK Cabin bezpo\u015brednio na plastiki wewn\u0119trzne lub na \u015bciereczk\u0119 z mikrofibry. Przetrzyj powierzchni\u0119, usuwaj\u0105c kurz i brud.&hellip;&nbsp;<a href=\"https:\/\/liquidmaster.pl\/en\/odk-cabin-500ml-dressing-do-plastikow-satynowe-wykonczenie\/\" rel=\"bookmark\">Read More \u00bb<span class=\"screen-reader-text\">ODK Cabin 500ml - plastic dressing satin finish<\/span><\/a><\/p>","protected":false},"featured_media":1847301,"comment_status":"open","ping_status":"open","template":"","meta":{"neve_meta_sidebar":"","neve_meta_container":"","neve_meta_enable_content_width":"","neve_meta_content_width":0,"neve_meta_title_alignment":"","neve_meta_author_avatar":"","neve_post_elements_order":"","neve_meta_disable_header":"","neve_meta_disable_footer":"","neve_meta_disable_title":"","_themeisle_gutenberg_block_has_review":false},"product_brand":[],"product_cat":[796,795,768],"product_tag":[337],"class_list":{"0":"post-1805455","1":"product","2":"type-product","3":"status-publish","4":"has-post-thumbnail","6":"product_cat-ochrona-plastikow-wewnetrznych","7":"product_cat-plastiki-wewnetrzne","8":"product_cat-wnetrze-auta","9":"product_tag-odk","10":"pa_promocja-promocje","12":"first","13":"instock","14":"taxable","15":"shipping-taxable","16":"purchasable","17":"product-type-simple"},"_links":{"self":[{"href":"https:\/\/liquidmaster.pl\/en\/wp-json\/wp\/v2\/product\/1805455","targetHints":{"allow":["GET"]}}],"collection":[{"href":"https:\/\/liquidmaster.pl\/en\/wp-json\/wp\/v2\/product"}],"about":[{"href":"https:\/\/liquidmaster.pl\/en\/wp-json\/wp\/v2\/types\/product"}],"replies":[{"embeddable":true,"href":"https:\/\/liquidmaster.pl\/en\/wp-json\/wp\/v2\/comments?post=1805455"}],"wp:featuredmedia":[{"embeddable":true,"href":"https:\/\/liquidmaster.pl\/en\/wp-json\/wp\/v2\/media\/1847301"}],"wp:attachment":[{"href":"https:\/\/liquidmaster.pl\/en\/wp-json\/wp\/v2\/media?parent=1805455"}],"wp:term":[{"taxonomy":"product_brand","embeddable":true,"href":"https:\/\/liquidmaster.pl\/en\/wp-json\/wp\/v2\/product_brand?post=1805455"},{"taxonomy":"product_cat","embeddable":true,"href":"https:\/\/liquidmaster.pl\/en\/wp-json\/wp\/v2\/product_cat?post=1805455"},{"taxonomy":"product_tag","embeddable":true,"href":"https:\/\/liquidmaster.pl\/en\/wp-json\/wp\/v2\/product_tag?post=1805455"}],"curies":[{"name":"wp","href":"https:\/\/api.w.org\/{rel}","templated":true}]}}