{"id":1805453,"date":"2025-03-28T15:36:28","date_gmt":"2025-03-28T13:36:28","guid":{"rendered":"https:\/\/liquidmaster.pl\/dodo-juice-crudzilla-citrus-1l-produkt-do-mycia-wstepnego\/"},"modified":"2026-03-01T22:16:02","modified_gmt":"2026-03-01T20:16:02","slug":"dodo-juice-crudzilla-citrus-1l-produkt-do-mycia-wstepnego","status":"publish","type":"product","link":"https:\/\/liquidmaster.pl\/en\/dodo-juice-crudzilla-citrus-1l-produkt-do-mycia-wstepnego\/","title":{"rendered":"Dodo Juice Crudzilla Citrus 1L - product for pre-washing"},"content":{"rendered":"<p>Traffic Film Removers (TFR) are extremely powerful cleaning agents designed to remove contaminants at the pre-wash stage, making subsequent washing easier and safer. They are also very good at removing old layers of wax or attacking dirt that shampoos cannot address.<\/p>\n<p>Crudzilla is made from a mixture of detergents, citrus solvents and harsh cleaning agents, so there is no doubt about its effectiveness. This is NOT a pH neutral product and may damage existing waxes, sealants and delicate components. So make sure you rinse it thoroughly with water after use, don&#039;t leave it on your nail polish indefinitely and use it with caution.<\/p>\n<p>Available in a ready-to-spray version with a capacity of 1 liter or in an attractively priced 5-liter refill kit.<\/p>","protected":false},"excerpt":{"rendered":"<p>Traffic Film Removers (TFR) to niezwykle silne \u015brodki czyszcz\u0105ce przeznaczone do usuwania zanieczyszcze\u0144 na etapie mycia wst\u0119pnego, dzi\u0119ki czemu p\u00f3\u017aniejszy etap mycia jest \u0142atwiejszy i bezpieczniejszy. S\u0105 r\u00f3wnie\u017c bardzo dobre w usuwaniu starych warstw wosku lub atakowaniu brudu, kt\u00f3rego szampony nie s\u0105 w stanie ruszy\u0107. Crudzilla jest wykonana z mieszanki detergent\u00f3w, rozpuszczalnik\u00f3w cytrusowych i \u017cr\u0105cych&hellip;&nbsp;<a href=\"https:\/\/liquidmaster.pl\/en\/dodo-juice-crudzilla-citrus-1l-produkt-do-mycia-wstepnego\/\" rel=\"bookmark\">Read More \u00bb<span class=\"screen-reader-text\">Dodo Juice Crudzilla Citrus 1L - product for pre-washing<\/span><\/a><\/p>","protected":false},"featured_media":1848138,"comment_status":"open","ping_status":"open","template":"","meta":{"neve_meta_sidebar":"","neve_meta_container":"","neve_meta_enable_content_width":"","neve_meta_content_width":0,"neve_meta_title_alignment":"","neve_meta_author_avatar":"","neve_post_elements_order":"","neve_meta_disable_header":"","neve_meta_disable_footer":"","neve_meta_disable_title":"","_themeisle_gutenberg_block_has_review":false},"product_brand":[],"product_cat":[734,733],"product_tag":[288],"class_list":{"0":"post-1805453","1":"product","2":"type-product","3":"status-publish","4":"has-post-thumbnail","6":"product_cat-mycie-i-osuszanie","7":"product_cat-na-zewnatrz","8":"product_tag-dodo-juice","10":"first","11":"outofstock","12":"taxable","13":"shipping-taxable","14":"purchasable","15":"product-type-simple"},"_links":{"self":[{"href":"https:\/\/liquidmaster.pl\/en\/wp-json\/wp\/v2\/product\/1805453","targetHints":{"allow":["GET"]}}],"collection":[{"href":"https:\/\/liquidmaster.pl\/en\/wp-json\/wp\/v2\/product"}],"about":[{"href":"https:\/\/liquidmaster.pl\/en\/wp-json\/wp\/v2\/types\/product"}],"replies":[{"embeddable":true,"href":"https:\/\/liquidmaster.pl\/en\/wp-json\/wp\/v2\/comments?post=1805453"}],"wp:featuredmedia":[{"embeddable":true,"href":"https:\/\/liquidmaster.pl\/en\/wp-json\/wp\/v2\/media\/1848138"}],"wp:attachment":[{"href":"https:\/\/liquidmaster.pl\/en\/wp-json\/wp\/v2\/media?parent=1805453"}],"wp:term":[{"taxonomy":"product_brand","embeddable":true,"href":"https:\/\/liquidmaster.pl\/en\/wp-json\/wp\/v2\/product_brand?post=1805453"},{"taxonomy":"product_cat","embeddable":true,"href":"https:\/\/liquidmaster.pl\/en\/wp-json\/wp\/v2\/product_cat?post=1805453"},{"taxonomy":"product_tag","embeddable":true,"href":"https:\/\/liquidmaster.pl\/en\/wp-json\/wp\/v2\/product_tag?post=1805453"}],"curies":[{"name":"wp","href":"https:\/\/api.w.org\/{rel}","templated":true}]}}