{"id":1805443,"date":"2025-03-28T15:36:05","date_gmt":"2025-03-28T13:36:05","guid":{"rendered":"https:\/\/liquidmaster.pl\/dodo-juice-fozzie-hair-rekawica-do-mycia-auta\/"},"modified":"2026-03-01T22:08:00","modified_gmt":"2026-03-01T20:08:00","slug":"dodo-juice-fozzie-hair-rekawica-do-mycia-auta","status":"publish","type":"product","link":"https:\/\/liquidmaster.pl\/en\/dodo-juice-fozzie-hair-rekawica-do-mycia-auta\/","title":{"rendered":"Dodo Juice Fozzie Hair - car wash glove"},"content":{"rendered":"<p>Have you ever wanted the comfort of the Dodo Juice Captain Canoodle glove, but with natural bristles? Well, now you can because the Fozzie Hair glove is now available. Where does this name come from? Well, we skinned some Mauppets (these are dolls made in Mauritius) and used their orange and green long fur to make a glove.<\/p>\n<p>When people have used the Wookies Fist glove in the past, some have commented that it can be heavy because it absorbs water and they feel like they are getting a workout while washing their car. The Fozzie doesn&#039;t have this problem because it&#039;s a lightweight, long-pile microfiber glove, but it still carries plenty of wash water and glides easily over paint.<\/p>\n<p>Fozzie is easy to care for, so instead of brushing your mitt before bed or not feeding her after midnight, you can simply wash your vehicle and then throw Fozzie in the laundry along with your towels and microfibers. A great glove for detailers who can&#039;t decide between natural or synthetic gloves.<\/p>\n<p>Comes with a large, elastic black cuff with an embroidered Dodo Juice logo (classic old-style logo).<\/p>","protected":false},"excerpt":{"rendered":"<p>Czy kiedykolwiek chcia\u0142e\u015b mie\u0107 wygod\u0119 r\u0119kawicy Dodo Juice Captain Canoodle, ale z naturalnym w\u0142osiem? C\u00f3\u017c, teraz mo\u017cesz poniewa\u017c r\u0119kawica Fozzie Hair jest ju\u017c dost\u0119pna. Sk\u0105d taka nazwa? C\u00f3\u017c, osk\u00f3rowali\u015bmy kilka Mauppet\u00f3w (s\u0105 to lalki wykonane na Mauritiusie) i u\u017cyli\u015bmy ich pomara\u0144czowego i zielonego d\u0142ugiego futra do wykonania r\u0119kawicy. Kiedy ludzie u\u017cywali r\u0119kawicy Wookies Fist w&hellip;&nbsp;<a href=\"https:\/\/liquidmaster.pl\/en\/dodo-juice-fozzie-hair-rekawica-do-mycia-auta\/\" rel=\"bookmark\">Read More \u00bb<span class=\"screen-reader-text\">Dodo Juice Fozzie Hair - car wash glove<\/span><\/a><\/p>","protected":false},"featured_media":1848130,"comment_status":"open","ping_status":"open","template":"","meta":{"neve_meta_sidebar":"","neve_meta_container":"","neve_meta_enable_content_width":"","neve_meta_content_width":0,"neve_meta_title_alignment":"","neve_meta_author_avatar":"","neve_post_elements_order":"","neve_meta_disable_header":"","neve_meta_disable_footer":"","neve_meta_disable_title":"","_themeisle_gutenberg_block_has_review":false},"product_brand":[],"product_cat":[734,733,764],"product_tag":[288],"class_list":{"0":"post-1805443","1":"product","2":"type-product","3":"status-publish","4":"has-post-thumbnail","6":"product_cat-mycie-i-osuszanie","7":"product_cat-na-zewnatrz","8":"product_cat-rekawice-i-gabki","9":"product_tag-dodo-juice","11":"first","12":"outofstock","13":"taxable","14":"shipping-taxable","15":"purchasable","16":"product-type-simple"},"_links":{"self":[{"href":"https:\/\/liquidmaster.pl\/en\/wp-json\/wp\/v2\/product\/1805443","targetHints":{"allow":["GET"]}}],"collection":[{"href":"https:\/\/liquidmaster.pl\/en\/wp-json\/wp\/v2\/product"}],"about":[{"href":"https:\/\/liquidmaster.pl\/en\/wp-json\/wp\/v2\/types\/product"}],"replies":[{"embeddable":true,"href":"https:\/\/liquidmaster.pl\/en\/wp-json\/wp\/v2\/comments?post=1805443"}],"wp:featuredmedia":[{"embeddable":true,"href":"https:\/\/liquidmaster.pl\/en\/wp-json\/wp\/v2\/media\/1848130"}],"wp:attachment":[{"href":"https:\/\/liquidmaster.pl\/en\/wp-json\/wp\/v2\/media?parent=1805443"}],"wp:term":[{"taxonomy":"product_brand","embeddable":true,"href":"https:\/\/liquidmaster.pl\/en\/wp-json\/wp\/v2\/product_brand?post=1805443"},{"taxonomy":"product_cat","embeddable":true,"href":"https:\/\/liquidmaster.pl\/en\/wp-json\/wp\/v2\/product_cat?post=1805443"},{"taxonomy":"product_tag","embeddable":true,"href":"https:\/\/liquidmaster.pl\/en\/wp-json\/wp\/v2\/product_tag?post=1805443"}],"curies":[{"name":"wp","href":"https:\/\/api.w.org\/{rel}","templated":true}]}}