{"id":1805429,"date":"2025-03-28T15:34:47","date_gmt":"2025-03-28T13:34:47","guid":{"rendered":"https:\/\/liquidmaster.pl\/imao-nuit-a-las-vegas-zawieszka-zapachowa\/"},"modified":"2026-04-20T08:05:12","modified_gmt":"2026-04-20T06:05:12","slug":"imao-nuit-a-las-vegas-zawieszka-zapachowa","status":"publish","type":"product","link":"https:\/\/liquidmaster.pl\/en\/imao-nuit-a-las-vegas-zawieszka-zapachowa\/","title":{"rendered":"Imao Nuit A Las Vegas - scented pendant"},"content":{"rendered":"<p>Imao Nuit a Las Vegas \u2013 Limited Edition<\/p>\n<p>The creators of imao parfums\u00ae take you to an olfactory universe, offering an effervescent fragrance synonymous with joy and light that will accompany and warm you all winter long.<\/p>\n<p>Fragrance notes: bergamot, champagne, orange blossoms, white musk<\/p>","protected":false},"excerpt":{"rendered":"<p>Imao Nuit a Las Vegas \u2013 Edycja Limitowana Tw\u00f3rcy imao parfums\u00ae przenosz\u0105 Ci\u0119 do olfaktorycznego wszech\u015bwiata, proponuj\u0105c musuj\u0105cy zapach, b\u0119d\u0105cy synonimem rado\u015bci i \u015bwiat\u0142a, kt\u00f3ry b\u0119dzie Ci towarzyszy\u0142 i rozgrzewa\u0142 przez ca\u0142\u0105 zim\u0119. Nuty zapachowe: bergamotka, szampan, kwiaty pomara\u0144czy bia\u0142e pi\u017cmo<\/p>","protected":false},"featured_media":1847284,"comment_status":"open","ping_status":"open","template":"","meta":{"neve_meta_sidebar":"","neve_meta_container":"","neve_meta_enable_content_width":"","neve_meta_content_width":0,"neve_meta_title_alignment":"","neve_meta_author_avatar":"","neve_post_elements_order":"","neve_meta_disable_header":"","neve_meta_disable_footer":"","neve_meta_disable_title":"","_themeisle_gutenberg_block_has_review":false},"product_brand":[],"product_cat":[888,801,768],"product_tag":[307],"class_list":{"0":"post-1805429","1":"product","2":"type-product","3":"status-publish","4":"has-post-thumbnail","6":"product_cat-dyfuzory-i-zawieszki","7":"product_cat-odswiezacze-powietrza","8":"product_cat-wnetrze-auta","9":"product_tag-imao","11":"first","12":"instock","13":"taxable","14":"shipping-taxable","15":"purchasable","16":"product-type-simple"},"_links":{"self":[{"href":"https:\/\/liquidmaster.pl\/en\/wp-json\/wp\/v2\/product\/1805429","targetHints":{"allow":["GET"]}}],"collection":[{"href":"https:\/\/liquidmaster.pl\/en\/wp-json\/wp\/v2\/product"}],"about":[{"href":"https:\/\/liquidmaster.pl\/en\/wp-json\/wp\/v2\/types\/product"}],"replies":[{"embeddable":true,"href":"https:\/\/liquidmaster.pl\/en\/wp-json\/wp\/v2\/comments?post=1805429"}],"wp:featuredmedia":[{"embeddable":true,"href":"https:\/\/liquidmaster.pl\/en\/wp-json\/wp\/v2\/media\/1847284"}],"wp:attachment":[{"href":"https:\/\/liquidmaster.pl\/en\/wp-json\/wp\/v2\/media?parent=1805429"}],"wp:term":[{"taxonomy":"product_brand","embeddable":true,"href":"https:\/\/liquidmaster.pl\/en\/wp-json\/wp\/v2\/product_brand?post=1805429"},{"taxonomy":"product_cat","embeddable":true,"href":"https:\/\/liquidmaster.pl\/en\/wp-json\/wp\/v2\/product_cat?post=1805429"},{"taxonomy":"product_tag","embeddable":true,"href":"https:\/\/liquidmaster.pl\/en\/wp-json\/wp\/v2\/product_tag?post=1805429"}],"curies":[{"name":"wp","href":"https:\/\/api.w.org\/{rel}","templated":true}]}}