{"id":1805417,"date":"2025-03-28T15:34:11","date_gmt":"2025-03-28T13:34:11","guid":{"rendered":"https:\/\/liquidmaster.pl\/mirka-abralon-125mm-gradacja-180-krazek-scierny\/"},"modified":"2026-04-19T03:22:08","modified_gmt":"2026-04-19T01:22:08","slug":"mirka-abralon-125mm-gradacja-180-krazek-scierny","status":"publish","type":"product","link":"https:\/\/liquidmaster.pl\/en\/mirka-abralon-125mm-gradacja-180-krazek-scierny\/","title":{"rendered":"Mirka Abralon 125mm grit 180 - abrasive disc"},"content":{"rendered":"<p>Abralon\u00ae jest unikalnym, wielofunkcyjnym, opatentowanym materia\u0142em\u00a0\u015bciernym opracowanym z my\u015bl\u0105 o szlifowaniu powierzchni p\u0142askich i profilowanych. Pozostawia powierzchni\u0119 g\u0142adk\u0105, jednocze\u015bnie minimalizuj\u0105c ryzyko powstania przeszlifowa\u0144 w obszarach profilowanych i za\u0142amaniach.<\/p>\n<p>Materia\u0142y\u00a0\u015bcierne Abralon\u00ae s\u0105 w\u0142a\u015bciwym produktem dla przemys\u0142u samochodowego i stoczniowego. Elastyczny splot pod\u0142o\u017ca z \u0142atwo\u015bci\u0105 przepuszcza wod\u0119 i powietrze, dzi\u0119ki czemu produkt nadaje si\u0119 do szlifowania zar\u00f3wno na mokro, jak i na sucho przy u\u017cyciu narz\u0119dzi r\u0119cznych lub mechanicznych.<\/p>\n<p>Ziarno \u015bcierne: W\u0119glik krzemu<br \/>\nWi\u0105zanie: Specjalny rodzaj \u017cywicy<br \/>\nPod\u0142o\u017ce: Dzianina na piance<br \/>\nGranulation: 180<\/p>\n<p>Characteristics:<\/p>\n<ul>\n<li>Ekstremalna elastyczno\u015b\u0107<\/li>\n<li>D\u0142u\u017csza \u017cywotno\u015b\u0107<\/li>\n<\/ul>","protected":false},"excerpt":{"rendered":"<p>Abralon\u00ae jest unikalnym, wielofunkcyjnym, opatentowanym materia\u0142em\u00a0\u015bciernym opracowanym z my\u015bl\u0105 o szlifowaniu powierzchni p\u0142askich i profilowanych. Pozostawia powierzchni\u0119 g\u0142adk\u0105, jednocze\u015bnie minimalizuj\u0105c ryzyko powstania przeszlifowa\u0144 w obszarach profilowanych i za\u0142amaniach. Materia\u0142y\u00a0\u015bcierne Abralon\u00ae s\u0105 w\u0142a\u015bciwym produktem dla przemys\u0142u samochodowego i stoczniowego. Elastyczny splot pod\u0142o\u017ca z \u0142atwo\u015bci\u0105 przepuszcza wod\u0119 i powietrze, dzi\u0119ki czemu produkt nadaje si\u0119 do szlifowania zar\u00f3wno&hellip;&nbsp;<a href=\"https:\/\/liquidmaster.pl\/en\/mirka-abralon-125mm-gradacja-180-krazek-scierny\/\" rel=\"bookmark\">Read More \u00bb<span class=\"screen-reader-text\">Mirka Abralon 125mm grit 180 - abrasive disc<\/span><\/a><\/p>","protected":false},"featured_media":1848111,"comment_status":"open","ping_status":"open","template":"","meta":{"neve_meta_sidebar":"","neve_meta_container":"","neve_meta_enable_content_width":"","neve_meta_content_width":0,"neve_meta_title_alignment":"","neve_meta_author_avatar":"","neve_post_elements_order":"","neve_meta_disable_header":"","neve_meta_disable_footer":"","neve_meta_disable_title":"","_themeisle_gutenberg_block_has_review":false},"product_brand":[],"product_cat":[876,748,874],"product_tag":[325],"class_list":{"0":"post-1805417","1":"product","2":"type-product","3":"status-publish","4":"has-post-thumbnail","6":"product_cat-papiery","7":"product_cat-polerowanie","8":"product_cat-wet-sanding","9":"product_tag-mirka","11":"first","12":"instock","13":"taxable","14":"shipping-taxable","15":"purchasable","16":"product-type-simple"},"_links":{"self":[{"href":"https:\/\/liquidmaster.pl\/en\/wp-json\/wp\/v2\/product\/1805417","targetHints":{"allow":["GET"]}}],"collection":[{"href":"https:\/\/liquidmaster.pl\/en\/wp-json\/wp\/v2\/product"}],"about":[{"href":"https:\/\/liquidmaster.pl\/en\/wp-json\/wp\/v2\/types\/product"}],"replies":[{"embeddable":true,"href":"https:\/\/liquidmaster.pl\/en\/wp-json\/wp\/v2\/comments?post=1805417"}],"wp:featuredmedia":[{"embeddable":true,"href":"https:\/\/liquidmaster.pl\/en\/wp-json\/wp\/v2\/media\/1848111"}],"wp:attachment":[{"href":"https:\/\/liquidmaster.pl\/en\/wp-json\/wp\/v2\/media?parent=1805417"}],"wp:term":[{"taxonomy":"product_brand","embeddable":true,"href":"https:\/\/liquidmaster.pl\/en\/wp-json\/wp\/v2\/product_brand?post=1805417"},{"taxonomy":"product_cat","embeddable":true,"href":"https:\/\/liquidmaster.pl\/en\/wp-json\/wp\/v2\/product_cat?post=1805417"},{"taxonomy":"product_tag","embeddable":true,"href":"https:\/\/liquidmaster.pl\/en\/wp-json\/wp\/v2\/product_tag?post=1805417"}],"curies":[{"name":"wp","href":"https:\/\/api.w.org\/{rel}","templated":true}]}}