{"id":1805401,"date":"2025-03-28T15:32:28","date_gmt":"2025-03-28T13:32:28","guid":{"rendered":"https:\/\/liquidmaster.pl\/ultracoat-iron-hunter-5l\/"},"modified":"2026-04-20T08:14:25","modified_gmt":"2026-04-20T06:14:25","slug":"ultracoat-iron-hunter-5l","status":"publish","type":"product","link":"https:\/\/liquidmaster.pl\/en\/ultracoat-iron-hunter-5l-deironizer-do-felg\/","title":{"rendered":"Ultracoat Iron Hunter 5L &#8211; deironizer do felg"},"content":{"rendered":"<p>Iron Hunter to gotowy do u\u017cycia preparat stworzony do usuwania cz\u0105steczek metalicznych oraz lotnej rdzy z powierzchni lakieru i felg. Dzi\u0119ki p\u0142ynnej, a zarazem lepkiej konsystencji, produkt zapewnia wyj\u0105tkow\u0105 wygod\u0119 pracy i d\u0142ugi czas dzia\u0142ania, bez obaw o szybkie wysychanie na powierzchni.<\/p>\n<p>Po aplikacji Iron Hunter natychmiast reaguje z zanieczyszczeniami metalicznymi, co mo\u017cna \u0142atwo zauwa\u017cy\u0107 po charakterystycznym, intensywnym zaczerwienieniu powierzchni. Proces ten pozwala na skuteczne rozpuszczenie i bezpieczne usuni\u0119cie zanieczyszcze\u0144, pozostawiaj\u0105c powierzchni\u0119 czyst\u0105 i przygotowan\u0105 do kolejnych etap\u00f3w piel\u0119gnacji.<\/p>\n<p>Formu\u0142a o neutralnym pH sprawia, \u017ce Iron Hunter jest w pe\u0142ni bezpieczny dla wszystkich rodzaj\u00f3w felg, lakier\u00f3w oraz pow\u0142ok ochronnych, takich jak twarde woski i pow\u0142oki ceramiczne. Zastosowane mi\u0119towe nuty zapachowe skutecznie niweluj\u0105 charakterystyczny, nieprzyjemny zapach typowy dla produkt\u00f3w tego typu, czyni\u0105c prac\u0119 z nim znacznie przyjemniejsz\u0105.<\/p>\n<p>The most important features:<\/p>\n<ul>\n<li>Gotowy do u\u017cycia \u2013 bez potrzeby rozcie\u0144czania<\/li>\n<li>Skutecznie usuwa py\u0142 metaliczny i lotn\u0105 rdz\u0119<\/li>\n<li>P\u0142ynna, lecz lepka konsystencja \u2013 idealna przy czyszczeniu felg i lakieru<\/li>\n<li>Wolne zasychanie = d\u0142u\u017cszy czas dzia\u0142ania<\/li>\n<li>Neutralne pH \u2013 bezpieczny dla pow\u0142ok, wosk\u00f3w i lakier\u00f3w<\/li>\n<li>Mi\u0119towy zapach maskuj\u0105cy nieprzyjemne aromaty reakcji chemicznej<\/li>\n<\/ul>\n<p>Application:<\/p>\n<ul>\n<li>Chemiczna dekontaminacja lakieru i felg<\/li>\n<li>Regularna piel\u0119gnacja powierzchni nara\u017conych na zanieczyszczenia metaliczne<\/li>\n<\/ul>\n<p>Usage:<\/p>\n<li>Umyj powierzchni\u0119 wst\u0119pnie z brudu i kurzu.<\/li>\n<li>Rozpyl Iron Hunter r\u00f3wnomiernie na ch\u0142odn\u0105 powierzchni\u0119.<\/li>\n<li>Pozostaw na kilka minut \u2013 do momentu wyst\u0105pienia efektu \u201ekrwawienia\u201d.<\/li>\n<li>W razie potrzeby rozprowad\u017a produkt p\u0119dzelkiem lub g\u0105bk\u0105.<\/li>\n<li>Rinse thoroughly with water under pressure.<\/li>\n<p>Capacity: 5 L<\/p>","protected":false},"excerpt":{"rendered":"<p>Iron Hunter to gotowy do u\u017cycia preparat stworzony do usuwania cz\u0105steczek metalicznych oraz lotnej rdzy z powierzchni lakieru i felg. Dzi\u0119ki p\u0142ynnej, a zarazem lepkiej konsystencji, produkt zapewnia wyj\u0105tkow\u0105 wygod\u0119 pracy i d\u0142ugi czas dzia\u0142ania, bez obaw o szybkie wysychanie na powierzchni. Po aplikacji Iron Hunter natychmiast reaguje z zanieczyszczeniami metalicznymi, co mo\u017cna \u0142atwo zauwa\u017cy\u0107&hellip;&nbsp;<a href=\"https:\/\/liquidmaster.pl\/en\/ultracoat-iron-hunter-5l-deironizer-do-felg\/\" rel=\"bookmark\">Read More \u00bb<span class=\"screen-reader-text\">Ultracoat Iron Hunter 5L &#8211; deironizer do felg<\/span><\/a><\/p>","protected":false},"featured_media":1848100,"comment_status":"open","ping_status":"open","template":"","meta":{"neve_meta_sidebar":"","neve_meta_container":"","neve_meta_enable_content_width":"","neve_meta_content_width":0,"neve_meta_title_alignment":"","neve_meta_author_avatar":"","neve_post_elements_order":"","neve_meta_disable_header":"","neve_meta_disable_footer":"","neve_meta_disable_title":"","_themeisle_gutenberg_block_has_review":false},"product_brand":[],"product_cat":[744,743,733],"product_tag":[372],"class_list":{"0":"post-1805401","1":"product","2":"type-product","3":"status-publish","4":"has-post-thumbnail","6":"product_cat-deironizacja","7":"product_cat-dekontaminacja","8":"product_cat-na-zewnatrz","9":"product_tag-ultracoat","11":"first","12":"instock","13":"taxable","14":"shipping-taxable","15":"purchasable","16":"product-type-simple"},"_links":{"self":[{"href":"https:\/\/liquidmaster.pl\/en\/wp-json\/wp\/v2\/product\/1805401","targetHints":{"allow":["GET"]}}],"collection":[{"href":"https:\/\/liquidmaster.pl\/en\/wp-json\/wp\/v2\/product"}],"about":[{"href":"https:\/\/liquidmaster.pl\/en\/wp-json\/wp\/v2\/types\/product"}],"replies":[{"embeddable":true,"href":"https:\/\/liquidmaster.pl\/en\/wp-json\/wp\/v2\/comments?post=1805401"}],"wp:featuredmedia":[{"embeddable":true,"href":"https:\/\/liquidmaster.pl\/en\/wp-json\/wp\/v2\/media\/1848100"}],"wp:attachment":[{"href":"https:\/\/liquidmaster.pl\/en\/wp-json\/wp\/v2\/media?parent=1805401"}],"wp:term":[{"taxonomy":"product_brand","embeddable":true,"href":"https:\/\/liquidmaster.pl\/en\/wp-json\/wp\/v2\/product_brand?post=1805401"},{"taxonomy":"product_cat","embeddable":true,"href":"https:\/\/liquidmaster.pl\/en\/wp-json\/wp\/v2\/product_cat?post=1805401"},{"taxonomy":"product_tag","embeddable":true,"href":"https:\/\/liquidmaster.pl\/en\/wp-json\/wp\/v2\/product_tag?post=1805401"}],"curies":[{"name":"wp","href":"https:\/\/api.w.org\/{rel}","templated":true}]}}