{"id":1805387,"date":"2025-03-28T15:32:04","date_gmt":"2025-03-28T13:32:04","guid":{"rendered":"https:\/\/liquidmaster.pl\/odk-billet-jars-gray-100ml-wosk-hybrydowy\/"},"modified":"2026-04-18T04:26:43","modified_gmt":"2026-04-18T02:26:43","slug":"odk-billet-jars-gray-100ml-wosk-hybrydowy","status":"publish","type":"product","link":"https:\/\/liquidmaster.pl\/en\/odk-billet-jars-gray-100ml-wosk-hybrydowy\/","title":{"rendered":"ODK Billet Jars Gray 100ml - hybrid wax"},"content":{"rendered":"<p>ODK Wax Billet \u2013 contains a high-quality, exclusive blend of carnauba wax in an exclusive jar. The wax mixture is a high-performance hybrid wax, perfect for any season! The high content of carnauba combined with paraffin, montan and natural oils provides a deep finish with a stunning shine and a hydrophobic effect. Long-lasting protection thanks to three polymers. Natural color with a sweet scent.<\/p>\n<p>Capacity: 100 ml<\/p>","protected":false},"excerpt":{"rendered":"<p>ODK Wax Billet \u2013 zawiera wysokiej jako\u015bci ekskluzywn\u0105 mieszank\u0119 wosku Carnauba w ekskluzywnym s\u0142oiku. Mieszanka wosk\u00f3w to wysokowydajny wosk hybrydowy, idealny na ka\u017cd\u0105 por\u0119 roku! Wysoka zawarto\u015b\u0107 carnauby w po\u0142\u0105czeniu z parafin\u0105 i montanem oraz naturalnymi olejami zapewnia g\u0142\u0119bokie wyko\u0144czenie z osza\u0142amiaj\u0105cym po\u0142yskiem i efektem hydrofobowym. D\u0142ugotrwa\u0142a ochrona dzi\u0119ki trzem polimerom. Naturalny kolor o s\u0142odkim&hellip;&nbsp;<a href=\"https:\/\/liquidmaster.pl\/en\/odk-billet-jars-gray-100ml-wosk-hybrydowy\/\" rel=\"bookmark\">Read More \u00bb<span class=\"screen-reader-text\">ODK Billet Jars Gray 100ml - hybrid wax<\/span><\/a><\/p>","protected":false},"featured_media":1847257,"comment_status":"open","ping_status":"open","template":"","meta":{"neve_meta_sidebar":"","neve_meta_container":"","neve_meta_enable_content_width":"","neve_meta_content_width":0,"neve_meta_title_alignment":"","neve_meta_author_avatar":"","neve_post_elements_order":"","neve_meta_disable_header":"","neve_meta_disable_footer":"","neve_meta_disable_title":"","_themeisle_gutenberg_block_has_review":false},"product_brand":[],"product_cat":[733,766,788],"product_tag":[337],"class_list":{"0":"post-1805387","1":"product","2":"type-product","3":"status-publish","4":"has-post-thumbnail","6":"product_cat-na-zewnatrz","7":"product_cat-ochrona-lakieru","8":"product_cat-woski","9":"product_tag-odk","11":"first","12":"instock","13":"taxable","14":"shipping-taxable","15":"purchasable","16":"product-type-simple"},"_links":{"self":[{"href":"https:\/\/liquidmaster.pl\/en\/wp-json\/wp\/v2\/product\/1805387","targetHints":{"allow":["GET"]}}],"collection":[{"href":"https:\/\/liquidmaster.pl\/en\/wp-json\/wp\/v2\/product"}],"about":[{"href":"https:\/\/liquidmaster.pl\/en\/wp-json\/wp\/v2\/types\/product"}],"replies":[{"embeddable":true,"href":"https:\/\/liquidmaster.pl\/en\/wp-json\/wp\/v2\/comments?post=1805387"}],"wp:featuredmedia":[{"embeddable":true,"href":"https:\/\/liquidmaster.pl\/en\/wp-json\/wp\/v2\/media\/1847257"}],"wp:attachment":[{"href":"https:\/\/liquidmaster.pl\/en\/wp-json\/wp\/v2\/media?parent=1805387"}],"wp:term":[{"taxonomy":"product_brand","embeddable":true,"href":"https:\/\/liquidmaster.pl\/en\/wp-json\/wp\/v2\/product_brand?post=1805387"},{"taxonomy":"product_cat","embeddable":true,"href":"https:\/\/liquidmaster.pl\/en\/wp-json\/wp\/v2\/product_cat?post=1805387"},{"taxonomy":"product_tag","embeddable":true,"href":"https:\/\/liquidmaster.pl\/en\/wp-json\/wp\/v2\/product_tag?post=1805387"}],"curies":[{"name":"wp","href":"https:\/\/api.w.org\/{rel}","templated":true}]}}