{"id":1805357,"date":"2025-03-28T15:28:49","date_gmt":"2025-03-28T13:28:49","guid":{"rendered":"https:\/\/liquidmaster.pl\/deturner-glass-5l-plyn-do-mycia-szyb\/"},"modified":"2026-04-18T04:34:56","modified_gmt":"2026-04-18T02:34:56","slug":"deturner-glass-5l-plyn-do-mycia-szyb","status":"publish","type":"product","link":"https:\/\/liquidmaster.pl\/en\/deturner-glass-5l-plyn-do-mycia-szyb\/","title":{"rendered":"Deturner GLASS 5L \u2013 glass cleaning liquid"},"content":{"rendered":"<p dir=\"ltr\">Deturner GLASS \u2013 Glass Cleaner<\/p>\n<p dir=\"ltr\">An effective and ready-made glass cleaner with high degreasing properties. Removes tobacco deposits, road dirt, fingerprints, insects and water spots. It does not leave streaks or stains, so it is easy and hassle-free to use. And the added glide during cleaning allows the microfiber to move more easily as it removes debris.<\/p>\n<p dir=\"ltr\">Usage:<\/p>\n<ul>\n<li aria-level=\"1\" dir=\"ltr\">\n<p dir=\"ltr\" role=\"presentation\">Using gloves when cleaning minimizes the transfer of grease from your hands.<\/p>\n<\/li>\n<li aria-level=\"1\" dir=\"ltr\">\n<p dir=\"ltr\" role=\"presentation\">Spray the surface to be cleaned or apply the product directly to the microfiber. We recommend using waffle microfibers - preferably two.<\/p>\n<\/li>\n<li aria-level=\"1\" dir=\"ltr\">\n<p dir=\"ltr\" role=\"presentation\">Clean the glass surface in small areas.<\/p>\n<\/li>\n<li aria-level=\"1\" dir=\"ltr\">\n<p dir=\"ltr\" role=\"presentation\">After the product evaporates, polish the surface with a second dry microfiber cloth.<\/p>\n<\/li>\n<li aria-level=\"1\" dir=\"ltr\">\n<p dir=\"ltr\" role=\"presentation\">If any dirt remains, repeat the cleaning process.<\/p>\n<\/li>\n<\/ul>","protected":false},"excerpt":{"rendered":"<p>Deturner GLASS \u2013 Glass Cleaner Skuteczny i gotowy p\u0142yn do mycia szyb o wysokich w\u0142a\u015bciwo\u015bciach odt\u0142uszczaj\u0105cych. Usuwa osady z tytoniu, brud drogowy, odciski palc\u00f3w, owady oraz water spoty. Nie pozostawia smug i zaciek\u00f3w, dlatego jest \u0142atwy i bezproblemowy w u\u017cyciu. A dodatkowy po\u015blizg podczas czyszczenia pozwala \u0142atwiej przesuwa\u0107 mikrofibr\u0119 w trakcie usuwania zanieczyszcze\u0144. Spos\u00f3b u\u017cycia:&hellip;&nbsp;<a href=\"https:\/\/liquidmaster.pl\/en\/deturner-glass-5l-plyn-do-mycia-szyb\/\" rel=\"bookmark\">Read More \u00bb<span class=\"screen-reader-text\">Deturner GLASS 5L \u2013 glass cleaning liquid<\/span><\/a><\/p>","protected":false},"featured_media":1848073,"comment_status":"open","ping_status":"open","template":"","meta":{"neve_meta_sidebar":"","neve_meta_container":"","neve_meta_enable_content_width":"","neve_meta_content_width":0,"neve_meta_title_alignment":"","neve_meta_author_avatar":"","neve_post_elements_order":"","neve_meta_disable_header":"","neve_meta_disable_footer":"","neve_meta_disable_title":"","_themeisle_gutenberg_block_has_review":false},"product_brand":[],"product_cat":[733,774,773],"product_tag":[287],"class_list":{"0":"post-1805357","1":"product","2":"type-product","3":"status-publish","4":"has-post-thumbnail","6":"product_cat-na-zewnatrz","7":"product_cat-plyny-do-szyb","8":"product_cat-szyby","9":"product_tag-deturner","11":"first","12":"instock","13":"taxable","14":"shipping-taxable","15":"purchasable","16":"product-type-simple"},"_links":{"self":[{"href":"https:\/\/liquidmaster.pl\/en\/wp-json\/wp\/v2\/product\/1805357","targetHints":{"allow":["GET"]}}],"collection":[{"href":"https:\/\/liquidmaster.pl\/en\/wp-json\/wp\/v2\/product"}],"about":[{"href":"https:\/\/liquidmaster.pl\/en\/wp-json\/wp\/v2\/types\/product"}],"replies":[{"embeddable":true,"href":"https:\/\/liquidmaster.pl\/en\/wp-json\/wp\/v2\/comments?post=1805357"}],"wp:featuredmedia":[{"embeddable":true,"href":"https:\/\/liquidmaster.pl\/en\/wp-json\/wp\/v2\/media\/1848073"}],"wp:attachment":[{"href":"https:\/\/liquidmaster.pl\/en\/wp-json\/wp\/v2\/media?parent=1805357"}],"wp:term":[{"taxonomy":"product_brand","embeddable":true,"href":"https:\/\/liquidmaster.pl\/en\/wp-json\/wp\/v2\/product_brand?post=1805357"},{"taxonomy":"product_cat","embeddable":true,"href":"https:\/\/liquidmaster.pl\/en\/wp-json\/wp\/v2\/product_cat?post=1805357"},{"taxonomy":"product_tag","embeddable":true,"href":"https:\/\/liquidmaster.pl\/en\/wp-json\/wp\/v2\/product_tag?post=1805357"}],"curies":[{"name":"wp","href":"https:\/\/api.w.org\/{rel}","templated":true}]}}